{"id":3789,"date":"2021-09-22T11:53:14","date_gmt":"2021-09-22T10:53:14","guid":{"rendered":"https:\/\/twplguk.wpengine.com\/feedback-do-site\/"},"modified":"2021-10-04T16:30:34","modified_gmt":"2021-10-04T15:30:34","slug":"feedback-do-site","status":"publish","type":"page","link":"https:\/\/www.twpl.com\/pt-br\/feedback-do-site\/","title":{"rendered":"Feedback do site"},"content":{"rendered":"\t\t<div data-elementor-type=\"wp-page\" data-elementor-id=\"3789\" class=\"elementor elementor-3789\" data-elementor-post-type=\"page\">\n\t\t\t\t\t\t<section class=\"elementor-section elementor-top-section elementor-element elementor-element-8935d3d elementor-section-height-min-height elementor-section-boxed elementor-section-height-default elementor-section-items-middle\" data-id=\"8935d3d\" data-element_type=\"section\" data-e-type=\"section\" data-settings=\"{&quot;background_background&quot;:&quot;classic&quot;}\">\n\t\t\t\t\t\t\t<div class=\"elementor-background-overlay\"><\/div>\n\t\t\t\t\t\t\t<div class=\"elementor-container elementor-column-gap-default\">\n\t\t\t\t\t<div class=\"elementor-column elementor-col-100 elementor-top-column elementor-element elementor-element-4a27c1d\" data-id=\"4a27c1d\" data-element_type=\"column\" data-e-type=\"column\">\n\t\t\t<div class=\"elementor-widget-wrap elementor-element-populated\">\n\t\t\t\t\t\t<section class=\"elementor-section elementor-inner-section elementor-element elementor-element-ecd34c9 elementor-section-boxed elementor-section-height-default elementor-section-height-default\" data-id=\"ecd34c9\" data-element_type=\"section\" data-e-type=\"section\">\n\t\t\t\t\t\t<div class=\"elementor-container elementor-column-gap-default\">\n\t\t\t\t\t<div class=\"elementor-column elementor-col-100 elementor-inner-column elementor-element elementor-element-5258415\" data-id=\"5258415\" data-element_type=\"column\" data-e-type=\"column\">\n\t\t\t<div class=\"elementor-widget-wrap elementor-element-populated\">\n\t\t\t\t\t\t<div class=\"elementor-element elementor-element-fcf9c66 elementor-widget elementor-widget-heading\" data-id=\"fcf9c66\" data-element_type=\"widget\" data-e-type=\"widget\" data-widget_type=\"heading.default\">\n\t\t\t\t<div class=\"elementor-widget-container\">\n\t\t\t\t\t<h1 class=\"elementor-heading-title elementor-size-default\">Obrigado por visitar o nosso novo site<\/h1>\t\t\t\t<\/div>\n\t\t\t\t<\/div>\n\t\t\t\t<div class=\"elementor-element elementor-element-5132f92 elementor-widget elementor-widget-text-editor\" data-id=\"5132f92\" data-element_type=\"widget\" data-e-type=\"widget\" data-widget_type=\"text-editor.default\">\n\t\t\t\t<div class=\"elementor-widget-container\">\n\t\t\t\t\t\t\t\t\t<p>Adorar\u00edamos saber o que voc\u00ea pensa<\/p>\n<p>Preencha nosso breve question\u00e1rio abaixo e tamb\u00e9m o inscreveremos em nosso sorteio para ganhar uma das 10 c\u00f3pias de nosso Guia SAMP. <\/p>\n\t\t\t\t\t\t\t\t<\/div>\n\t\t\t\t<\/div>\n\t\t\t\t\t<\/div>\n\t\t<\/div>\n\t\t\t\t\t<\/div>\n\t\t<\/section>\n\t\t\t\t\t<\/div>\n\t\t<\/div>\n\t\t\t\t\t<\/div>\n\t\t<\/section>\n\t\t\t\t<section class=\"elementor-section elementor-top-section elementor-element elementor-element-0f6ac2b elementor-section-boxed elementor-section-height-default elementor-section-height-default\" data-id=\"0f6ac2b\" data-element_type=\"section\" data-e-type=\"section\">\n\t\t\t\t\t\t<div class=\"elementor-container elementor-column-gap-default\">\n\t\t\t\t\t<div class=\"elementor-column elementor-col-100 elementor-top-column elementor-element elementor-element-a2df33c\" data-id=\"a2df33c\" data-element_type=\"column\" data-e-type=\"column\">\n\t\t\t<div class=\"elementor-widget-wrap elementor-element-populated\">\n\t\t\t\t\t\t<div class=\"elementor-element elementor-element-4bababc elementor-widget elementor-widget-global elementor-global-3513 elementor-global-811 elementor-widget-woocommerce-breadcrumb\" data-id=\"4bababc\" data-element_type=\"widget\" data-e-type=\"widget\" data-widget_type=\"woocommerce-breadcrumb.default\">\n\t\t\t\t<div class=\"elementor-widget-container\">\n\t\t\t\t\t<nav class=\"woocommerce-breadcrumb\" aria-label=\"Breadcrumb\">In\u00edcio<\/nav>\t\t\t\t<\/div>\n\t\t\t\t<\/div>\n\t\t\t\t\t<\/div>\n\t\t<\/div>\n\t\t\t\t\t<\/div>\n\t\t<\/section>\n\t\t\t\t<section class=\"elementor-section elementor-top-section elementor-element elementor-element-47202fd7 elementor-reverse-tablet elementor-reverse-mobile elementor-section-boxed elementor-section-height-default elementor-section-height-default\" data-id=\"47202fd7\" data-element_type=\"section\" data-e-type=\"section\" data-settings=\"{&quot;background_background&quot;:&quot;classic&quot;}\">\n\t\t\t\t\t\t\t<div class=\"elementor-background-overlay\"><\/div>\n\t\t\t\t\t\t\t<div class=\"elementor-container elementor-column-gap-default\">\n\t\t\t\t\t<div class=\"elementor-column elementor-col-50 elementor-top-column elementor-element elementor-element-4032737d\" data-id=\"4032737d\" data-element_type=\"column\" data-e-type=\"column\" data-settings=\"{&quot;background_background&quot;:&quot;classic&quot;}\">\n\t\t\t<div class=\"elementor-widget-wrap elementor-element-populated\">\n\t\t\t\t\t\t<div class=\"elementor-element elementor-element-1bce4386 elementor-button-align-end elementor-widget elementor-widget-form\" data-id=\"1bce4386\" data-element_type=\"widget\" data-e-type=\"widget\" data-settings=\"{&quot;step_next_label&quot;:&quot;Pr\\u00f3ximo&quot;,&quot;step_previous_label&quot;:&quot;Anterior&quot;,&quot;button_width&quot;:&quot;100&quot;,&quot;step_type&quot;:&quot;number_text&quot;,&quot;step_icon_shape&quot;:&quot;circle&quot;}\" data-widget_type=\"form.default\">\n\t\t\t\t<div class=\"elementor-widget-container\">\n\t\t\t\t\t\t\t<form class=\"elementor-form\" method=\"post\" name=\"Novo Site Survey\" aria-label=\"Novo Site Survey\">\n\t\t\t<input type=\"hidden\" name=\"post_id\" value=\"3789\"\/>\n\t\t\t<input type=\"hidden\" name=\"form_id\" value=\"1bce4386\"\/>\n\t\t\t<input type=\"hidden\" name=\"referer_title\" value=\"Feedback do site - TWPL\" \/>\n\n\t\t\t\t\t\t\t<input type=\"hidden\" name=\"queried_id\" value=\"3789\"\/>\n\t\t\t\n\t\t\t<div class=\"elementor-form-fields-wrapper elementor-labels-\">\n\t\t\t\t\t\t\t\t<div class=\"elementor-field-type-text elementor-field-group elementor-column elementor-field-group-name elementor-col-100\">\n\t\t\t\t\t\t\t\t\t\t\t\t<label for=\"form-field-name\" class=\"elementor-field-label elementor-screen-only\">\n\t\t\t\t\t\t\t\tNome completo\t\t\t\t\t\t\t<\/label>\n\t\t\t\t\t\t\t\t\t\t\t\t\t\t<input size=\"1\" type=\"text\" name=\"form_fields[name]\" id=\"form-field-name\" class=\"elementor-field elementor-size-md  elementor-field-textual\" placeholder=\"Nome completo\">\n\t\t\t\t\t\t\t\t\t\t\t<\/div>\n\t\t\t\t\t\t\t\t<div class=\"elementor-field-type-text elementor-field-group elementor-column elementor-field-group-email elementor-col-100 elementor-field-required\">\n\t\t\t\t\t\t\t\t\t\t\t\t<label for=\"form-field-email\" class=\"elementor-field-label elementor-screen-only\">\n\t\t\t\t\t\t\t\tTelefone\t\t\t\t\t\t\t<\/label>\n\t\t\t\t\t\t\t\t\t\t\t\t\t\t<input size=\"1\" type=\"text\" name=\"form_fields[email]\" id=\"form-field-email\" class=\"elementor-field elementor-size-md  elementor-field-textual\" placeholder=\"Telefone\" required=\"required\">\n\t\t\t\t\t\t\t\t\t\t\t<\/div>\n\t\t\t\t\t\t\t\t<div class=\"elementor-field-type-email elementor-field-group elementor-column elementor-field-group-field_1 elementor-col-100 elementor-field-required\">\n\t\t\t\t\t\t\t\t\t\t\t\t<label for=\"form-field-field_1\" class=\"elementor-field-label elementor-screen-only\">\n\t\t\t\t\t\t\t\tO email\t\t\t\t\t\t\t<\/label>\n\t\t\t\t\t\t\t\t\t\t\t\t\t\t<input size=\"1\" type=\"email\" name=\"form_fields[field_1]\" id=\"form-field-field_1\" class=\"elementor-field elementor-size-md  elementor-field-textual\" placeholder=\"O email\" required=\"required\">\n\t\t\t\t\t\t\t\t\t\t\t<\/div>\n\t\t\t\t\t\t\t\t<div class=\"elementor-field-type-textarea elementor-field-group elementor-column elementor-field-group-message elementor-col-100 elementor-field-required\">\n\t\t\t\t\t\t\t\t\t\t\t\t<label for=\"form-field-message\" class=\"elementor-field-label elementor-screen-only\">\n\t\t\t\t\t\t\t\tT1\t\t\t\t\t\t\t<\/label>\n\t\t\t\t\t\t<textarea class=\"elementor-field-textual elementor-field  elementor-size-md\" name=\"form_fields[message]\" id=\"form-field-message\" rows=\"4\" placeholder=\"O que voc\u00ea acha do nosso novo site?\" required=\"required\"><\/textarea>\t\t\t\t<\/div>\n\t\t\t\t\t\t\t\t<div class=\"elementor-field-type-textarea elementor-field-group elementor-column elementor-field-group-field_8d67a80 elementor-col-100 elementor-field-required\">\n\t\t\t\t\t\t\t\t\t\t\t\t<label for=\"form-field-field_8d67a80\" class=\"elementor-field-label elementor-screen-only\">\n\t\t\t\t\t\t\t\t2\u00ba trimestre\t\t\t\t\t\t\t<\/label>\n\t\t\t\t\t\t<textarea class=\"elementor-field-textual elementor-field  elementor-size-md\" name=\"form_fields[field_8d67a80]\" id=\"form-field-field_8d67a80\" rows=\"4\" placeholder=\"O que voc\u00ea estava procurando e voc\u00ea encontrou?\" required=\"required\"><\/textarea>\t\t\t\t<\/div>\n\t\t\t\t\t\t\t\t<div class=\"elementor-field-type-textarea elementor-field-group elementor-column elementor-field-group-field_c57ef5f elementor-col-100 elementor-field-required\">\n\t\t\t\t\t\t\t\t\t\t\t\t<label for=\"form-field-field_c57ef5f\" class=\"elementor-field-label elementor-screen-only\">\n\t\t\t\t\t\t\t\t3\u00ba T\t\t\t\t\t\t\t<\/label>\n\t\t\t\t\t\t<textarea class=\"elementor-field-textual elementor-field  elementor-size-md\" name=\"form_fields[field_c57ef5f]\" id=\"form-field-field_c57ef5f\" rows=\"4\" placeholder=\"Est\u00e1 faltando alguma coisa?\" required=\"required\"><\/textarea>\t\t\t\t<\/div>\n\t\t\t\t\t\t\t\t<div class=\"elementor-field-type-acceptance elementor-field-group elementor-column elementor-field-group-field_ce1cb07 elementor-col-100\">\n\t\t\t\t\t\t\t\t\t\t\t\t<label for=\"form-field-field_ce1cb07\" class=\"elementor-field-label elementor-screen-only\">\n\t\t\t\t\t\t\t\tSorteio de Pr\u00eamios\t\t\t\t\t\t\t<\/label>\n\t\t\t\t\t\t\t\t<div class=\"elementor-field-subgroup\">\n\t\t\t<span class=\"elementor-field-option\">\n\t\t\t\t<input type=\"checkbox\" name=\"form_fields[field_ce1cb07]\" id=\"form-field-field_ce1cb07\" class=\"elementor-field elementor-size-md  elementor-acceptance-field\">\n\t\t\t\t<label for=\"form-field-field_ce1cb07\">Por favor, marque aqui se voc\u00ea deseja participar do nosso sorteio para ganhar uma das 10 c\u00f3pias do nosso guia do Plano de Gest\u00e3o de Ativos Estrat\u00e9gicos. <\/label>\t\t\t<\/span>\n\t\t<\/div>\n\t\t\t\t\t\t<\/div>\n\t\t\t\t\t\t\t\t<div class=\"elementor-field-type-acceptance elementor-field-group elementor-column elementor-field-group-field_e6f18b4 elementor-col-100\">\n\t\t\t\t\t\t\t\t\t\t\t\t<label for=\"form-field-field_e6f18b4\" class=\"elementor-field-label elementor-screen-only\">\n\t\t\t\t\t\t\t\tSe inscrever\t\t\t\t\t\t\t<\/label>\n\t\t\t\t\t\t\t\t<div class=\"elementor-field-subgroup\">\n\t\t\t<span class=\"elementor-field-option\">\n\t\t\t\t<input type=\"checkbox\" name=\"form_fields[field_e6f18b4]\" id=\"form-field-field_e6f18b4\" class=\"elementor-field elementor-size-md  elementor-acceptance-field\">\n\t\t\t\t<label for=\"form-field-field_e6f18b4\">Por favor, marque aqui se voc\u00ea deseja receber atualiza\u00e7\u00f5es de gerenciamento de ativos, orienta\u00e7\u00e3o de melhores pr\u00e1ticas e mais informa\u00e7\u00f5es da comunidade Woodhouse. N\u00e3o compartilhamos seus dados com terceiros.<\/label>\t\t\t<\/span>\n\t\t<\/div>\n\t\t\t\t\t\t<\/div>\n\t\t\t\t\t\t\t\t<div class=\"elementor-field-type-recaptcha_v3 elementor-field-group elementor-column elementor-field-group-field_3b01c7b elementor-col-100 recaptcha_v3-bottomright\">\n\t\t\t\t\t<div class=\"elementor-field\" id=\"form-field-field_3b01c7b\"><div class=\"elementor-g-recaptcha\" data-sitekey=\"6Lez-4AcAAAAAK3NB9VFjMO4aq8REBkhqKetN1pG\" data-type=\"v3\" data-action=\"Form\" data-badge=\"bottomright\" data-size=\"invisible\"><\/div><\/div>\t\t\t\t<\/div>\n\t\t\t\t\t\t\t\t<div class=\"elementor-field-group elementor-column elementor-field-type-submit elementor-col-100 e-form__buttons\">\n\t\t\t\t\t<button class=\"elementor-button elementor-size-sm\" type=\"submit\">\n\t\t\t\t\t\t<span class=\"elementor-button-content-wrapper\">\n\t\t\t\t\t\t\t\t\t\t\t\t\t\t\t<span class=\"elementor-button-icon\">\n\t\t\t\t\t\t\t\t\t<i aria-hidden=\"true\" class=\"fas fa-arrow-right\"><\/i>\t\t\t\t\t\t\t\t\t\t\t\t\t\t\t\t\t<\/span>\n\t\t\t\t\t\t\t\t\t\t\t\t\t\t\t\t\t\t\t\t\t\t<span class=\"elementor-button-text\">MANDAR<\/span>\n\t\t\t\t\t\t\t\t\t\t\t\t\t<\/span>\n\t\t\t\t\t<\/button>\n\t\t\t\t<\/div>\n\t\t\t<\/div>\n\t\t<\/form>\n\t\t\t\t\t\t<\/div>\n\t\t\t\t<\/div>\n\t\t\t\t\t<\/div>\n\t\t<\/div>\n\t\t\t\t<div class=\"elementor-column elementor-col-50 elementor-top-column elementor-element elementor-element-6b931bd2\" data-id=\"6b931bd2\" data-element_type=\"column\" data-e-type=\"column\">\n\t\t\t<div class=\"elementor-widget-wrap elementor-element-populated\">\n\t\t\t\t\t\t<div class=\"elementor-element elementor-element-db93945 elementor-widget elementor-widget-image\" data-id=\"db93945\" data-element_type=\"widget\" data-e-type=\"widget\" data-widget_type=\"image.default\">\n\t\t\t\t<div class=\"elementor-widget-container\">\n\t\t\t\t\t\t\t\t\t\t\t\t\t\t\t<img fetchpriority=\"high\" decoding=\"async\" width=\"505\" height=\"308\" src=\"https:\/\/www.twpl.com\/wp-content\/uploads\/2021\/06\/SAMP-Guide.png\" class=\"attachment-large size-large wp-image-2551\" alt=\"\" srcset=\"https:\/\/www.twpl.com\/wp-content\/uploads\/2021\/06\/SAMP-Guide.png 505w, https:\/\/www.twpl.com\/wp-content\/uploads\/2021\/06\/SAMP-Guide-300x183.png 300w\" sizes=\"(max-width: 505px) 100vw, 505px\" \/>\t\t\t\t\t\t\t\t\t\t\t\t\t\t\t<\/div>\n\t\t\t\t<\/div>\n\t\t\t\t<div class=\"elementor-element elementor-element-540575e elementor-widget elementor-widget-heading\" data-id=\"540575e\" data-element_type=\"widget\" data-e-type=\"widget\" data-widget_type=\"heading.default\">\n\t\t\t\t<div class=\"elementor-widget-container\">\n\t\t\t\t\t<h2 class=\"elementor-heading-title elementor-size-default\">Ganhe uma das 10 c\u00f3pias<\/h2>\t\t\t\t<\/div>\n\t\t\t\t<\/div>\n\t\t\t\t<div class=\"elementor-element elementor-element-2bdd05f0 elementor-widget elementor-widget-text-editor\" data-id=\"2bdd05f0\" data-element_type=\"widget\" data-e-type=\"widget\" data-widget_type=\"text-editor.default\">\n\t\t\t\t<div class=\"elementor-widget-container\">\n\t\t\t\t\t\t\t\t\t<p class=\"p1\">Preencha nosso question\u00e1rio e participe de nosso sorteio para ganhar uma das 10 c\u00f3pias do Desenvolvimento e manuten\u00e7\u00e3o de um plano estrat\u00e9gico de gerenciamento de ativos (SAMP). <\/p>\n\t\t\t\t\t\t\t\t<\/div>\n\t\t\t\t<\/div>\n\t\t\t\t<div class=\"elementor-element elementor-element-e285f27 elementor-widget elementor-widget-text-editor\" data-id=\"e285f27\" data-element_type=\"widget\" data-e-type=\"widget\" data-widget_type=\"text-editor.default\">\n\t\t\t\t<div class=\"elementor-widget-container\">\n\t\t\t\t\t\t\t\t\t<p><strong>A DATA DE ENCERRAMENTO<\/strong> \u00e9 s\u00e1bado, 16 de outubro e os vencedores ser\u00e3o escolhidos aleatoriamente. Pediremos aos vencedores que nos enviem uma mensagem direta com seu endere\u00e7o postal.<\/p>\n<p>Nenhum pr\u00eamio em dinheiro ou alternativo ser\u00e1 oferecido. O pr\u00eamio n\u00e3o \u00e9 reembols\u00e1vel e intransfer\u00edvel.<\/p>\n<p>A Woodhouse Partnership n\u00e3o ser\u00e1 respons\u00e1vel por nenhum pr\u00eamio que n\u00e3o chegue aos vencedores por motivos al\u00e9m do nosso controle razo\u00e1vel.<\/p>\n<p>Apenas uma entrada por pessoa.<\/p>\n<p>A decis\u00e3o da Parceria Woodhouse ser\u00e1 final e nenhuma correspond\u00eancia ser\u00e1 aceita. <\/p>\n<p>O concurso est\u00e1 aberto a todos os visitantes do www.twpl.com. O Promotor pode recusar ou desqualificar qualquer inscri\u00e7\u00e3o (incluindo inscri\u00e7\u00f5es vencedoras)<\/p>\n<p>Ser\u00e1 considerado que os participantes aceitaram estes termos e condi\u00e7\u00f5es<\/p>\n\t\t\t\t\t\t\t\t<\/div>\n\t\t\t\t<\/div>\n\t\t\t\t\t<\/div>\n\t\t<\/div>\n\t\t\t\t\t<\/div>\n\t\t<\/section>\n\t\t\t\t<\/div>\n\t\t","protected":false},"excerpt":{"rendered":"<p>Obrigado por visitar o nosso novo site Adorar\u00edamos saber o que voc\u00ea pensa Preencha nosso breve question\u00e1rio abaixo e tamb\u00e9m o inscreveremos em nosso sorteio para ganhar uma das 10 [&hellip;]<\/p>\n","protected":false},"author":2,"featured_media":0,"parent":0,"menu_order":0,"comment_status":"closed","ping_status":"closed","template":"elementor_header_footer","meta":{"_acf_changed":false,"om_disable_all_campaigns":false,"_price":"","_stock":"","_tribe_ticket_header":"","_tribe_default_ticket_provider":"","_tribe_ticket_capacity":"0","_ticket_start_date":"","_ticket_end_date":"","_tribe_ticket_show_description":"","_tribe_ticket_show_not_going":false,"_tribe_ticket_use_global_stock":"","_tribe_ticket_global_stock_level":"","_global_stock_mode":"","_global_stock_cap":"","_tribe_rsvp_for_event":"","_tribe_ticket_going_count":"","_tribe_ticket_not_going_count":"","_tribe_tickets_list":"[]","_tribe_ticket_has_attendee_info_fields":false,"footnotes":"","_tec_slr_enabled":"","_tec_slr_layout":""},"class_list":["post-3789","page","type-page","status-publish","hentry"],"acf":[],"yoast_head":"<!-- This site is optimized with the Yoast SEO Premium plugin v27.2 (Yoast SEO v27.2) - https:\/\/yoast.com\/product\/yoast-seo-premium-wordpress\/ -->\n<title>Feedback do site - TWPL<\/title>\n<meta name=\"robots\" content=\"index, follow, max-snippet:-1, max-image-preview:large, max-video-preview:-1\" \/>\n<link rel=\"canonical\" href=\"https:\/\/www.twpl.com\/pt-br\/feedback-do-site\/\" \/>\n<meta property=\"og:locale\" content=\"pt_BR\" \/>\n<meta property=\"og:type\" content=\"article\" \/>\n<meta property=\"og:title\" content=\"Feedback do site\" \/>\n<meta property=\"og:description\" content=\"Obrigado por visitar o nosso novo site Adorar\u00edamos saber o que voc\u00ea pensa Preencha nosso breve question\u00e1rio abaixo e tamb\u00e9m o inscreveremos em nosso sorteio para ganhar uma das 10 [&hellip;]\" \/>\n<meta property=\"og:url\" content=\"https:\/\/www.twpl.com\/pt-br\/feedback-do-site\/\" \/>\n<meta property=\"og:site_name\" content=\"TWPL\" \/>\n<meta property=\"article:modified_time\" content=\"2021-10-04T15:30:34+00:00\" \/>\n<meta property=\"og:image\" content=\"https:\/\/www.twpl.com\/wp-content\/uploads\/2021\/06\/SAMP-Guide.png\" \/>\n\t<meta property=\"og:image:width\" content=\"505\" \/>\n\t<meta property=\"og:image:height\" content=\"308\" \/>\n\t<meta property=\"og:image:type\" content=\"image\/png\" \/>\n<meta name=\"twitter:card\" content=\"summary_large_image\" \/>\n<meta name=\"twitter:label1\" content=\"Est. reading time\" \/>\n\t<meta name=\"twitter:data1\" content=\"1 minuto\" \/>\n<script type=\"application\/ld+json\" class=\"yoast-schema-graph\">{\"@context\":\"https:\/\/schema.org\",\"@graph\":[{\"@type\":\"WebPage\",\"@id\":\"https:\/\/www.twpl.com\/pt-br\/feedback-do-site\/\",\"url\":\"https:\/\/www.twpl.com\/pt-br\/feedback-do-site\/\",\"name\":\"Feedback do site - TWPL\",\"isPartOf\":{\"@id\":\"https:\/\/www.twpl.com\/pt-br\/#website\"},\"primaryImageOfPage\":{\"@id\":\"https:\/\/www.twpl.com\/pt-br\/feedback-do-site\/#primaryimage\"},\"image\":{\"@id\":\"https:\/\/www.twpl.com\/pt-br\/feedback-do-site\/#primaryimage\"},\"thumbnailUrl\":\"https:\/\/www.twpl.com\/wp-content\/uploads\/2021\/06\/SAMP-Guide.png\",\"datePublished\":\"2021-09-22T10:53:14+00:00\",\"dateModified\":\"2021-10-04T15:30:34+00:00\",\"breadcrumb\":{\"@id\":\"https:\/\/www.twpl.com\/pt-br\/feedback-do-site\/#breadcrumb\"},\"inLanguage\":\"pt-BR\",\"potentialAction\":[{\"@type\":\"ReadAction\",\"target\":[\"https:\/\/www.twpl.com\/pt-br\/feedback-do-site\/\"]}]},{\"@type\":\"ImageObject\",\"inLanguage\":\"pt-BR\",\"@id\":\"https:\/\/www.twpl.com\/pt-br\/feedback-do-site\/#primaryimage\",\"url\":\"https:\/\/www.twpl.com\/wp-content\/uploads\/2021\/06\/SAMP-Guide.png\",\"contentUrl\":\"https:\/\/www.twpl.com\/wp-content\/uploads\/2021\/06\/SAMP-Guide.png\"},{\"@type\":\"BreadcrumbList\",\"@id\":\"https:\/\/www.twpl.com\/pt-br\/feedback-do-site\/#breadcrumb\",\"itemListElement\":[{\"@type\":\"ListItem\",\"position\":1,\"name\":\"Home\",\"item\":\"https:\/\/www.twpl.com\/pt-br\/\"},{\"@type\":\"ListItem\",\"position\":2,\"name\":\"Feedback do site\"}]},{\"@type\":\"WebSite\",\"@id\":\"https:\/\/www.twpl.com\/pt-br\/#website\",\"url\":\"https:\/\/www.twpl.com\/pt-br\/\",\"name\":\"TWPL\",\"description\":\"Trusted Advisors for Asset Management Excellence\",\"publisher\":{\"@id\":\"https:\/\/www.twpl.com\/pt-br\/#organization\"},\"potentialAction\":[{\"@type\":\"SearchAction\",\"target\":{\"@type\":\"EntryPoint\",\"urlTemplate\":\"https:\/\/www.twpl.com\/pt-br\/?s={search_term_string}\"},\"query-input\":{\"@type\":\"PropertyValueSpecification\",\"valueRequired\":true,\"valueName\":\"search_term_string\"}}],\"inLanguage\":\"pt-BR\"},{\"@type\":\"Organization\",\"@id\":\"https:\/\/www.twpl.com\/pt-br\/#organization\",\"name\":\"The Woodhouse Partnership Ltd\",\"url\":\"https:\/\/www.twpl.com\/pt-br\/\",\"logo\":{\"@type\":\"ImageObject\",\"inLanguage\":\"pt-BR\",\"@id\":\"https:\/\/www.twpl.com\/pt-br\/#\/schema\/logo\/image\/\",\"url\":\"https:\/\/www.twpl.com\/wp-content\/uploads\/2021\/02\/Woodhouse-RSK-Logo.png\",\"contentUrl\":\"https:\/\/www.twpl.com\/wp-content\/uploads\/2021\/02\/Woodhouse-RSK-Logo.png\",\"width\":350,\"height\":100,\"caption\":\"The Woodhouse Partnership Ltd\"},\"image\":{\"@id\":\"https:\/\/www.twpl.com\/pt-br\/#\/schema\/logo\/image\/\"},\"sameAs\":[\"https:\/\/www.linkedin.com\/company\/the-woodhouse-partnership-limited\/?viewAsMember=true\"]}]}<\/script>\n<!-- \/ Yoast SEO Premium plugin. -->","yoast_head_json":{"title":"Feedback do site - TWPL","robots":{"index":"index","follow":"follow","max-snippet":"max-snippet:-1","max-image-preview":"max-image-preview:large","max-video-preview":"max-video-preview:-1"},"canonical":"https:\/\/www.twpl.com\/pt-br\/feedback-do-site\/","og_locale":"pt_BR","og_type":"article","og_title":"Feedback do site","og_description":"Obrigado por visitar o nosso novo site Adorar\u00edamos saber o que voc\u00ea pensa Preencha nosso breve question\u00e1rio abaixo e tamb\u00e9m o inscreveremos em nosso sorteio para ganhar uma das 10 [&hellip;]","og_url":"https:\/\/www.twpl.com\/pt-br\/feedback-do-site\/","og_site_name":"TWPL","article_modified_time":"2021-10-04T15:30:34+00:00","og_image":[{"width":505,"height":308,"url":"https:\/\/www.twpl.com\/wp-content\/uploads\/2021\/06\/SAMP-Guide.png","type":"image\/png"}],"twitter_card":"summary_large_image","twitter_misc":{"Est. reading time":"1 minuto"},"schema":{"@context":"https:\/\/schema.org","@graph":[{"@type":"WebPage","@id":"https:\/\/www.twpl.com\/pt-br\/feedback-do-site\/","url":"https:\/\/www.twpl.com\/pt-br\/feedback-do-site\/","name":"Feedback do site - TWPL","isPartOf":{"@id":"https:\/\/www.twpl.com\/pt-br\/#website"},"primaryImageOfPage":{"@id":"https:\/\/www.twpl.com\/pt-br\/feedback-do-site\/#primaryimage"},"image":{"@id":"https:\/\/www.twpl.com\/pt-br\/feedback-do-site\/#primaryimage"},"thumbnailUrl":"https:\/\/www.twpl.com\/wp-content\/uploads\/2021\/06\/SAMP-Guide.png","datePublished":"2021-09-22T10:53:14+00:00","dateModified":"2021-10-04T15:30:34+00:00","breadcrumb":{"@id":"https:\/\/www.twpl.com\/pt-br\/feedback-do-site\/#breadcrumb"},"inLanguage":"pt-BR","potentialAction":[{"@type":"ReadAction","target":["https:\/\/www.twpl.com\/pt-br\/feedback-do-site\/"]}]},{"@type":"ImageObject","inLanguage":"pt-BR","@id":"https:\/\/www.twpl.com\/pt-br\/feedback-do-site\/#primaryimage","url":"https:\/\/www.twpl.com\/wp-content\/uploads\/2021\/06\/SAMP-Guide.png","contentUrl":"https:\/\/www.twpl.com\/wp-content\/uploads\/2021\/06\/SAMP-Guide.png"},{"@type":"BreadcrumbList","@id":"https:\/\/www.twpl.com\/pt-br\/feedback-do-site\/#breadcrumb","itemListElement":[{"@type":"ListItem","position":1,"name":"Home","item":"https:\/\/www.twpl.com\/pt-br\/"},{"@type":"ListItem","position":2,"name":"Feedback do site"}]},{"@type":"WebSite","@id":"https:\/\/www.twpl.com\/pt-br\/#website","url":"https:\/\/www.twpl.com\/pt-br\/","name":"TWPL","description":"Trusted Advisors for Asset Management Excellence","publisher":{"@id":"https:\/\/www.twpl.com\/pt-br\/#organization"},"potentialAction":[{"@type":"SearchAction","target":{"@type":"EntryPoint","urlTemplate":"https:\/\/www.twpl.com\/pt-br\/?s={search_term_string}"},"query-input":{"@type":"PropertyValueSpecification","valueRequired":true,"valueName":"search_term_string"}}],"inLanguage":"pt-BR"},{"@type":"Organization","@id":"https:\/\/www.twpl.com\/pt-br\/#organization","name":"The Woodhouse Partnership Ltd","url":"https:\/\/www.twpl.com\/pt-br\/","logo":{"@type":"ImageObject","inLanguage":"pt-BR","@id":"https:\/\/www.twpl.com\/pt-br\/#\/schema\/logo\/image\/","url":"https:\/\/www.twpl.com\/wp-content\/uploads\/2021\/02\/Woodhouse-RSK-Logo.png","contentUrl":"https:\/\/www.twpl.com\/wp-content\/uploads\/2021\/02\/Woodhouse-RSK-Logo.png","width":350,"height":100,"caption":"The Woodhouse Partnership Ltd"},"image":{"@id":"https:\/\/www.twpl.com\/pt-br\/#\/schema\/logo\/image\/"},"sameAs":["https:\/\/www.linkedin.com\/company\/the-woodhouse-partnership-limited\/?viewAsMember=true"]}]}},"ticketed":false,"_links":{"self":[{"href":"https:\/\/www.twpl.com\/pt-br\/wp-json\/wp\/v2\/pages\/3789","targetHints":{"allow":["GET"]}}],"collection":[{"href":"https:\/\/www.twpl.com\/pt-br\/wp-json\/wp\/v2\/pages"}],"about":[{"href":"https:\/\/www.twpl.com\/pt-br\/wp-json\/wp\/v2\/types\/page"}],"author":[{"embeddable":true,"href":"https:\/\/www.twpl.com\/pt-br\/wp-json\/wp\/v2\/users\/2"}],"replies":[{"embeddable":true,"href":"https:\/\/www.twpl.com\/pt-br\/wp-json\/wp\/v2\/comments?post=3789"}],"version-history":[{"count":0,"href":"https:\/\/www.twpl.com\/pt-br\/wp-json\/wp\/v2\/pages\/3789\/revisions"}],"wp:attachment":[{"href":"https:\/\/www.twpl.com\/pt-br\/wp-json\/wp\/v2\/media?parent=3789"}],"curies":[{"name":"wp","href":"https:\/\/api.w.org\/{rel}","templated":true}]}}