{"id":3431,"date":"2021-07-02T13:08:49","date_gmt":"2021-07-02T12:08:49","guid":{"rendered":"https:\/\/twplguk.wpengine.com\/mapa-do-site\/"},"modified":"2021-09-15T13:21:14","modified_gmt":"2021-09-15T12:21:14","slug":"mapa-do-site","status":"publish","type":"page","link":"https:\/\/www.twpl.com\/pt-br\/mapa-do-site\/","title":{"rendered":"Mapa do site"},"content":{"rendered":"\t\t<div data-elementor-type=\"wp-page\" data-elementor-id=\"3431\" class=\"elementor elementor-3431 elementor-2794\" data-elementor-post-type=\"page\">\n\t\t\t\t\t\t<section class=\"elementor-section elementor-top-section elementor-element elementor-element-e59218d elementor-section-height-min-height elementor-section-boxed elementor-section-height-default elementor-section-items-middle\" data-id=\"e59218d\" data-element_type=\"section\" data-e-type=\"section\" data-settings=\"{&quot;background_background&quot;:&quot;classic&quot;}\">\n\t\t\t\t\t\t\t<div class=\"elementor-background-overlay\"><\/div>\n\t\t\t\t\t\t\t<div class=\"elementor-container elementor-column-gap-default\">\n\t\t\t\t\t<div class=\"elementor-column elementor-col-100 elementor-top-column elementor-element elementor-element-750a92f\" data-id=\"750a92f\" data-element_type=\"column\" data-e-type=\"column\">\n\t\t\t<div class=\"elementor-widget-wrap elementor-element-populated\">\n\t\t\t\t\t\t<div class=\"elementor-element elementor-element-48a3ec9 elementor-widget elementor-widget-heading\" data-id=\"48a3ec9\" data-element_type=\"widget\" data-e-type=\"widget\" data-widget_type=\"heading.default\">\n\t\t\t\t<div class=\"elementor-widget-container\">\n\t\t\t\t\t<h1 class=\"elementor-heading-title elementor-size-default\">Mapa do site<\/h1>\t\t\t\t<\/div>\n\t\t\t\t<\/div>\n\t\t\t\t\t<\/div>\n\t\t<\/div>\n\t\t\t\t\t<\/div>\n\t\t<\/section>\n\t\t\t\t<section class=\"elementor-section elementor-top-section elementor-element elementor-element-1315ab8 elementor-section-boxed elementor-section-height-default elementor-section-height-default\" data-id=\"1315ab8\" data-element_type=\"section\" data-e-type=\"section\">\n\t\t\t\t\t\t<div class=\"elementor-container elementor-column-gap-default\">\n\t\t\t\t\t<div class=\"elementor-column elementor-col-100 elementor-top-column elementor-element elementor-element-f620f90\" data-id=\"f620f90\" data-element_type=\"column\" data-e-type=\"column\">\n\t\t\t<div class=\"elementor-widget-wrap elementor-element-populated\">\n\t\t\t\t\t\t<div class=\"elementor-element elementor-element-3f3707b elementor-widget elementor-widget-global elementor-global-3513 elementor-global-811 elementor-widget-woocommerce-breadcrumb\" data-id=\"3f3707b\" data-element_type=\"widget\" data-e-type=\"widget\" data-widget_type=\"woocommerce-breadcrumb.default\">\n\t\t\t\t<div class=\"elementor-widget-container\">\n\t\t\t\t\t<nav class=\"woocommerce-breadcrumb\" aria-label=\"Breadcrumb\">In\u00edcio<\/nav>\t\t\t\t<\/div>\n\t\t\t\t<\/div>\n\t\t\t\t\t<\/div>\n\t\t<\/div>\n\t\t\t\t\t<\/div>\n\t\t<\/section>\n\t\t\t\t<section class=\"elementor-section elementor-top-section elementor-element elementor-element-1984ba1 elementor-section-boxed elementor-section-height-default elementor-section-height-default\" data-id=\"1984ba1\" data-element_type=\"section\" data-e-type=\"section\">\n\t\t\t\t\t\t<div class=\"elementor-container elementor-column-gap-default\">\n\t\t\t\t\t<div class=\"elementor-column elementor-col-100 elementor-top-column elementor-element elementor-element-be9ca8b\" data-id=\"be9ca8b\" data-element_type=\"column\" data-e-type=\"column\">\n\t\t\t<div class=\"elementor-widget-wrap elementor-element-populated\">\n\t\t\t\t\t\t<section class=\"elementor-section elementor-inner-section elementor-element elementor-element-7a417fb elementor-section-boxed elementor-section-height-default elementor-section-height-default\" data-id=\"7a417fb\" data-element_type=\"section\" data-e-type=\"section\">\n\t\t\t\t\t\t<div class=\"elementor-container elementor-column-gap-default\">\n\t\t\t\t\t<div class=\"elementor-column elementor-col-100 elementor-inner-column elementor-element elementor-element-9e3ec7b\" data-id=\"9e3ec7b\" data-element_type=\"column\" data-e-type=\"column\">\n\t\t\t<div class=\"elementor-widget-wrap elementor-element-populated\">\n\t\t\t\t\t\t<div class=\"elementor-element elementor-element-ef73d09 elementor-widget elementor-widget-sitemap\" data-id=\"ef73d09\" data-element_type=\"widget\" data-e-type=\"widget\" data-widget_type=\"sitemap.default\">\n\t\t\t\t<div class=\"elementor-widget-container\">\n\t\t\t\t\t<div class=\"elementor-sitemap-wrap\"><div class=\"elementor-sitemap-section\"><h2 class=\"elementor-sitemap-title elementor-sitemap-page-title\">Pages<\/h2><ul class=\"elementor-sitemap-list elementor-sitemap-page-list\"><li class=\"elementor-sitemap-item elementor-sitemap-item-page page_item page-item-3389\"><a href=\"https:\/\/www.twpl.com\/pt-br\/\">Casa<\/a><\/li><li class=\"elementor-sitemap-item elementor-sitemap-item-page page_item page-item-3393\"><a href=\"https:\/\/www.twpl.com\/pt-br\/sobre-nos\/\">Sobre n\u00f3s<\/a><ul class='children'><li class=\"elementor-sitemap-item elementor-sitemap-item-page page_item page-item-3411\"><a href=\"https:\/\/www.twpl.com\/pt-br\/sobre-nos\/nossos-especialistas\/\">Nossos especialistas<\/a><\/li><li class=\"elementor-sitemap-item elementor-sitemap-item-page page_item page-item-3413\"><a href=\"https:\/\/www.twpl.com\/pt-br\/sobre-nos\/nossa-historia\/\">Nossa hist\u00f3ria<\/a><\/li><li class=\"elementor-sitemap-item elementor-sitemap-item-page page_item page-item-3391\"><a href=\"https:\/\/www.twpl.com\/pt-br\/sobre-nos\/testemunhos\/\">Testemunhos<\/a><\/li><li class=\"elementor-sitemap-item elementor-sitemap-item-page page_item page-item-3883\"><a href=\"https:\/\/www.twpl.com\/pt-br\/sobre-nos\/america-latina\/\">Am\u00e9rica latina<\/a><\/li><li class=\"elementor-sitemap-item elementor-sitemap-item-page page_item page-item-3822\"><a href=\"https:\/\/www.twpl.com\/pt-br\/sobre-nos\/america-do-norte\/\">Am\u00e9rica do Norte<\/a><\/li><li class=\"elementor-sitemap-item elementor-sitemap-item-page page_item page-item-4036\"><a href=\"https:\/\/www.twpl.com\/pt-br\/sobre-nos\/brasil\/\">Brasil<\/a><\/li><\/ul><\/li><li class=\"elementor-sitemap-item elementor-sitemap-item-page page_item page-item-3396\"><a href=\"https:\/\/www.twpl.com\/pt-br\/recursos\/\">Recursos<\/a><ul class='children'><li class=\"elementor-sitemap-item elementor-sitemap-item-page page_item page-item-3405\"><a href=\"https:\/\/www.twpl.com\/pt-br\/recursos\/estudos-de-caso\/\">Estudos de caso<\/a><\/li><li class=\"elementor-sitemap-item elementor-sitemap-item-page page_item page-item-3407\"><a href=\"https:\/\/www.twpl.com\/pt-br\/recursos\/perguntas-frequentes\/\">perguntas frequentes<\/a><\/li><li class=\"elementor-sitemap-item elementor-sitemap-item-page page_item page-item-3426\"><a href=\"https:\/\/www.twpl.com\/pt-br\/recursos\/transferencias\/\">Transfer\u00eancias<\/a><\/li><\/ul><\/li><li class=\"elementor-sitemap-item elementor-sitemap-item-page page_item page-item-3415\"><a href=\"https:\/\/www.twpl.com\/pt-br\/entre-em-contato-conosco\/\">Entre em contato conosco<\/a><\/li><li class=\"elementor-sitemap-item elementor-sitemap-item-page page_item page-item-3416\"><a href=\"https:\/\/www.twpl.com\/pt-br\/noticia\/\">Not\u00edcia<\/a><\/li><li class=\"elementor-sitemap-item elementor-sitemap-item-page page_item page-item-3419\"><a href=\"https:\/\/www.twpl.com\/pt-br\/nossos-servicos\/\">Nossos servi\u00e7os<\/a><ul class='children'><li class=\"elementor-sitemap-item elementor-sitemap-item-page page_item page-item-3392\"><a href=\"https:\/\/www.twpl.com\/pt-br\/nossos-servicos\/servicos-de-consultoria\/\">Servi\u00e7os de consultoria<\/a><ul class='children'><li class=\"elementor-sitemap-item elementor-sitemap-item-page page_item page-item-3436\"><a href=\"https:\/\/www.twpl.com\/pt-br\/nossos-servicos\/servicos-de-consultoria\/planejamento-estrategico\/\">Planejamento estrat\u00e9gico<\/a><\/li><li class=\"elementor-sitemap-item elementor-sitemap-item-page page_item page-item-3399\"><a href=\"https:\/\/www.twpl.com\/pt-br\/nossos-servicos\/servicos-de-consultoria\/tomada-de-decisao-ideal\/\">Tomada de decis\u00e3o ideal<\/a><\/li><li class=\"elementor-sitemap-item elementor-sitemap-item-page page_item page-item-3401\"><a href=\"https:\/\/www.twpl.com\/pt-br\/nossos-servicos\/servicos-de-consultoria\/avaliacoes-auditorias-e-certificacoes\/\">Avalia\u00e7\u00f5es, auditorias e certifica\u00e7\u00f5es<\/a><\/li><li class=\"elementor-sitemap-item elementor-sitemap-item-page page_item page-item-3403\"><a href=\"https:\/\/www.twpl.com\/pt-br\/nossos-servicos\/servicos-de-consultoria\/suporte-de-implementacao\/\">Suporte de Implementa\u00e7\u00e3o<\/a><\/li><\/ul><\/li><li class=\"elementor-sitemap-item elementor-sitemap-item-page page_item page-item-3409\"><a href=\"https:\/\/www.twpl.com\/pt-br\/nossos-servicos\/ferramentas-de-tomada-de-decisao-e-otimizacao-de-valor\/\">Ferramentas de tomada de decis\u00e3o e otimiza\u00e7\u00e3o de valor<\/a><\/li><li class=\"elementor-sitemap-item elementor-sitemap-item-page page_item page-item-3386\"><a href=\"https:\/\/www.twpl.com\/pt-br\/nossos-servicos\/educacao-e-treinamento\/\">Educa\u00e7\u00e3o e Treinamento<\/a><\/li><li class=\"elementor-sitemap-item elementor-sitemap-item-page page_item page-item-5522\"><a href=\"https:\/\/www.twpl.com\/pt-br\/nossos-servicos\/planejamento-de-investimentos-de-ativos\/\">Planejamento de investimentos de ativos<\/a><\/li><\/ul><\/li><li class=\"elementor-sitemap-item elementor-sitemap-item-page page_item page-item-3421\"><a href=\"https:\/\/www.twpl.com\/pt-br\/diferentes-pontos-de-partida-desafios-e-prioridades\/\">Diferentes pontos de partida, desafios e prioridades<\/a><\/li><li class=\"elementor-sitemap-item elementor-sitemap-item-page page_item page-item-3435\"><a href=\"https:\/\/www.twpl.com\/pt-br\/termos-de-uso\/\">Termos de uso<\/a><\/li><li class=\"elementor-sitemap-item elementor-sitemap-item-page page_item page-item-3429\"><a href=\"https:\/\/www.twpl.com\/pt-br\/politicas\/\">Pol\u00edticas<\/a><\/li><li class=\"elementor-sitemap-item elementor-sitemap-item-page page_item page-item-3431\"><a href=\"https:\/\/www.twpl.com\/pt-br\/mapa-do-site\/\">Mapa do site<\/a><\/li><li class=\"elementor-sitemap-item elementor-sitemap-item-page page_item page-item-3789\"><a href=\"https:\/\/www.twpl.com\/pt-br\/feedback-do-site\/\">Feedback do site<\/a><\/li><li class=\"elementor-sitemap-item elementor-sitemap-item-page page_item page-item-4246\"><a href=\"https:\/\/www.twpl.com\/pt-br\/tomada-de-decisao-na-decada-decisiva\/\">Tomada de decis\u00e3o na d\u00e9cada decisiva<\/a><\/li><li class=\"elementor-sitemap-item elementor-sitemap-item-page page_item page-item-4487\"><a href=\"https:\/\/www.twpl.com\/pt-br\/news-feed\/\">News Feed<\/a><\/li><li class=\"elementor-sitemap-item elementor-sitemap-item-page page_item page-item-4488\"><a href=\"https:\/\/www.twpl.com\/pt-br\/members\/\">Members<\/a><\/li><li class=\"elementor-sitemap-item elementor-sitemap-item-page page_item page-item-4489\"><a href=\"https:\/\/www.twpl.com\/pt-br\/terms-of-service\/\">Terms of Service<\/a><\/li><li class=\"elementor-sitemap-item elementor-sitemap-item-page page_item page-item-4490\"><a href=\"https:\/\/www.twpl.com\/pt-br\/privacy-policy\/\">Privacy Policy<\/a><\/li><li class=\"elementor-sitemap-item elementor-sitemap-item-page page_item page-item-4589\"><a href=\"https:\/\/www.twpl.com\/pt-br\/photos\/\">Photos<\/a><\/li><li class=\"elementor-sitemap-item elementor-sitemap-item-page page_item page-item-4606\"><a href=\"https:\/\/www.twpl.com\/pt-br\/alumni\/\">Alumni<\/a><\/li><li class=\"elementor-sitemap-item elementor-sitemap-item-page page_item page-item-5973\"><a href=\"https:\/\/www.twpl.com\/pt-br\/industry-sectors\/\">Industry Sectors<\/a><ul class='children'><li class=\"elementor-sitemap-item elementor-sitemap-item-page page_item page-item-6015\"><a href=\"https:\/\/www.twpl.com\/pt-br\/industry-sectors\/aviation\/\">Aviation<\/a><\/li><li class=\"elementor-sitemap-item elementor-sitemap-item-page page_item page-item-6034\"><a href=\"https:\/\/www.twpl.com\/pt-br\/industry-sectors\/ports-docks\/\">Ports &amp; Docks<\/a><\/li><li class=\"elementor-sitemap-item elementor-sitemap-item-page page_item page-item-6060\"><a href=\"https:\/\/www.twpl.com\/pt-br\/industry-sectors\/oil-gas\/\">Oil &amp; Gas<\/a><\/li><li class=\"elementor-sitemap-item elementor-sitemap-item-page page_item page-item-6081\"><a href=\"https:\/\/www.twpl.com\/pt-br\/industry-sectors\/manufacturing\/\">Manufacturing<\/a><\/li><li class=\"elementor-sitemap-item elementor-sitemap-item-page page_item page-item-6096\"><a href=\"https:\/\/www.twpl.com\/pt-br\/industry-sectors\/sustainable-energy\/\">Sustainable Energy<\/a><\/li><li class=\"elementor-sitemap-item elementor-sitemap-item-page page_item page-item-6118\"><a href=\"https:\/\/www.twpl.com\/pt-br\/industry-sectors\/water-utilities\/\">Water Utilities<\/a><\/li><li class=\"elementor-sitemap-item elementor-sitemap-item-page page_item page-item-6202\"><a href=\"https:\/\/www.twpl.com\/pt-br\/industry-sectors\/defence\/\">Defence<\/a><\/li><li class=\"elementor-sitemap-item elementor-sitemap-item-page page_item page-item-6239\"><a href=\"https:\/\/www.twpl.com\/pt-br\/industry-sectors\/data-centers\/\">Data Centers<\/a><\/li><\/ul><\/li><li class=\"elementor-sitemap-item elementor-sitemap-item-page page_item page-item-4334\"><a href=\"https:\/\/www.twpl.com\/pt-br\/resources\/downloads-files\/\">Downloads &#8211; Files<\/a><\/li><li class=\"elementor-sitemap-item elementor-sitemap-item-page page_item page-item-4357\"><a href=\"https:\/\/www.twpl.com\/pt-br\/resources\/frequently-asked-questions-2\/\">Frequently Asked Questions<\/a><\/li><li class=\"elementor-sitemap-item elementor-sitemap-item-page page_item page-item-4951\"><a href=\"https:\/\/www.twpl.com\/pt-br\/our-services\/consultancy-services\/seeking-excellence\/\">Seeking Excellence<\/a><\/li><li class=\"elementor-sitemap-item elementor-sitemap-item-page page_item page-item-5490\"><a href=\"https:\/\/www.twpl.com\/pt-br\/our-services\/consultancy-services\/sustainability-in-asset-management\/\">Sustainability<\/a><\/li><li class=\"elementor-sitemap-item elementor-sitemap-item-page page_item page-item-5202\"><a href=\"https:\/\/www.twpl.com\/pt-br\/about-us\/australasia\/\">Australasia<\/a><\/li><li class=\"elementor-sitemap-item elementor-sitemap-item-page page_item page-item-5724\"><a href=\"https:\/\/www.twpl.com\/pt-br\/our-services\/dstv4-0\/\">DSTv4.0<\/a><\/li><li class=\"elementor-sitemap-item elementor-sitemap-item-page page_item page-item-6265\"><a href=\"https:\/\/www.twpl.com\/pt-br\/our-services\/shutdown-turnaround-outages-planning\/\">Shutdown Turnaround Outages Planning (STOP)<\/a><\/li><li class=\"elementor-sitemap-item elementor-sitemap-item-page page_item page-item-6310\"><a href=\"https:\/\/www.twpl.com\/pt-br\/our-services\/decision-making-value-optimization-tools\/\">Decision-Making &amp; Value Optimization tools -draft<\/a><\/li><\/ul><\/div><\/div>\t\t\t\t<\/div>\n\t\t\t\t<\/div>\n\t\t\t\t\t<\/div>\n\t\t<\/div>\n\t\t\t\t\t<\/div>\n\t\t<\/section>\n\t\t\t\t\t<\/div>\n\t\t<\/div>\n\t\t\t\t\t<\/div>\n\t\t<\/section>\n\t\t\t\t<section class=\"elementor-section elementor-top-section elementor-element elementor-element-226ab72c elementor-section-boxed elementor-section-height-default elementor-section-height-default\" data-id=\"226ab72c\" data-element_type=\"section\" data-e-type=\"section\" data-settings=\"{&quot;background_background&quot;:&quot;classic&quot;}\">\n\t\t\t\t\t\t<div class=\"elementor-container elementor-column-gap-default\">\n\t\t\t\t\t<div class=\"elementor-column elementor-col-100 elementor-top-column elementor-element elementor-element-375eb57\" data-id=\"375eb57\" data-element_type=\"column\" data-e-type=\"column\">\n\t\t\t<div class=\"elementor-widget-wrap elementor-element-populated\">\n\t\t\t\t\t\t<div class=\"elementor-element elementor-element-6da88e87 elementor-widget elementor-widget-global elementor-global-3486 elementor-global-974 elementor-widget-heading\" data-id=\"6da88e87\" data-element_type=\"widget\" data-e-type=\"widget\" data-widget_type=\"heading.default\">\n\t\t\t\t<div class=\"elementor-widget-container\">\n\t\t\t\t\t<h3 class=\"elementor-heading-title elementor-size-default\">Precisa de ajuda ou conselho? Entre em contato com nossa equipe premiada <\/h3>\t\t\t\t<\/div>\n\t\t\t\t<\/div>\n\t\t\t\t\t<\/div>\n\t\t<\/div>\n\t\t\t\t<div class=\"elementor-column elementor-col-100 elementor-top-column elementor-element elementor-element-4cd95fc\" data-id=\"4cd95fc\" data-element_type=\"column\" data-e-type=\"column\">\n\t\t\t<div class=\"elementor-widget-wrap elementor-element-populated\">\n\t\t\t\t\t\t<div class=\"elementor-element elementor-element-3a1c99fa elementor-mobile-align-right elementor-widget elementor-widget-global elementor-global-3491 elementor-global-973 elementor-widget-button\" data-id=\"3a1c99fa\" data-element_type=\"widget\" data-e-type=\"widget\" data-widget_type=\"button.default\">\n\t\t\t\t<div class=\"elementor-widget-container\">\n\t\t\t\t\t\t\t\t\t<div class=\"elementor-button-wrapper\">\n\t\t\t\t\t<a class=\"elementor-button elementor-button-link elementor-size-sm\" href=\"https:\/\/www.twpl.com\/pt-br\/entre-em-contato-conosco\/\">\n\t\t\t\t\t\t<span class=\"elementor-button-content-wrapper\">\n\t\t\t\t\t\t\t\t\t<span class=\"elementor-button-text\">Entre em contato conosco<\/span>\n\t\t\t\t\t<\/span>\n\t\t\t\t\t<\/a>\n\t\t\t\t<\/div>\n\t\t\t\t\t\t\t\t<\/div>\n\t\t\t\t<\/div>\n\t\t\t\t\t<\/div>\n\t\t<\/div>\n\t\t\t\t\t<\/div>\n\t\t<\/section>\n\t\t\t\t<\/div>\n\t\t","protected":false},"excerpt":{"rendered":"<p>Mapa do site Need help or advice? Get in touch with our award-winning team Contact Us<\/p>\n","protected":false},"author":1,"featured_media":0,"parent":0,"menu_order":0,"comment_status":"closed","ping_status":"closed","template":"elementor_header_footer","meta":{"_acf_changed":false,"om_disable_all_campaigns":false,"_price":"","_stock":"","_tribe_ticket_header":"","_tribe_default_ticket_provider":"","_tribe_ticket_capacity":"0","_ticket_start_date":"","_ticket_end_date":"","_tribe_ticket_show_description":"","_tribe_ticket_show_not_going":false,"_tribe_ticket_use_global_stock":"","_tribe_ticket_global_stock_level":"","_global_stock_mode":"","_global_stock_cap":"","_tribe_rsvp_for_event":"","_tribe_ticket_going_count":"","_tribe_ticket_not_going_count":"","_tribe_tickets_list":"[]","_tribe_ticket_has_attendee_info_fields":false,"footnotes":"","_tec_slr_enabled":"","_tec_slr_layout":""},"class_list":["post-3431","page","type-page","status-publish","hentry"],"acf":[],"yoast_head":"<!-- This site is optimized with the Yoast SEO Premium plugin v27.2 (Yoast SEO v27.5) - https:\/\/yoast.com\/product\/yoast-seo-premium-wordpress\/ -->\n<title>Mapa do site - TWPL<\/title>\n<meta name=\"robots\" content=\"index, follow, max-snippet:-1, max-image-preview:large, max-video-preview:-1\" \/>\n<link rel=\"canonical\" href=\"https:\/\/www.twpl.com\/pt-br\/mapa-do-site\/\" \/>\n<meta property=\"og:locale\" content=\"pt_BR\" \/>\n<meta property=\"og:type\" content=\"article\" \/>\n<meta property=\"og:title\" content=\"Mapa do site\" \/>\n<meta property=\"og:description\" content=\"Mapa do site Need help or advice? Get in touch with our award-winning team Contact Us\" \/>\n<meta property=\"og:url\" content=\"https:\/\/www.twpl.com\/pt-br\/mapa-do-site\/\" \/>\n<meta property=\"og:site_name\" content=\"TWPL\" \/>\n<meta property=\"article:modified_time\" content=\"2021-09-15T12:21:14+00:00\" \/>\n<meta name=\"twitter:card\" content=\"summary_large_image\" \/>\n<script type=\"application\/ld+json\" class=\"yoast-schema-graph\">{\"@context\":\"https:\\\/\\\/schema.org\",\"@graph\":[{\"@type\":\"WebPage\",\"@id\":\"https:\\\/\\\/www.twpl.com\\\/pt-br\\\/mapa-do-site\\\/\",\"url\":\"https:\\\/\\\/www.twpl.com\\\/pt-br\\\/mapa-do-site\\\/\",\"name\":\"Mapa do site - TWPL\",\"isPartOf\":{\"@id\":\"https:\\\/\\\/www.twpl.com\\\/pt-br\\\/#website\"},\"datePublished\":\"2021-07-02T12:08:49+00:00\",\"dateModified\":\"2021-09-15T12:21:14+00:00\",\"breadcrumb\":{\"@id\":\"https:\\\/\\\/www.twpl.com\\\/pt-br\\\/mapa-do-site\\\/#breadcrumb\"},\"inLanguage\":\"pt-BR\",\"potentialAction\":[{\"@type\":\"ReadAction\",\"target\":[\"https:\\\/\\\/www.twpl.com\\\/pt-br\\\/mapa-do-site\\\/\"]}]},{\"@type\":\"BreadcrumbList\",\"@id\":\"https:\\\/\\\/www.twpl.com\\\/pt-br\\\/mapa-do-site\\\/#breadcrumb\",\"itemListElement\":[{\"@type\":\"ListItem\",\"position\":1,\"name\":\"Home\",\"item\":\"https:\\\/\\\/www.twpl.com\\\/pt-br\\\/\"},{\"@type\":\"ListItem\",\"position\":2,\"name\":\"Mapa do site\"}]},{\"@type\":\"WebSite\",\"@id\":\"https:\\\/\\\/www.twpl.com\\\/pt-br\\\/#website\",\"url\":\"https:\\\/\\\/www.twpl.com\\\/pt-br\\\/\",\"name\":\"TWPL\",\"description\":\"Trusted Advisors for Asset Management Excellence\",\"publisher\":{\"@id\":\"https:\\\/\\\/www.twpl.com\\\/pt-br\\\/#organization\"},\"potentialAction\":[{\"@type\":\"SearchAction\",\"target\":{\"@type\":\"EntryPoint\",\"urlTemplate\":\"https:\\\/\\\/www.twpl.com\\\/pt-br\\\/?s={search_term_string}\"},\"query-input\":{\"@type\":\"PropertyValueSpecification\",\"valueRequired\":true,\"valueName\":\"search_term_string\"}}],\"inLanguage\":\"pt-BR\"},{\"@type\":\"Organization\",\"@id\":\"https:\\\/\\\/www.twpl.com\\\/pt-br\\\/#organization\",\"name\":\"The Woodhouse Partnership Ltd\",\"url\":\"https:\\\/\\\/www.twpl.com\\\/pt-br\\\/\",\"logo\":{\"@type\":\"ImageObject\",\"inLanguage\":\"pt-BR\",\"@id\":\"https:\\\/\\\/www.twpl.com\\\/pt-br\\\/#\\\/schema\\\/logo\\\/image\\\/\",\"url\":\"https:\\\/\\\/www.twpl.com\\\/wp-content\\\/uploads\\\/2021\\\/02\\\/Woodhouse-RSK-Logo.png\",\"contentUrl\":\"https:\\\/\\\/www.twpl.com\\\/wp-content\\\/uploads\\\/2021\\\/02\\\/Woodhouse-RSK-Logo.png\",\"width\":350,\"height\":100,\"caption\":\"The Woodhouse Partnership Ltd\"},\"image\":{\"@id\":\"https:\\\/\\\/www.twpl.com\\\/pt-br\\\/#\\\/schema\\\/logo\\\/image\\\/\"},\"sameAs\":[\"https:\\\/\\\/www.linkedin.com\\\/company\\\/the-woodhouse-partnership-limited\\\/?viewAsMember=true\"]}]}<\/script>\n<!-- \/ Yoast SEO Premium plugin. -->","yoast_head_json":{"title":"Mapa do site - TWPL","robots":{"index":"index","follow":"follow","max-snippet":"max-snippet:-1","max-image-preview":"max-image-preview:large","max-video-preview":"max-video-preview:-1"},"canonical":"https:\/\/www.twpl.com\/pt-br\/mapa-do-site\/","og_locale":"pt_BR","og_type":"article","og_title":"Mapa do site","og_description":"Mapa do site Need help or advice? Get in touch with our award-winning team Contact Us","og_url":"https:\/\/www.twpl.com\/pt-br\/mapa-do-site\/","og_site_name":"TWPL","article_modified_time":"2021-09-15T12:21:14+00:00","twitter_card":"summary_large_image","schema":{"@context":"https:\/\/schema.org","@graph":[{"@type":"WebPage","@id":"https:\/\/www.twpl.com\/pt-br\/mapa-do-site\/","url":"https:\/\/www.twpl.com\/pt-br\/mapa-do-site\/","name":"Mapa do site - TWPL","isPartOf":{"@id":"https:\/\/www.twpl.com\/pt-br\/#website"},"datePublished":"2021-07-02T12:08:49+00:00","dateModified":"2021-09-15T12:21:14+00:00","breadcrumb":{"@id":"https:\/\/www.twpl.com\/pt-br\/mapa-do-site\/#breadcrumb"},"inLanguage":"pt-BR","potentialAction":[{"@type":"ReadAction","target":["https:\/\/www.twpl.com\/pt-br\/mapa-do-site\/"]}]},{"@type":"BreadcrumbList","@id":"https:\/\/www.twpl.com\/pt-br\/mapa-do-site\/#breadcrumb","itemListElement":[{"@type":"ListItem","position":1,"name":"Home","item":"https:\/\/www.twpl.com\/pt-br\/"},{"@type":"ListItem","position":2,"name":"Mapa do site"}]},{"@type":"WebSite","@id":"https:\/\/www.twpl.com\/pt-br\/#website","url":"https:\/\/www.twpl.com\/pt-br\/","name":"TWPL","description":"Trusted Advisors for Asset Management Excellence","publisher":{"@id":"https:\/\/www.twpl.com\/pt-br\/#organization"},"potentialAction":[{"@type":"SearchAction","target":{"@type":"EntryPoint","urlTemplate":"https:\/\/www.twpl.com\/pt-br\/?s={search_term_string}"},"query-input":{"@type":"PropertyValueSpecification","valueRequired":true,"valueName":"search_term_string"}}],"inLanguage":"pt-BR"},{"@type":"Organization","@id":"https:\/\/www.twpl.com\/pt-br\/#organization","name":"The Woodhouse Partnership Ltd","url":"https:\/\/www.twpl.com\/pt-br\/","logo":{"@type":"ImageObject","inLanguage":"pt-BR","@id":"https:\/\/www.twpl.com\/pt-br\/#\/schema\/logo\/image\/","url":"https:\/\/www.twpl.com\/wp-content\/uploads\/2021\/02\/Woodhouse-RSK-Logo.png","contentUrl":"https:\/\/www.twpl.com\/wp-content\/uploads\/2021\/02\/Woodhouse-RSK-Logo.png","width":350,"height":100,"caption":"The Woodhouse Partnership Ltd"},"image":{"@id":"https:\/\/www.twpl.com\/pt-br\/#\/schema\/logo\/image\/"},"sameAs":["https:\/\/www.linkedin.com\/company\/the-woodhouse-partnership-limited\/?viewAsMember=true"]}]}},"ticketed":false,"_links":{"self":[{"href":"https:\/\/www.twpl.com\/pt-br\/wp-json\/wp\/v2\/pages\/3431","targetHints":{"allow":["GET"]}}],"collection":[{"href":"https:\/\/www.twpl.com\/pt-br\/wp-json\/wp\/v2\/pages"}],"about":[{"href":"https:\/\/www.twpl.com\/pt-br\/wp-json\/wp\/v2\/types\/page"}],"author":[{"embeddable":true,"href":"https:\/\/www.twpl.com\/pt-br\/wp-json\/wp\/v2\/users\/1"}],"replies":[{"embeddable":true,"href":"https:\/\/www.twpl.com\/pt-br\/wp-json\/wp\/v2\/comments?post=3431"}],"version-history":[{"count":0,"href":"https:\/\/www.twpl.com\/pt-br\/wp-json\/wp\/v2\/pages\/3431\/revisions"}],"wp:attachment":[{"href":"https:\/\/www.twpl.com\/pt-br\/wp-json\/wp\/v2\/media?parent=3431"}],"curies":[{"name":"wp","href":"https:\/\/api.w.org\/{rel}","templated":true}]}}