{"id":3421,"date":"2021-06-21T11:46:29","date_gmt":"2021-06-21T10:46:29","guid":{"rendered":"https:\/\/twplguk.wpengine.com\/diferentes-pontos-de-partida-desafios-e-prioridades\/"},"modified":"2021-10-01T18:30:15","modified_gmt":"2021-10-01T17:30:15","slug":"diferentes-pontos-de-partida-desafios-e-prioridades","status":"publish","type":"page","link":"https:\/\/www.twpl.com\/pt-br\/diferentes-pontos-de-partida-desafios-e-prioridades\/","title":{"rendered":"Diferentes pontos de partida, desafios e prioridades"},"content":{"rendered":"<h1>Diferentes pontos de partida, desafios e prioridades<\/h1>\n<p>Podemos fornecer uma combina\u00e7\u00e3o valiosa de consultoria, aprendizado e ferramentas pr\u00e1ticas em todos os n\u00edveis de sua jornada de gerenciamento de ativos ou de sua organiza\u00e7\u00e3o.<\/p>\n<h2>Ajudando voc\u00ea em cada etapa da jornada de gerenciamento de ativos<\/h2>\n<p>Onde voc\u00ea est\u00e1 em sua jornada de gerenciamento de ativos? Voc\u00ea est\u00e1 trabalhando em silos departamentais com prioridades concorrentes, conhecimento irregular e riscos desconhecidos? Ou voc\u00ea j\u00e1 est\u00e1 na jornada para estabelecer uma abordagem conjunta, sistem\u00e1tica e integrada para a gest\u00e3o de ativos? Talvez voc\u00ea tenha um sistema estabelecido para planejamento estrat\u00e9gico, etc., e est\u00e1 procurando onde focar em seguida?<\/p>\n<p>Para apoiar a jornada mais ampla de gerenciamento de ativos, agrupamos previamente a combina\u00e7\u00e3o mais valiosa de suporte, aprendizado e ferramentas pr\u00e1ticas que s\u00e3o normalmente necess\u00e1rias em diferentes est\u00e1gios da jornada, seja voc\u00ea um indiv\u00edduo ou uma organiza\u00e7\u00e3o.<\/p>\n<h2>Precisa de ajuda em &#8230;.<\/h2>\n<p>\t\t\t\t\t\t\t\t\t\t\t\t\t\t\t<img loading=\"lazy\" decoding=\"async\" width=\"200\" height=\"71\" src=\"https:\/\/www.twpl.com\/wp-content\/uploads\/2021\/06\/Getting-started-mountain-200x71-1.png\" alt=\"\" loading=\"lazy\" \/>\t\t\t\t\t\t\t\t\t\t\t\t\t\t\t<\/p>\n<h3>Obtendo <br \/>Iniciado<\/h3>\n<ul>\n<li><strong>Aprendendo<\/strong> principais conceitos, pr\u00e1ticas e benef\u00edcios?<\/li>\n<li><strong>Planejamento<\/strong> como come\u00e7ar e priorizar o caminho a seguir?<\/li>\n<li><strong>Convincente<\/strong> patrocinadores e c\u00e9ticos?<\/li>\n<\/ul>\n<p>\t\t\t<a href=\"#come\u00e7ando\" role=\"button\"><br \/>\n\t\t\t\t\t\tDescubra mais<br \/>\n\t\t\t\t\t<\/a><br \/>\n\t\t\t\t\t\t\t\t\t\t\t\t\t\t\t<img loading=\"lazy\" decoding=\"async\" width=\"200\" height=\"71\" src=\"https:\/\/www.twpl.com\/wp-content\/uploads\/2021\/06\/Integratting-embedding-mountain-200x71-1.png\" alt=\"\" loading=\"lazy\" \/>\t\t\t\t\t\t\t\t\t\t\t\t\t\t\t<\/p>\n<h3>Integrando<br \/>&amp; Incorpora\u00e7\u00e3o<\/h3>\n<ul>\n<li style=\"text-align: left;\">Alcan\u00e7ando um verdadeiro<strong> transforma\u00e7\u00e3o<\/strong> <\/li>\n<li style=\"text-align: left;\"><strong>Mudan\u00e7a de cultura<\/strong> : estabelecendo os valores, comportamentos e h\u00e1bitos corretos?<\/li>\n<li style=\"text-align: left;\"><strong>Realiza\u00e7\u00e3o de benef\u00edcios<\/strong> : quantificar e demonstrar em n\u00fameros concretos?<\/li>\n<\/ul>\n<p>\t\t\t<a href=\"#Integrando\" role=\"button\"><br \/>\n\t\t\t\t\t\tDescubra mais<br \/>\n\t\t\t\t\t<\/a><br \/>\n\t\t\t\t\t\t\t\t\t\t\t\t\t\t\t<img loading=\"lazy\" decoding=\"async\" width=\"200\" height=\"71\" src=\"https:\/\/www.twpl.com\/wp-content\/uploads\/2021\/06\/Seeking-excellence-mountain-200x71-1.png\" alt=\"\" loading=\"lazy\" \/>\t\t\t\t\t\t\t\t\t\t\t\t\t\t\t<\/p>\n<h3>Buscando<br \/>Excel\u00eancia<\/h3>\n<ul>\n<li><strong>Definir novos alvos<\/strong> : encontrando e adaptando as melhores pr\u00e1ticas aplic\u00e1veis?<\/li>\n<li><strong>Otimiza\u00e7\u00e3o real<\/strong> : mostrando um valor de ciclo de vida ideal totalmente quantificado?<\/li>\n<li><strong>Inova\u00e7\u00e3o<\/strong> : desbravando novos caminhos e mostrando o que \u00e9 poss\u00edvel?<\/li>\n<\/ul>\n<p>\t\t\t<a href=\"#buscando\" role=\"button\"><br \/>\n\t\t\t\t\t\tDescubra mais<br \/>\n\t\t\t\t\t<\/a><\/p>\n<h2>Come\u00e7ando<\/h2>\n<p style=\"text-align: center;\">Nossa gama de primeiros passos de servi\u00e7os e educa\u00e7\u00e3o \u00e9 voltada para estabelecer um ponto de partida robusto e uma base s\u00f3lida para alcan\u00e7ar o alinhamento da compreens\u00e3o dos princ\u00edpios b\u00e1sicos, linguagem e conceitos de gerenciamento de ativos.<\/p>\n<h5>Premiado <br \/>Servi\u00e7os de consultoria<\/h5>\n<p><a href=\"https:\/\/twplguk.wpengine.com\/corporate-development\/\">Maturidade organizacional em gest\u00e3o de ativos<\/a><\/p>\n<p><a href=\"https:\/\/twplguk.wpengine.com\/corporate-development\/assessments-audits-and-certifications\/\">An\u00e1lise de lacuna em rela\u00e7\u00e3o a PAS55 \/ ISO55001<\/a><\/p>\n<p><a href=\"https:\/\/twplguk.wpengine.com\/corporate-development\/implementation-support\/\">Requisitos de compet\u00eancia e desenvolvimento profissional<\/a><\/p>\n<p><a href=\"https:\/\/twplguk.wpengine.com\/nossos-servicos\/servicos-de-consultoria\/avaliacoes-auditorias-e-certificacoes\/?lang=pt-br\">An\u00e1lise de lacunas em rela\u00e7\u00e3o \u00e0 estrutura de compet\u00eancias IAM<\/a><\/p>\n<h5>Gest\u00e3o de ativos <br \/>Educa\u00e7\u00e3o e Treinamento<\/h5>\n<p><a href=\"https:\/\/twplguk.wpengine.com\/nossos-servicos\/servicos-de-consultoria\/avaliacoes-auditorias-e-certificacoes\/?lang=pt-br\">Briefings executivos com contexto organizacional<\/a><\/p>\n<p><a href=\"https:\/\/www.assetmanagementacademy.com\">Cursos de introdu\u00e7\u00e3o aos conceitos iniciais aprovados pela IAM<\/a><\/p>\n<p><a href=\"https:\/\/www.assetmanagementacademy.com\/\">Cursos e webinars flex\u00edveis em sala de aula virtual e eLearning<\/a><\/p>\n<ul>\n<li>Funda\u00e7\u00e3o IAM <\/li>\n<li>Certificado IAM <\/li>\n<li>M\u00f3dulos individuais para aprendizagem espec\u00edfica<\/li>\n<\/ul>\n<h5>Ferramentas de tomada de decis\u00e3o<br \/>Treinamento e t\u00e9cnicas<\/h5>\n<p><a href=\"https:\/\/www.assetmanagementacademy.com\/\">Treinamento avan\u00e7ado em otimiza\u00e7\u00e3o de estrat\u00e9gia e tomada de decis\u00e3o<\/a><\/p>\n<ul>\n<li>Estrat\u00e9gias de desligamento e agrupamento ideal de trabalho<\/li>\n<li>Estrat\u00e9gias de ciclo de vida<\/li>\n<li>StAMP (Planejamento Estrat\u00e9gico de Gest\u00e3o de Ativos)<\/li>\n<\/ul>\n<p><a href=\"https:\/\/twplguk.wpengine.com\/decision-making-optimization\/#SALVO\">SALVO<\/a> Treinamento de superusu\u00e1rio de processo, f acilitadores e status de certifica\u00e7\u00e3o de especialista<\/p>\n<h2>Integra\u00e7\u00e3o e incorpora\u00e7\u00e3o<\/h2>\n<p style=\"text-align: center;\">Para indiv\u00edduos e organiza\u00e7\u00f5es com responsabilidade pelo desenvolvimento de estrat\u00e9gias e planos, ou est\u00e3o liderando e facilitando programas de melhoria para apoiar o estabelecimento de um sistema de gest\u00e3o integrado e eficaz para a Gest\u00e3o de Ativos. <\/p>\n<h5>Premiado <br \/>Servi\u00e7os de consultoria<\/h5>\n<p><a href=\"https:\/\/twplguk.wpengine.com\/corporate-development\/\">Desenvolvimento de sistema de gest\u00e3o de ativos corporativos<\/a><\/p>\n<p><a href=\"https:\/\/twplguk.wpengine.com\/corporate-development\/implementation-support\/\">Implementa\u00e7\u00e3o ISO 55001<\/a><\/p>\n<p>Processos de programas de transforma\u00e7\u00e3o corporativa, pessoas, tecnologia<\/p>\n<h5>Gest\u00e3o de ativos <br \/>Educa\u00e7\u00e3o e Treinamento<\/h5>\n<p><a href=\"https:\/\/twplguk.wpengine.com\/corporate-development\/#coaching\">Coaching de Gest\u00e3o<\/a><\/p>\n<p>Cursos de qualifica\u00e7\u00e3o para Diploma Endossado pela IAM:<br \/>Convers\u00e3o completa de 5 dias ou 3 dias para aqueles com certificado<\/p>\n<p>Conjunto de nicho Woodhouse e cursos de educa\u00e7\u00e3o especializados em Gest\u00e3o de Ativos, por exemplo:<\/p>\n<ul>\n<li>Preparando para ISO 55000<\/li>\n<li>Cuidado e renova\u00e7\u00e3o de ativos<\/li>\n<li>Aprendizagem personalizada combinada <\/li>\n<\/ul>\n<p>Op\u00e7\u00f5es de grupo interativo &#8211; O desafio de gerenciamento de ativos<\/p>\n<h5>Ferramentas de tomada de decis\u00e3o<br \/>Treinamento e t\u00e9cnicas<\/h5>\n<p>Treinamento de processo de otimiza\u00e7\u00e3o de custo \/ risco \/ desempenho<\/p>\n<ul>\n<li>Investimento de capital e propostas de projetos<\/li>\n<li>Estrat\u00e9gias de manuten\u00e7\u00e3o e inspe\u00e7\u00e3o<\/li>\n<li>Pe\u00e7as de reposi\u00e7\u00e3o, compras e decis\u00f5es de estoque<\/li>\n<li>Renova\u00e7\u00e3o de ativos, obsolesc\u00eancia e estrat\u00e9gias de extens\u00e3o de vida<\/li>\n<li>Custo do ciclo de vida (LCC)<\/li>\n<\/ul>\n<h2>Buscando Excel\u00eancia<\/h2>\n<p style=\"text-align: center;\">Como trabalhamos na vanguarda da pesquisa, desenvolvimento e lideran\u00e7a inovadora, podemos ajud\u00e1-lo a se adaptar a novas tecnologias, novas ideias e mudan\u00e7as no contexto organizacional para garantir que voc\u00ea e sua empresa sejam prospectivos, \u00e1geis e capazes de demonstrar din\u00e2micas otimiza\u00e7\u00e3o. <\/p>\n<h5>Premiado <br \/>Servi\u00e7os de consultoria<\/h5>\n<p>Ir al\u00e9m dos requisitos da ISO 55000 por meio de processos de melhoria cont\u00ednua e identifica\u00e7\u00e3o de metas de excel\u00eancia espec\u00edficas ao contexto<\/p>\n<h5>Gest\u00e3o de ativos <br \/>Educa\u00e7\u00e3o e Treinamento<\/h5>\n<p>Mentoria e cursos sob medida para L\u00edderes e Campe\u00f5es de Gest\u00e3o de Ativos<\/p>\n<p>Gerente Profissional de Ativos<\/p>\n<h5>Ferramentas de tomada de decis\u00e3o<br \/>Treinamento e t\u00e9cnicas<\/h5>\n<p>Treinamento avan\u00e7ado em otimiza\u00e7\u00e3o de estrat\u00e9gia e tomada de decis\u00e3o<\/p>\n<ul>\n<li>Estrat\u00e9gias de desligamento e agrupamento ideal de trabalho<\/li>\n<li>Estrat\u00e9gias de ciclo de vida<\/li>\n<li><a href=\"https:\/\/twplguk.wpengine.com\/corporate-development\/strategic-planning\/\">Carimbo<\/a> (Planejamento Estrat\u00e9gico de Gest\u00e3o de Ativos)<\/li>\n<\/ul>\n<p><a href=\"https:\/\/twplguk.wpengine.com\/decision-making-optimization\/#SALVO\">SALVO<\/a> Treinamento de superusu\u00e1rio de processo, f acilitadores e status de certifica\u00e7\u00e3o de especialista<\/p>\n<p>\t\t\t\t\t\t\t\t\t\t\t\t\t\t\t\t<a href=\"https:\/\/twplguk.wpengine.com\/resources\/#shop\"><br \/>\n\t\t\t\t\t\t\t<img loading=\"lazy\" decoding=\"async\" width=\"300\" height=\"261\" src=\"https:\/\/www.twpl.com\/wp-content\/uploads\/2021\/06\/TWPL_AMA_Logo_Stacked_NEW_v3-300x261.png\" alt=\"\" loading=\"lazy\" srcset=\"https:\/\/www.twpl.com\/wp-content\/uploads\/2021\/06\/TWPL_AMA_Logo_Stacked_NEW_v3-300x261.png 300w, https:\/\/www.twpl.com\/wp-content\/uploads\/2021\/06\/TWPL_AMA_Logo_Stacked_NEW_v3-1024x889.png 1024w, https:\/\/www.twpl.com\/wp-content\/uploads\/2021\/06\/TWPL_AMA_Logo_Stacked_NEW_v3-768x667.png 768w, https:\/\/www.twpl.com\/wp-content\/uploads\/2021\/06\/TWPL_AMA_Logo_Stacked_NEW_v3-1536x1334.png 1536w, https:\/\/www.twpl.com\/wp-content\/uploads\/2021\/06\/TWPL_AMA_Logo_Stacked_NEW_v3-2048x1779.png 2048w, https:\/\/www.twpl.com\/wp-content\/uploads\/2021\/06\/TWPL_AMA_Logo_Stacked_NEW_v3-600x521.png 600w\" sizes=\"auto, (max-width: 300px) 100vw, 300px\" \/>\t\t\t\t\t\t\t\t<\/a><\/p>\n<p style=\"text-align: center;\">A jornada da Woodhouse Asset Management n\u00e3o tem fim <br \/>&#8211; \u00e9 um interesse cont\u00ednuo, entusiasmo, desafios e oportunidades.<\/p>\n<h2>Forma\u00e7\u00e3o cont\u00ednua<\/h2>\n<p>Woodhouse tem trabalhado com muitas organiza\u00e7\u00f5es por 10, 15 ou 20 anos em uma fun\u00e7\u00e3o cont\u00ednua de &#8216;consultor confi\u00e1vel&#8217;, constantemente ultrapassando os limites do que \u00e9 poss\u00edvel e transferindo o aprendizado entre diferentes setores da ind\u00fastria. V\u00e1 para a Woodhouse Academy para saber mais.<\/p>\n<p>\t\t\t<a href=\"https:\/\/twplguk.wpengine.com\/resources\/#shop\" target=\"_blank\" role=\"button\" rel=\"noopener\"><br \/>\n\t\t\t\t\t\tDescubra mais<br \/>\n\t\t\t\t\t<\/a><\/p>\n<h2>O que nossos clientes t\u00eam a dizer<\/h2>\n<p>\t\t\t\t\t\t\t\t\t\t\t\t\t\t\t<img loading=\"lazy\" decoding=\"async\" width=\"200\" height=\"80\" src=\"https:\/\/www.twpl.com\/wp-content\/uploads\/2021\/05\/NI-electricity-Works-200x80-1.jpg\" alt=\"\" loading=\"lazy\" \/>\t\t\t\t\t\t\t\t\t\t\t\t\t\t\t<\/p>\n<p>Temos usado o processo SALVO e o software de suporte DST para atualizar e melhorar as estrat\u00e9gias de manuten\u00e7\u00e3o de nossos ativos de rede el\u00e9trica. Escolhemos o DST e o Processo SALVO porque eles podem se integrar aos nossos processos de neg\u00f3cios existentes. Esses recursos, al\u00e9m de ter especialistas qualificados e experientes nos orientando ao longo dos est\u00e1gios de implementa\u00e7\u00e3o, provaram ser uma combina\u00e7\u00e3o vencedora em nossa tomada de decis\u00e3o \u201d.<\/p>\n<p>\t\t\t\t\t\t\t\t\t\t\t\t\t\tSam Gibson<br \/>\n\t\t\t\t\t\t\t\t\t\t\t\t\t\t\t\t\t\t\t\t\t\tGerente de Estrat\u00e9gia de Investimento (Esta\u00e7\u00f5es), Northern Ireland Electricity Networks<\/p>\n<h4>Ferramentas de Apoio \u00e0 Decis\u00e3o<\/h4>\n<p>A Decision Support Tools Ltd desenvolve, ap\u00f3ia e personaliza as melhores ferramentas, processos e treinamento para o suporte \u00e0 decis\u00e3o de gerenciamento de ativos em mais de 40 \u00e1reas de solu\u00e7\u00e3o de problemas t\u00edpicos.<\/p>\n<p>\t\t\t<a href=\"https:\/\/twplguk.wpengine.com\/nossos-servicos\/ferramentas-de-tomada-de-decisao-e-otimizacao-de-valor\/?lang=pt-br\" role=\"button\"><br \/>\n\t\t\t\t\t\tDescubra mais<br \/>\n\t\t\t\t\t<\/a><\/p>\n<h4>Guia SAMP<\/h4>\n<p>Conselhos pr\u00e1ticos para o desenvolvimento de um<strong> Plano Estrat\u00e9gico de Gest\u00e3o de Ativos<\/strong> . O SAMP \u00e9 uma ferramenta de planejamento para esclarecer inten\u00e7\u00f5es, prioridades e pr\u00e1ticas a serem adotadas. <\/p>\n<p>\t\t\t<a href=\"https:\/\/twplguk.wpengine.com\/nossos-servicos\/ferramentas-de-tomada-de-decisao-e-otimizacao-de-valor\/?lang=pt-br#shop\" role=\"button\"><br \/>\n\t\t\t\t\t\tDescubra mais<br \/>\n\t\t\t\t\t<\/a><\/p>\n<h4>Suporte de Implementa\u00e7\u00e3o<\/h4>\n<p>Woodhouse oferece ampla experi\u00eancia em primeira m\u00e3o e multidisciplinar na montagem das pe\u00e7as e na constru\u00e7\u00e3o de um caminho robusto, coordenado e personalizado.<\/p>\n<p>\t\t\t<a href=\"https:\/\/twplguk.wpengine.com\/nossos-servicos\/servicos-de-consultoria\/suporte-de-implementacao\/?lang=pt-br\" role=\"button\"><br \/>\n\t\t\t\t\t\tDescubra mais<br \/>\n\t\t\t\t\t<\/a><\/p>\n<h3>Precisa de ajuda ou conselho? Entre em contato com nossa equipe premiada <\/h3>\n<p>\t\t\t<a href=\"https:\/\/www.twpl.com\/pt-br\/entre-em-contato-conosco\/\" role=\"button\"><br \/>\n\t\t\t\t\t\tEntre em contato conosco<br \/>\n\t\t\t\t\t<\/a><\/p>\n","protected":false},"excerpt":{"rendered":"<p>Diferentes pontos de partida, desafios e prioridades Podemos fornecer uma combina\u00e7\u00e3o valiosa de consultoria, aprendizado e ferramentas pr\u00e1ticas em todos os n\u00edveis de sua jornada de gerenciamento de ativos ou [&hellip;]<\/p>\n","protected":false},"author":2,"featured_media":0,"parent":0,"menu_order":0,"comment_status":"closed","ping_status":"closed","template":"elementor_header_footer","meta":{"_acf_changed":false,"om_disable_all_campaigns":false,"_price":"","_stock":"","_tribe_ticket_header":"","_tribe_default_ticket_provider":"","_tribe_ticket_capacity":"0","_ticket_start_date":"","_ticket_end_date":"","_tribe_ticket_show_description":"","_tribe_ticket_show_not_going":false,"_tribe_ticket_use_global_stock":"","_tribe_ticket_global_stock_level":"","_global_stock_mode":"","_global_stock_cap":"","_tribe_rsvp_for_event":"","_tribe_ticket_going_count":"","_tribe_ticket_not_going_count":"","_tribe_tickets_list":"[]","_tribe_ticket_has_attendee_info_fields":false,"footnotes":"","_tec_slr_enabled":"","_tec_slr_layout":""},"class_list":["post-3421","page","type-page","status-publish","hentry"],"acf":[],"yoast_head":"<!-- This site is optimized with the Yoast SEO Premium plugin v27.2 (Yoast SEO v27.5) - https:\/\/yoast.com\/product\/yoast-seo-premium-wordpress\/ -->\n<title>Diferentes pontos de partida, desafios e prioridades - TWPL<\/title>\n<meta name=\"robots\" content=\"index, follow, max-snippet:-1, max-image-preview:large, max-video-preview:-1\" \/>\n<link rel=\"canonical\" href=\"https:\/\/www.twpl.com\/pt-br\/diferentes-pontos-de-partida-desafios-e-prioridades\/\" \/>\n<meta property=\"og:locale\" content=\"pt_BR\" \/>\n<meta property=\"og:type\" content=\"article\" \/>\n<meta property=\"og:title\" content=\"Diferentes pontos de partida, desafios e prioridades\" \/>\n<meta property=\"og:description\" content=\"Diferentes pontos de partida, desafios e prioridades Podemos fornecer uma combina\u00e7\u00e3o valiosa de consultoria, aprendizado e ferramentas pr\u00e1ticas em todos os n\u00edveis de sua jornada de gerenciamento de ativos ou [&hellip;]\" \/>\n<meta property=\"og:url\" content=\"https:\/\/www.twpl.com\/pt-br\/diferentes-pontos-de-partida-desafios-e-prioridades\/\" \/>\n<meta property=\"og:site_name\" content=\"TWPL\" \/>\n<meta property=\"article:modified_time\" content=\"2021-10-01T17:30:15+00:00\" \/>\n<meta property=\"og:image\" content=\"https:\/\/www.twpl.com\/wp-content\/uploads\/2021\/06\/Getting-started-mountain-200x71-1.png\" \/>\n\t<meta property=\"og:image:width\" content=\"200\" \/>\n\t<meta property=\"og:image:height\" content=\"71\" \/>\n\t<meta property=\"og:image:type\" content=\"image\/png\" \/>\n<meta name=\"twitter:card\" content=\"summary_large_image\" \/>\n<meta name=\"twitter:label1\" content=\"Est. reading time\" \/>\n\t<meta name=\"twitter:data1\" content=\"6 minutos\" \/>\n<script type=\"application\/ld+json\" class=\"yoast-schema-graph\">{\"@context\":\"https:\\\/\\\/schema.org\",\"@graph\":[{\"@type\":\"WebPage\",\"@id\":\"https:\\\/\\\/www.twpl.com\\\/pt-br\\\/diferentes-pontos-de-partida-desafios-e-prioridades\\\/\",\"url\":\"https:\\\/\\\/www.twpl.com\\\/pt-br\\\/diferentes-pontos-de-partida-desafios-e-prioridades\\\/\",\"name\":\"Diferentes pontos de partida, desafios e prioridades - TWPL\",\"isPartOf\":{\"@id\":\"https:\\\/\\\/www.twpl.com\\\/pt-br\\\/#website\"},\"primaryImageOfPage\":{\"@id\":\"https:\\\/\\\/www.twpl.com\\\/pt-br\\\/diferentes-pontos-de-partida-desafios-e-prioridades\\\/#primaryimage\"},\"image\":{\"@id\":\"https:\\\/\\\/www.twpl.com\\\/pt-br\\\/diferentes-pontos-de-partida-desafios-e-prioridades\\\/#primaryimage\"},\"thumbnailUrl\":\"https:\\\/\\\/www.twpl.com\\\/wp-content\\\/uploads\\\/2021\\\/06\\\/Getting-started-mountain-200x71-1.png\",\"datePublished\":\"2021-06-21T10:46:29+00:00\",\"dateModified\":\"2021-10-01T17:30:15+00:00\",\"breadcrumb\":{\"@id\":\"https:\\\/\\\/www.twpl.com\\\/pt-br\\\/diferentes-pontos-de-partida-desafios-e-prioridades\\\/#breadcrumb\"},\"inLanguage\":\"pt-BR\",\"potentialAction\":[{\"@type\":\"ReadAction\",\"target\":[\"https:\\\/\\\/www.twpl.com\\\/pt-br\\\/diferentes-pontos-de-partida-desafios-e-prioridades\\\/\"]}]},{\"@type\":\"ImageObject\",\"inLanguage\":\"pt-BR\",\"@id\":\"https:\\\/\\\/www.twpl.com\\\/pt-br\\\/diferentes-pontos-de-partida-desafios-e-prioridades\\\/#primaryimage\",\"url\":\"https:\\\/\\\/www.twpl.com\\\/wp-content\\\/uploads\\\/2021\\\/06\\\/Getting-started-mountain-200x71-1.png\",\"contentUrl\":\"https:\\\/\\\/www.twpl.com\\\/wp-content\\\/uploads\\\/2021\\\/06\\\/Getting-started-mountain-200x71-1.png\"},{\"@type\":\"BreadcrumbList\",\"@id\":\"https:\\\/\\\/www.twpl.com\\\/pt-br\\\/diferentes-pontos-de-partida-desafios-e-prioridades\\\/#breadcrumb\",\"itemListElement\":[{\"@type\":\"ListItem\",\"position\":1,\"name\":\"Home\",\"item\":\"https:\\\/\\\/www.twpl.com\\\/pt-br\\\/\"},{\"@type\":\"ListItem\",\"position\":2,\"name\":\"Diferentes pontos de partida, desafios e prioridades\"}]},{\"@type\":\"WebSite\",\"@id\":\"https:\\\/\\\/www.twpl.com\\\/pt-br\\\/#website\",\"url\":\"https:\\\/\\\/www.twpl.com\\\/pt-br\\\/\",\"name\":\"TWPL\",\"description\":\"Trusted Advisors for Asset Management Excellence\",\"publisher\":{\"@id\":\"https:\\\/\\\/www.twpl.com\\\/pt-br\\\/#organization\"},\"potentialAction\":[{\"@type\":\"SearchAction\",\"target\":{\"@type\":\"EntryPoint\",\"urlTemplate\":\"https:\\\/\\\/www.twpl.com\\\/pt-br\\\/?s={search_term_string}\"},\"query-input\":{\"@type\":\"PropertyValueSpecification\",\"valueRequired\":true,\"valueName\":\"search_term_string\"}}],\"inLanguage\":\"pt-BR\"},{\"@type\":\"Organization\",\"@id\":\"https:\\\/\\\/www.twpl.com\\\/pt-br\\\/#organization\",\"name\":\"The Woodhouse Partnership Ltd\",\"url\":\"https:\\\/\\\/www.twpl.com\\\/pt-br\\\/\",\"logo\":{\"@type\":\"ImageObject\",\"inLanguage\":\"pt-BR\",\"@id\":\"https:\\\/\\\/www.twpl.com\\\/pt-br\\\/#\\\/schema\\\/logo\\\/image\\\/\",\"url\":\"https:\\\/\\\/www.twpl.com\\\/wp-content\\\/uploads\\\/2021\\\/02\\\/Woodhouse-RSK-Logo.png\",\"contentUrl\":\"https:\\\/\\\/www.twpl.com\\\/wp-content\\\/uploads\\\/2021\\\/02\\\/Woodhouse-RSK-Logo.png\",\"width\":350,\"height\":100,\"caption\":\"The Woodhouse Partnership Ltd\"},\"image\":{\"@id\":\"https:\\\/\\\/www.twpl.com\\\/pt-br\\\/#\\\/schema\\\/logo\\\/image\\\/\"},\"sameAs\":[\"https:\\\/\\\/www.linkedin.com\\\/company\\\/the-woodhouse-partnership-limited\\\/?viewAsMember=true\"]}]}<\/script>\n<!-- \/ Yoast SEO Premium plugin. -->","yoast_head_json":{"title":"Diferentes pontos de partida, desafios e prioridades - TWPL","robots":{"index":"index","follow":"follow","max-snippet":"max-snippet:-1","max-image-preview":"max-image-preview:large","max-video-preview":"max-video-preview:-1"},"canonical":"https:\/\/www.twpl.com\/pt-br\/diferentes-pontos-de-partida-desafios-e-prioridades\/","og_locale":"pt_BR","og_type":"article","og_title":"Diferentes pontos de partida, desafios e prioridades","og_description":"Diferentes pontos de partida, desafios e prioridades Podemos fornecer uma combina\u00e7\u00e3o valiosa de consultoria, aprendizado e ferramentas pr\u00e1ticas em todos os n\u00edveis de sua jornada de gerenciamento de ativos ou [&hellip;]","og_url":"https:\/\/www.twpl.com\/pt-br\/diferentes-pontos-de-partida-desafios-e-prioridades\/","og_site_name":"TWPL","article_modified_time":"2021-10-01T17:30:15+00:00","og_image":[{"width":200,"height":71,"url":"https:\/\/www.twpl.com\/wp-content\/uploads\/2021\/06\/Getting-started-mountain-200x71-1.png","type":"image\/png"}],"twitter_card":"summary_large_image","twitter_misc":{"Est. reading time":"6 minutos"},"schema":{"@context":"https:\/\/schema.org","@graph":[{"@type":"WebPage","@id":"https:\/\/www.twpl.com\/pt-br\/diferentes-pontos-de-partida-desafios-e-prioridades\/","url":"https:\/\/www.twpl.com\/pt-br\/diferentes-pontos-de-partida-desafios-e-prioridades\/","name":"Diferentes pontos de partida, desafios e prioridades - TWPL","isPartOf":{"@id":"https:\/\/www.twpl.com\/pt-br\/#website"},"primaryImageOfPage":{"@id":"https:\/\/www.twpl.com\/pt-br\/diferentes-pontos-de-partida-desafios-e-prioridades\/#primaryimage"},"image":{"@id":"https:\/\/www.twpl.com\/pt-br\/diferentes-pontos-de-partida-desafios-e-prioridades\/#primaryimage"},"thumbnailUrl":"https:\/\/www.twpl.com\/wp-content\/uploads\/2021\/06\/Getting-started-mountain-200x71-1.png","datePublished":"2021-06-21T10:46:29+00:00","dateModified":"2021-10-01T17:30:15+00:00","breadcrumb":{"@id":"https:\/\/www.twpl.com\/pt-br\/diferentes-pontos-de-partida-desafios-e-prioridades\/#breadcrumb"},"inLanguage":"pt-BR","potentialAction":[{"@type":"ReadAction","target":["https:\/\/www.twpl.com\/pt-br\/diferentes-pontos-de-partida-desafios-e-prioridades\/"]}]},{"@type":"ImageObject","inLanguage":"pt-BR","@id":"https:\/\/www.twpl.com\/pt-br\/diferentes-pontos-de-partida-desafios-e-prioridades\/#primaryimage","url":"https:\/\/www.twpl.com\/wp-content\/uploads\/2021\/06\/Getting-started-mountain-200x71-1.png","contentUrl":"https:\/\/www.twpl.com\/wp-content\/uploads\/2021\/06\/Getting-started-mountain-200x71-1.png"},{"@type":"BreadcrumbList","@id":"https:\/\/www.twpl.com\/pt-br\/diferentes-pontos-de-partida-desafios-e-prioridades\/#breadcrumb","itemListElement":[{"@type":"ListItem","position":1,"name":"Home","item":"https:\/\/www.twpl.com\/pt-br\/"},{"@type":"ListItem","position":2,"name":"Diferentes pontos de partida, desafios e prioridades"}]},{"@type":"WebSite","@id":"https:\/\/www.twpl.com\/pt-br\/#website","url":"https:\/\/www.twpl.com\/pt-br\/","name":"TWPL","description":"Trusted Advisors for Asset Management Excellence","publisher":{"@id":"https:\/\/www.twpl.com\/pt-br\/#organization"},"potentialAction":[{"@type":"SearchAction","target":{"@type":"EntryPoint","urlTemplate":"https:\/\/www.twpl.com\/pt-br\/?s={search_term_string}"},"query-input":{"@type":"PropertyValueSpecification","valueRequired":true,"valueName":"search_term_string"}}],"inLanguage":"pt-BR"},{"@type":"Organization","@id":"https:\/\/www.twpl.com\/pt-br\/#organization","name":"The Woodhouse Partnership Ltd","url":"https:\/\/www.twpl.com\/pt-br\/","logo":{"@type":"ImageObject","inLanguage":"pt-BR","@id":"https:\/\/www.twpl.com\/pt-br\/#\/schema\/logo\/image\/","url":"https:\/\/www.twpl.com\/wp-content\/uploads\/2021\/02\/Woodhouse-RSK-Logo.png","contentUrl":"https:\/\/www.twpl.com\/wp-content\/uploads\/2021\/02\/Woodhouse-RSK-Logo.png","width":350,"height":100,"caption":"The Woodhouse Partnership Ltd"},"image":{"@id":"https:\/\/www.twpl.com\/pt-br\/#\/schema\/logo\/image\/"},"sameAs":["https:\/\/www.linkedin.com\/company\/the-woodhouse-partnership-limited\/?viewAsMember=true"]}]}},"ticketed":false,"_links":{"self":[{"href":"https:\/\/www.twpl.com\/pt-br\/wp-json\/wp\/v2\/pages\/3421","targetHints":{"allow":["GET"]}}],"collection":[{"href":"https:\/\/www.twpl.com\/pt-br\/wp-json\/wp\/v2\/pages"}],"about":[{"href":"https:\/\/www.twpl.com\/pt-br\/wp-json\/wp\/v2\/types\/page"}],"author":[{"embeddable":true,"href":"https:\/\/www.twpl.com\/pt-br\/wp-json\/wp\/v2\/users\/2"}],"replies":[{"embeddable":true,"href":"https:\/\/www.twpl.com\/pt-br\/wp-json\/wp\/v2\/comments?post=3421"}],"version-history":[{"count":0,"href":"https:\/\/www.twpl.com\/pt-br\/wp-json\/wp\/v2\/pages\/3421\/revisions"}],"wp:attachment":[{"href":"https:\/\/www.twpl.com\/pt-br\/wp-json\/wp\/v2\/media?parent=3421"}],"curies":[{"name":"wp","href":"https:\/\/api.w.org\/{rel}","templated":true}]}}