{"id":3416,"date":"2021-06-15T13:19:16","date_gmt":"2021-06-15T12:19:16","guid":{"rendered":"https:\/\/twplguk.wpengine.com\/noticia\/"},"modified":"2021-09-15T12:20:19","modified_gmt":"2021-09-15T11:20:19","slug":"noticia","status":"publish","type":"page","link":"https:\/\/www.twpl.com\/pt-br\/noticia\/","title":{"rendered":"Not\u00edcia"},"content":{"rendered":"\t\t<div data-elementor-type=\"wp-page\" data-elementor-id=\"3416\" class=\"elementor elementor-3416 elementor-813\" data-elementor-post-type=\"page\">\n\t\t\t\t\t\t<section class=\"elementor-section elementor-top-section elementor-element elementor-element-51585fe0 elementor-section-height-min-height elementor-section-boxed elementor-section-height-default elementor-section-items-middle\" data-id=\"51585fe0\" data-element_type=\"section\" data-e-type=\"section\" data-settings=\"{&quot;background_background&quot;:&quot;classic&quot;}\">\n\t\t\t\t\t\t\t<div class=\"elementor-background-overlay\"><\/div>\n\t\t\t\t\t\t\t<div class=\"elementor-container elementor-column-gap-default\">\n\t\t\t\t\t<div class=\"elementor-column elementor-col-100 elementor-top-column elementor-element elementor-element-1bbe3420\" data-id=\"1bbe3420\" data-element_type=\"column\" data-e-type=\"column\">\n\t\t\t<div class=\"elementor-widget-wrap elementor-element-populated\">\n\t\t\t\t\t\t<section class=\"elementor-section elementor-inner-section elementor-element elementor-element-7378e61 elementor-section-boxed elementor-section-height-default elementor-section-height-default\" data-id=\"7378e61\" data-element_type=\"section\" data-e-type=\"section\">\n\t\t\t\t\t\t<div class=\"elementor-container elementor-column-gap-default\">\n\t\t\t\t\t<div class=\"elementor-column elementor-col-100 elementor-inner-column elementor-element elementor-element-a793e28\" data-id=\"a793e28\" data-element_type=\"column\" data-e-type=\"column\">\n\t\t\t<div class=\"elementor-widget-wrap elementor-element-populated\">\n\t\t\t\t\t\t<div class=\"elementor-element elementor-element-562c02be elementor-widget elementor-widget-heading\" data-id=\"562c02be\" data-element_type=\"widget\" data-e-type=\"widget\" data-widget_type=\"heading.default\">\n\t\t\t\t<div class=\"elementor-widget-container\">\n\t\t\t\t\t<h1 class=\"elementor-heading-title elementor-size-default\">Not\u00edcias e leituras interessantes\n<\/h1>\t\t\t\t<\/div>\n\t\t\t\t<\/div>\n\t\t\t\t<div class=\"elementor-element elementor-element-cde4b3d elementor-widget elementor-widget-text-editor\" data-id=\"cde4b3d\" data-element_type=\"widget\" data-e-type=\"widget\" data-widget_type=\"text-editor.default\">\n\t\t\t\t<div class=\"elementor-widget-container\">\n\t\t\t\t\t\t\t\t\t<p>Nossas not\u00edcias de \u00faltima hora, atualiza\u00e7\u00f5es e as informa\u00e7\u00f5es mais recentes que voc\u00ea precisa saber sobre as melhores pr\u00e1ticas de gerenciamento de ativos, envolvimento organizacional e desenvolvimento pessoal.<\/p>\n\t\t\t\t\t\t\t\t<\/div>\n\t\t\t\t<\/div>\n\t\t\t\t\t<\/div>\n\t\t<\/div>\n\t\t\t\t\t<\/div>\n\t\t<\/section>\n\t\t\t\t\t<\/div>\n\t\t<\/div>\n\t\t\t\t\t<\/div>\n\t\t<\/section>\n\t\t\t\t<section class=\"elementor-section elementor-top-section elementor-element elementor-element-05e0a9c elementor-section-boxed elementor-section-height-default elementor-section-height-default\" data-id=\"05e0a9c\" data-element_type=\"section\" data-e-type=\"section\">\n\t\t\t\t\t\t<div class=\"elementor-container elementor-column-gap-default\">\n\t\t\t\t\t<div class=\"elementor-column elementor-col-100 elementor-top-column elementor-element elementor-element-c927fce\" data-id=\"c927fce\" data-element_type=\"column\" data-e-type=\"column\">\n\t\t\t<div class=\"elementor-widget-wrap elementor-element-populated\">\n\t\t\t\t\t\t<div class=\"elementor-element elementor-element-6757c46 elementor-widget elementor-widget-global elementor-global-3513 elementor-global-811 elementor-widget-woocommerce-breadcrumb\" data-id=\"6757c46\" data-element_type=\"widget\" data-e-type=\"widget\" data-widget_type=\"woocommerce-breadcrumb.default\">\n\t\t\t\t<div class=\"elementor-widget-container\">\n\t\t\t\t\t<nav class=\"woocommerce-breadcrumb\" aria-label=\"Breadcrumb\">In\u00edcio<\/nav>\t\t\t\t<\/div>\n\t\t\t\t<\/div>\n\t\t\t\t\t<\/div>\n\t\t<\/div>\n\t\t\t\t\t<\/div>\n\t\t<\/section>\n\t\t\t\t<section class=\"elementor-section elementor-top-section elementor-element elementor-element-4ba592b elementor-section-boxed elementor-section-height-default elementor-section-height-default\" data-id=\"4ba592b\" data-element_type=\"section\" data-e-type=\"section\">\n\t\t\t\t\t\t<div class=\"elementor-container elementor-column-gap-default\">\n\t\t\t\t\t<div class=\"elementor-column elementor-col-100 elementor-top-column elementor-element elementor-element-55b0e9d\" data-id=\"55b0e9d\" data-element_type=\"column\" data-e-type=\"column\">\n\t\t\t<div class=\"elementor-widget-wrap elementor-element-populated\">\n\t\t\t\t\t\t<div class=\"elementor-element elementor-element-b0bd195 premium-blog-align-left elementor-widget elementor-widget-premium-addon-blog\" data-id=\"b0bd195\" data-element_type=\"widget\" data-e-type=\"widget\" data-settings=\"{&quot;premium_blog_columns_number&quot;:&quot;33.33%&quot;,&quot;premium_blog_grid&quot;:&quot;yes&quot;,&quot;premium_blog_layout&quot;:&quot;even&quot;,&quot;premium_blog_columns_number_tablet&quot;:&quot;50%&quot;,&quot;premium_blog_columns_number_mobile&quot;:&quot;100%&quot;}\" data-widget_type=\"premium-addon-blog.default\">\n\t\t\t\t<div class=\"elementor-widget-container\">\n\t\t\t\t\t\r\n\t\t\r\n\r\n\t\t\t\t<div class=\"premium-blog-wrap  premium-blog-even\" data-page=\"3416\" data-pagination=\"true\">\r\n\t\t\t\t\t\t\t\t\t<div class=\"premium-blog-post-outer-container\" data-total=\"5\">\r\n\t\t\t<div class=\"premium-blog-post-container premium-blog-skin-classic\">\r\n\t\t\t\t\t\t\t\t\t<div class=\"premium-blog-thumb-effect-wrapper\">\r\n\t\t\t\t\t\t<div class=\"premium-blog-thumbnail-container premium-blog-zoomin-effect\">\r\n\t\t\t\t\t\t\t<img fetchpriority=\"high\" decoding=\"async\" width=\"1097\" height=\"908\" src=\"https:\/\/www.twpl.com\/wp-content\/uploads\/2024\/07\/iso-iso-1097.png\" class=\"attachment-full size-full wp-image-5030\" alt=\"\" srcset=\"https:\/\/www.twpl.com\/wp-content\/uploads\/2024\/07\/iso-iso-1097.png 1097w, https:\/\/www.twpl.com\/wp-content\/uploads\/2024\/07\/iso-iso-1097-300x248.png 300w, https:\/\/www.twpl.com\/wp-content\/uploads\/2024\/07\/iso-iso-1097-1024x848.png 1024w, https:\/\/www.twpl.com\/wp-content\/uploads\/2024\/07\/iso-iso-1097-768x636.png 768w, https:\/\/www.twpl.com\/wp-content\/uploads\/2024\/07\/iso-iso-1097-600x497.png 600w\" sizes=\"(max-width: 1097px) 100vw, 1097px\" \/>\t\t\t\t\t\t<\/div>\r\n\t\t\t\t\t\t\t\t\t\t\t\t\t<div class=\"premium-blog-thumbnail-overlay\">\r\n\t\t\t\t\t\t\t\t<a class=\"elementor-icon\" href=\"https:\/\/www.twpl.com\/pt-br\/iso-launches-new-standards-in-the-55000-asset-management-series\/\" target=\"_self\"><\/a>\r\n\t\t\t\t\t\t\t<\/div>\r\n\r\n\t\t\t\t\t\t\t\t\t\t\t\t\t\t\t\t\t\t<\/div>\r\n\t\t\t\t\t\t\t\t\t\t\t\t<div class=\"premium-blog-content-wrapper \">\r\n\r\n\t\t\t\t\t<div class=\"premium-blog-inner-container\">\r\n\r\n\t\t\t\t\t\t\t\t\t\t\t\t\t\t<h2 class=\"premium-blog-entry-title\">\r\n\t\t\t<a href=\"https:\/\/www.twpl.com\/pt-br\/iso-launches-new-standards-in-the-55000-asset-management-series\/\" target=\"_self\">\r\n\t\t\t\tISO launches new standards in the 55000 Asset Management series\t\t\t<\/a>\r\n\t\t<\/h2>\r\n\t\t\t\t<div class=\"premium-blog-entry-meta\">\r\n\t\t\t\r\n\t\t\t\r\n\t\t\t\r\n\t\t\t\t\t<\/div>\r\n\t\t\r\n\t\t\t\t\t<\/div>\r\n\r\n\t\t\t\t\t\t\t<div class=\"premium-blog-content-inner-wrapper\">\r\n\t\t<p class=\"premium-blog-post-content\">Updated Versions Of ISO 55000 And 55001, And Brand New Standards ISO 55012 And 55013, Are Launched.<\/p><div class=\"premium-blog-excerpt-link-wrap\"><a href=\"https:\/\/www.twpl.com\/pt-br\/iso-launches-new-standards-in-the-55000-asset-management-series\/\" target=\"_self\" class=\"premium-blog-excerpt-link elementor-button\">Read More \u00bb<\/a><\/div>\t\t<\/div>\r\n\t\t\t\t\t\t\t\r\n\t\t\t\t<\/div>\r\n\t\t\t<\/div>\r\n\t\t<\/div>\r\n\r\n\t\t\t\t<div class=\"premium-blog-post-outer-container\" data-total=\"5\">\r\n\t\t\t<div class=\"premium-blog-post-container premium-blog-skin-classic\">\r\n\t\t\t\t\t\t\t\t\t<div class=\"premium-blog-thumb-effect-wrapper\">\r\n\t\t\t\t\t\t<div class=\"premium-blog-thumbnail-container premium-blog-zoomin-effect\">\r\n\t\t\t\t\t\t\t<img decoding=\"async\" width=\"421\" height=\"258\" src=\"https:\/\/www.twpl.com\/wp-content\/uploads\/2024\/02\/Logo-with-IAM-Sponsorship.PNG\" class=\"attachment-full size-full wp-image-4933\" alt=\"\" srcset=\"https:\/\/www.twpl.com\/wp-content\/uploads\/2024\/02\/Logo-with-IAM-Sponsorship.PNG 421w, https:\/\/www.twpl.com\/wp-content\/uploads\/2024\/02\/Logo-with-IAM-Sponsorship-300x184.png 300w\" sizes=\"(max-width: 421px) 100vw, 421px\" \/>\t\t\t\t\t\t<\/div>\r\n\t\t\t\t\t\t\t\t\t\t\t\t\t<div class=\"premium-blog-thumbnail-overlay\">\r\n\t\t\t\t\t\t\t\t<a class=\"elementor-icon\" href=\"https:\/\/www.twpl.com\/pt-br\/the-asset-management-event-you-wont-want-to-miss-this-year\/\" target=\"_self\"><\/a>\r\n\t\t\t\t\t\t\t<\/div>\r\n\r\n\t\t\t\t\t\t\t\t\t\t\t\t\t\t\t\t\t\t<\/div>\r\n\t\t\t\t\t\t\t\t\t\t\t\t<div class=\"premium-blog-content-wrapper \">\r\n\r\n\t\t\t\t\t<div class=\"premium-blog-inner-container\">\r\n\r\n\t\t\t\t\t\t\t\t\t\t\t\t\t\t<h2 class=\"premium-blog-entry-title\">\r\n\t\t\t<a href=\"https:\/\/www.twpl.com\/pt-br\/the-asset-management-event-you-wont-want-to-miss-this-year\/\" target=\"_self\">\r\n\t\t\t\tTHE Asset Management event you won\u2019t want to miss this year\t\t\t<\/a>\r\n\t\t<\/h2>\r\n\t\t\t\t<div class=\"premium-blog-entry-meta\">\r\n\t\t\t\r\n\t\t\t\r\n\t\t\t\r\n\t\t\t\t\t<\/div>\r\n\t\t\r\n\t\t\t\t\t<\/div>\r\n\r\n\t\t\t\t\t\t\t<div class=\"premium-blog-content-inner-wrapper\">\r\n\t\t<p class=\"premium-blog-post-content\">\"....our growth and success enable us to take on the Headline Sponsor role for this event, particularly as we will also be launching several new services and capabilities.\"<\/p><div class=\"premium-blog-excerpt-link-wrap\"><a href=\"https:\/\/www.twpl.com\/pt-br\/the-asset-management-event-you-wont-want-to-miss-this-year\/\" target=\"_self\" class=\"premium-blog-excerpt-link elementor-button\">Read More \u00bb<\/a><\/div>\t\t<\/div>\r\n\t\t\t\t\t\t\t\r\n\t\t\t\t<\/div>\r\n\t\t\t<\/div>\r\n\t\t<\/div>\r\n\r\n\t\t\t\t<div class=\"premium-blog-post-outer-container\" data-total=\"5\">\r\n\t\t\t<div class=\"premium-blog-post-container premium-blog-skin-classic\">\r\n\t\t\t\t\t\t\t\t\t<div class=\"premium-blog-thumb-effect-wrapper\">\r\n\t\t\t\t\t\t<div class=\"premium-blog-thumbnail-container premium-blog-zoomin-effect\">\r\n\t\t\t\t\t\t\t<img decoding=\"async\" width=\"800\" height=\"450\" src=\"https:\/\/www.twpl.com\/wp-content\/uploads\/2023\/06\/1687425157641.jpg\" class=\"attachment-full size-full wp-image-4710\" alt=\"\" srcset=\"https:\/\/www.twpl.com\/wp-content\/uploads\/2023\/06\/1687425157641.jpg 800w, https:\/\/www.twpl.com\/wp-content\/uploads\/2023\/06\/1687425157641-300x169.jpg 300w, https:\/\/www.twpl.com\/wp-content\/uploads\/2023\/06\/1687425157641-768x432.jpg 768w, https:\/\/www.twpl.com\/wp-content\/uploads\/2023\/06\/1687425157641-600x338.jpg 600w\" sizes=\"(max-width: 800px) 100vw, 800px\" \/>\t\t\t\t\t\t<\/div>\r\n\t\t\t\t\t\t\t\t\t\t\t\t\t<div class=\"premium-blog-thumbnail-overlay\">\r\n\t\t\t\t\t\t\t\t<a class=\"elementor-icon\" href=\"https:\/\/www.twpl.com\/pt-br\/the-woodhouse-partnership-joins-the-rsk-group\/\" target=\"_self\"><\/a>\r\n\t\t\t\t\t\t\t<\/div>\r\n\r\n\t\t\t\t\t\t\t\t\t\t\t\t\t\t\t\t\t\t<\/div>\r\n\t\t\t\t\t\t\t\t\t\t\t\t<div class=\"premium-blog-content-wrapper \">\r\n\r\n\t\t\t\t\t<div class=\"premium-blog-inner-container\">\r\n\r\n\t\t\t\t\t\t\t\t\t\t\t\t\t\t<h2 class=\"premium-blog-entry-title\">\r\n\t\t\t<a href=\"https:\/\/www.twpl.com\/pt-br\/the-woodhouse-partnership-joins-the-rsk-group\/\" target=\"_self\">\r\n\t\t\t\tThe Woodhouse Partnership joins the RSK Group\t\t\t<\/a>\r\n\t\t<\/h2>\r\n\t\t\t\t<div class=\"premium-blog-entry-meta\">\r\n\t\t\t\r\n\t\t\t\r\n\t\t\t\r\n\t\t\t\t\t<\/div>\r\n\t\t\r\n\t\t\t\t\t<\/div>\r\n\r\n\t\t\t\t\t\t\t<div class=\"premium-blog-content-inner-wrapper\">\r\n\t\t<p class=\"premium-blog-post-content\">Our asset management training, education and consulting services have been in rapidly growing demand, worldwide, and we have been seeking the best way of scaling up while maintaining our unrivaled standards, culture and collaborative style of working.<\/p><div class=\"premium-blog-excerpt-link-wrap\"><a href=\"https:\/\/www.twpl.com\/pt-br\/the-woodhouse-partnership-joins-the-rsk-group\/\" target=\"_self\" class=\"premium-blog-excerpt-link elementor-button\">Read More \u00bb<\/a><\/div>\t\t<\/div>\r\n\t\t\t\t\t\t\t\r\n\t\t\t\t<\/div>\r\n\t\t\t<\/div>\r\n\t\t<\/div>\r\n\r\n\t\t\t\t\t\t\t<\/div>\r\n\r\n\t\t\t\t\t<div class=\"premium-blog-footer\">\r\n\t\t\t\t\t\t\t<nav class=\"premium-blog-pagination-container\" role=\"navigation\" aria-label=\"Pagina\u00e7\u00e3o\">\r\n\t\t\t\t<span aria-current=\"page\" class=\"page-numbers current\">1<\/span>\n<a class=\"page-numbers\" href=\"https:\/\/www.twpl.com\/pt-br\/wp-json\/wp\/v2\/pages\/3416\/page\/2\/\">2<\/a>\n<a class=\"page-numbers\" href=\"https:\/\/www.twpl.com\/pt-br\/wp-json\/wp\/v2\/pages\/3416\/page\/3\/\">3<\/a>\n<a class=\"next page-numbers\" href=\"https:\/\/www.twpl.com\/pt-br\/wp-json\/wp\/v2\/pages\/3416\/page\/2\/\">Next \u00bb<\/a>\t\t\t<\/nav>\r\n\t\t\t\t\t\t<\/div>\r\n\t\t\r\n\t\t\r\n\t\t\t\t\t\t<\/div>\n\t\t\t\t<\/div>\n\t\t\t\t\t<\/div>\n\t\t<\/div>\n\t\t\t\t\t<\/div>\n\t\t<\/section>\n\t\t\t\t<section class=\"elementor-section elementor-top-section elementor-element elementor-element-041ac14 elementor-section-boxed elementor-section-height-default elementor-section-height-default\" data-id=\"041ac14\" data-element_type=\"section\" data-e-type=\"section\" data-settings=\"{&quot;background_background&quot;:&quot;classic&quot;}\">\n\t\t\t\t\t\t<div class=\"elementor-container elementor-column-gap-default\">\n\t\t\t\t\t<div class=\"elementor-column elementor-col-50 elementor-top-column elementor-element elementor-element-330aa76\" data-id=\"330aa76\" data-element_type=\"column\" data-e-type=\"column\">\n\t\t\t<div class=\"elementor-widget-wrap elementor-element-populated\">\n\t\t\t\t\t\t<div class=\"elementor-element elementor-element-36167c0 elementor-widget elementor-widget-global elementor-global-3486 elementor-global-974 elementor-widget-heading\" data-id=\"36167c0\" data-element_type=\"widget\" data-e-type=\"widget\" data-widget_type=\"heading.default\">\n\t\t\t\t<div class=\"elementor-widget-container\">\n\t\t\t\t\t<h3 class=\"elementor-heading-title elementor-size-default\">Precisa de ajuda ou conselho? Entre em contato com nossa equipe premiada <\/h3>\t\t\t\t<\/div>\n\t\t\t\t<\/div>\n\t\t\t\t\t<\/div>\n\t\t<\/div>\n\t\t\t\t<div class=\"elementor-column elementor-col-50 elementor-top-column elementor-element elementor-element-17396e2\" data-id=\"17396e2\" data-element_type=\"column\" data-e-type=\"column\">\n\t\t\t<div class=\"elementor-widget-wrap elementor-element-populated\">\n\t\t\t\t\t\t<div class=\"elementor-element elementor-element-2b9a741 elementor-mobile-align-right elementor-widget elementor-widget-global elementor-global-3491 elementor-global-973 elementor-widget-button\" data-id=\"2b9a741\" data-element_type=\"widget\" data-e-type=\"widget\" data-widget_type=\"button.default\">\n\t\t\t\t<div class=\"elementor-widget-container\">\n\t\t\t\t\t\t\t\t\t<div class=\"elementor-button-wrapper\">\n\t\t\t\t\t<a class=\"elementor-button elementor-button-link elementor-size-sm\" href=\"https:\/\/www.twpl.com\/pt-br\/entre-em-contato-conosco\/\">\n\t\t\t\t\t\t<span class=\"elementor-button-content-wrapper\">\n\t\t\t\t\t\t\t\t\t<span class=\"elementor-button-text\">Entre em contato conosco<\/span>\n\t\t\t\t\t<\/span>\n\t\t\t\t\t<\/a>\n\t\t\t\t<\/div>\n\t\t\t\t\t\t\t\t<\/div>\n\t\t\t\t<\/div>\n\t\t\t\t\t<\/div>\n\t\t<\/div>\n\t\t\t\t\t<\/div>\n\t\t<\/section>\n\t\t\t\t<\/div>\n\t\t","protected":false},"excerpt":{"rendered":"<p>Not\u00edcias e leituras interessantes Nossas not\u00edcias de \u00faltima hora, atualiza\u00e7\u00f5es e as informa\u00e7\u00f5es mais recentes que voc\u00ea precisa saber sobre as melhores pr\u00e1ticas de gerenciamento de ativos, envolvimento organizacional e [&hellip;]<\/p>\n","protected":false},"author":1,"featured_media":0,"parent":0,"menu_order":0,"comment_status":"closed","ping_status":"closed","template":"elementor_header_footer","meta":{"_acf_changed":false,"om_disable_all_campaigns":false,"_price":"","_stock":"","_tribe_ticket_header":"","_tribe_default_ticket_provider":"","_tribe_ticket_capacity":"0","_ticket_start_date":"","_ticket_end_date":"","_tribe_ticket_show_description":"","_tribe_ticket_show_not_going":false,"_tribe_ticket_use_global_stock":"","_tribe_ticket_global_stock_level":"","_global_stock_mode":"","_global_stock_cap":"","_tribe_rsvp_for_event":"","_tribe_ticket_going_count":"","_tribe_ticket_not_going_count":"","_tribe_tickets_list":"[]","_tribe_ticket_has_attendee_info_fields":false,"footnotes":"","_tec_slr_enabled":"","_tec_slr_layout":""},"class_list":["post-3416","page","type-page","status-publish","hentry"],"acf":[],"yoast_head":"<!-- This site is optimized with the Yoast SEO Premium plugin v27.2 (Yoast SEO v27.2) - https:\/\/yoast.com\/product\/yoast-seo-premium-wordpress\/ -->\n<title>Not\u00edcia - TWPL<\/title>\n<meta name=\"robots\" content=\"index, follow, max-snippet:-1, max-image-preview:large, max-video-preview:-1\" \/>\n<link rel=\"canonical\" href=\"https:\/\/www.twpl.com\/pt-br\/noticia\/\" \/>\n<meta property=\"og:locale\" content=\"pt_BR\" \/>\n<meta property=\"og:type\" content=\"article\" \/>\n<meta property=\"og:title\" content=\"Not\u00edcia\" \/>\n<meta property=\"og:description\" content=\"Not\u00edcias e leituras interessantes Nossas not\u00edcias de \u00faltima hora, atualiza\u00e7\u00f5es e as informa\u00e7\u00f5es mais recentes que voc\u00ea precisa saber sobre as melhores pr\u00e1ticas de gerenciamento de ativos, envolvimento organizacional e [&hellip;]\" \/>\n<meta property=\"og:url\" content=\"https:\/\/www.twpl.com\/pt-br\/noticia\/\" \/>\n<meta property=\"og:site_name\" content=\"TWPL\" \/>\n<meta property=\"article:modified_time\" content=\"2021-09-15T11:20:19+00:00\" \/>\n<meta property=\"og:image\" content=\"https:\/\/twplguk.wpengine.com\/wp-content\/uploads\/2021\/09\/SABIC-SHARQ.jpg\" \/>\n<meta name=\"twitter:card\" content=\"summary_large_image\" \/>\n<meta name=\"twitter:label1\" content=\"Est. reading time\" \/>\n\t<meta name=\"twitter:data1\" content=\"1 minuto\" \/>\n<script type=\"application\/ld+json\" class=\"yoast-schema-graph\">{\"@context\":\"https:\/\/schema.org\",\"@graph\":[{\"@type\":\"WebPage\",\"@id\":\"https:\/\/www.twpl.com\/pt-br\/noticia\/\",\"url\":\"https:\/\/www.twpl.com\/pt-br\/noticia\/\",\"name\":\"Not\u00edcia - TWPL\",\"isPartOf\":{\"@id\":\"https:\/\/www.twpl.com\/pt-br\/#website\"},\"primaryImageOfPage\":{\"@id\":\"https:\/\/www.twpl.com\/pt-br\/noticia\/#primaryimage\"},\"image\":{\"@id\":\"https:\/\/www.twpl.com\/pt-br\/noticia\/#primaryimage\"},\"thumbnailUrl\":\"https:\/\/twplguk.wpengine.com\/wp-content\/uploads\/2021\/09\/SABIC-SHARQ.jpg\",\"datePublished\":\"2021-06-15T12:19:16+00:00\",\"dateModified\":\"2021-09-15T11:20:19+00:00\",\"breadcrumb\":{\"@id\":\"https:\/\/www.twpl.com\/pt-br\/noticia\/#breadcrumb\"},\"inLanguage\":\"pt-BR\",\"potentialAction\":[{\"@type\":\"ReadAction\",\"target\":[\"https:\/\/www.twpl.com\/pt-br\/noticia\/\"]}]},{\"@type\":\"ImageObject\",\"inLanguage\":\"pt-BR\",\"@id\":\"https:\/\/www.twpl.com\/pt-br\/noticia\/#primaryimage\",\"url\":\"https:\/\/twplguk.wpengine.com\/wp-content\/uploads\/2021\/09\/SABIC-SHARQ.jpg\",\"contentUrl\":\"https:\/\/twplguk.wpengine.com\/wp-content\/uploads\/2021\/09\/SABIC-SHARQ.jpg\"},{\"@type\":\"BreadcrumbList\",\"@id\":\"https:\/\/www.twpl.com\/pt-br\/noticia\/#breadcrumb\",\"itemListElement\":[{\"@type\":\"ListItem\",\"position\":1,\"name\":\"Home\",\"item\":\"https:\/\/www.twpl.com\/pt-br\/\"},{\"@type\":\"ListItem\",\"position\":2,\"name\":\"Not\u00edcia\"}]},{\"@type\":\"WebSite\",\"@id\":\"https:\/\/www.twpl.com\/pt-br\/#website\",\"url\":\"https:\/\/www.twpl.com\/pt-br\/\",\"name\":\"TWPL\",\"description\":\"Trusted Advisors for Asset Management Excellence\",\"publisher\":{\"@id\":\"https:\/\/www.twpl.com\/pt-br\/#organization\"},\"potentialAction\":[{\"@type\":\"SearchAction\",\"target\":{\"@type\":\"EntryPoint\",\"urlTemplate\":\"https:\/\/www.twpl.com\/pt-br\/?s={search_term_string}\"},\"query-input\":{\"@type\":\"PropertyValueSpecification\",\"valueRequired\":true,\"valueName\":\"search_term_string\"}}],\"inLanguage\":\"pt-BR\"},{\"@type\":\"Organization\",\"@id\":\"https:\/\/www.twpl.com\/pt-br\/#organization\",\"name\":\"The Woodhouse Partnership Ltd\",\"url\":\"https:\/\/www.twpl.com\/pt-br\/\",\"logo\":{\"@type\":\"ImageObject\",\"inLanguage\":\"pt-BR\",\"@id\":\"https:\/\/www.twpl.com\/pt-br\/#\/schema\/logo\/image\/\",\"url\":\"https:\/\/www.twpl.com\/wp-content\/uploads\/2021\/02\/Woodhouse-RSK-Logo.png\",\"contentUrl\":\"https:\/\/www.twpl.com\/wp-content\/uploads\/2021\/02\/Woodhouse-RSK-Logo.png\",\"width\":350,\"height\":100,\"caption\":\"The Woodhouse Partnership Ltd\"},\"image\":{\"@id\":\"https:\/\/www.twpl.com\/pt-br\/#\/schema\/logo\/image\/\"},\"sameAs\":[\"https:\/\/www.linkedin.com\/company\/the-woodhouse-partnership-limited\/?viewAsMember=true\"]}]}<\/script>\n<!-- \/ Yoast SEO Premium plugin. -->","yoast_head_json":{"title":"Not\u00edcia - TWPL","robots":{"index":"index","follow":"follow","max-snippet":"max-snippet:-1","max-image-preview":"max-image-preview:large","max-video-preview":"max-video-preview:-1"},"canonical":"https:\/\/www.twpl.com\/pt-br\/noticia\/","og_locale":"pt_BR","og_type":"article","og_title":"Not\u00edcia","og_description":"Not\u00edcias e leituras interessantes Nossas not\u00edcias de \u00faltima hora, atualiza\u00e7\u00f5es e as informa\u00e7\u00f5es mais recentes que voc\u00ea precisa saber sobre as melhores pr\u00e1ticas de gerenciamento de ativos, envolvimento organizacional e [&hellip;]","og_url":"https:\/\/www.twpl.com\/pt-br\/noticia\/","og_site_name":"TWPL","article_modified_time":"2021-09-15T11:20:19+00:00","og_image":[{"url":"https:\/\/twplguk.wpengine.com\/wp-content\/uploads\/2021\/09\/SABIC-SHARQ.jpg","type":"","width":"","height":""}],"twitter_card":"summary_large_image","twitter_misc":{"Est. reading time":"1 minuto"},"schema":{"@context":"https:\/\/schema.org","@graph":[{"@type":"WebPage","@id":"https:\/\/www.twpl.com\/pt-br\/noticia\/","url":"https:\/\/www.twpl.com\/pt-br\/noticia\/","name":"Not\u00edcia - TWPL","isPartOf":{"@id":"https:\/\/www.twpl.com\/pt-br\/#website"},"primaryImageOfPage":{"@id":"https:\/\/www.twpl.com\/pt-br\/noticia\/#primaryimage"},"image":{"@id":"https:\/\/www.twpl.com\/pt-br\/noticia\/#primaryimage"},"thumbnailUrl":"https:\/\/twplguk.wpengine.com\/wp-content\/uploads\/2021\/09\/SABIC-SHARQ.jpg","datePublished":"2021-06-15T12:19:16+00:00","dateModified":"2021-09-15T11:20:19+00:00","breadcrumb":{"@id":"https:\/\/www.twpl.com\/pt-br\/noticia\/#breadcrumb"},"inLanguage":"pt-BR","potentialAction":[{"@type":"ReadAction","target":["https:\/\/www.twpl.com\/pt-br\/noticia\/"]}]},{"@type":"ImageObject","inLanguage":"pt-BR","@id":"https:\/\/www.twpl.com\/pt-br\/noticia\/#primaryimage","url":"https:\/\/twplguk.wpengine.com\/wp-content\/uploads\/2021\/09\/SABIC-SHARQ.jpg","contentUrl":"https:\/\/twplguk.wpengine.com\/wp-content\/uploads\/2021\/09\/SABIC-SHARQ.jpg"},{"@type":"BreadcrumbList","@id":"https:\/\/www.twpl.com\/pt-br\/noticia\/#breadcrumb","itemListElement":[{"@type":"ListItem","position":1,"name":"Home","item":"https:\/\/www.twpl.com\/pt-br\/"},{"@type":"ListItem","position":2,"name":"Not\u00edcia"}]},{"@type":"WebSite","@id":"https:\/\/www.twpl.com\/pt-br\/#website","url":"https:\/\/www.twpl.com\/pt-br\/","name":"TWPL","description":"Trusted Advisors for Asset Management Excellence","publisher":{"@id":"https:\/\/www.twpl.com\/pt-br\/#organization"},"potentialAction":[{"@type":"SearchAction","target":{"@type":"EntryPoint","urlTemplate":"https:\/\/www.twpl.com\/pt-br\/?s={search_term_string}"},"query-input":{"@type":"PropertyValueSpecification","valueRequired":true,"valueName":"search_term_string"}}],"inLanguage":"pt-BR"},{"@type":"Organization","@id":"https:\/\/www.twpl.com\/pt-br\/#organization","name":"The Woodhouse Partnership Ltd","url":"https:\/\/www.twpl.com\/pt-br\/","logo":{"@type":"ImageObject","inLanguage":"pt-BR","@id":"https:\/\/www.twpl.com\/pt-br\/#\/schema\/logo\/image\/","url":"https:\/\/www.twpl.com\/wp-content\/uploads\/2021\/02\/Woodhouse-RSK-Logo.png","contentUrl":"https:\/\/www.twpl.com\/wp-content\/uploads\/2021\/02\/Woodhouse-RSK-Logo.png","width":350,"height":100,"caption":"The Woodhouse Partnership Ltd"},"image":{"@id":"https:\/\/www.twpl.com\/pt-br\/#\/schema\/logo\/image\/"},"sameAs":["https:\/\/www.linkedin.com\/company\/the-woodhouse-partnership-limited\/?viewAsMember=true"]}]}},"ticketed":false,"_links":{"self":[{"href":"https:\/\/www.twpl.com\/pt-br\/wp-json\/wp\/v2\/pages\/3416","targetHints":{"allow":["GET"]}}],"collection":[{"href":"https:\/\/www.twpl.com\/pt-br\/wp-json\/wp\/v2\/pages"}],"about":[{"href":"https:\/\/www.twpl.com\/pt-br\/wp-json\/wp\/v2\/types\/page"}],"author":[{"embeddable":true,"href":"https:\/\/www.twpl.com\/pt-br\/wp-json\/wp\/v2\/users\/1"}],"replies":[{"embeddable":true,"href":"https:\/\/www.twpl.com\/pt-br\/wp-json\/wp\/v2\/comments?post=3416"}],"version-history":[{"count":0,"href":"https:\/\/www.twpl.com\/pt-br\/wp-json\/wp\/v2\/pages\/3416\/revisions"}],"wp:attachment":[{"href":"https:\/\/www.twpl.com\/pt-br\/wp-json\/wp\/v2\/media?parent=3416"}],"curies":[{"name":"wp","href":"https:\/\/api.w.org\/{rel}","templated":true}]}}