{"id":3790,"date":"2021-09-22T11:53:14","date_gmt":"2021-09-22T10:53:14","guid":{"rendered":"https:\/\/twplguk.wpengine.com\/comentarios-del-sitio-web\/"},"modified":"2021-10-04T16:30:57","modified_gmt":"2021-10-04T15:30:57","slug":"comentarios-del-sitio-web","status":"publish","type":"page","link":"https:\/\/www.twpl.com\/es\/comentarios-del-sitio-web\/","title":{"rendered":"Comentarios del sitio web"},"content":{"rendered":"\t\t<div data-elementor-type=\"wp-page\" data-elementor-id=\"3790\" class=\"elementor elementor-3790\" data-elementor-post-type=\"page\">\n\t\t\t\t\t\t<section class=\"elementor-section elementor-top-section elementor-element elementor-element-8935d3d elementor-section-height-min-height elementor-section-boxed elementor-section-height-default elementor-section-items-middle\" data-id=\"8935d3d\" data-element_type=\"section\" data-e-type=\"section\" data-settings=\"{&quot;background_background&quot;:&quot;classic&quot;}\">\n\t\t\t\t\t\t\t<div class=\"elementor-background-overlay\"><\/div>\n\t\t\t\t\t\t\t<div class=\"elementor-container elementor-column-gap-default\">\n\t\t\t\t\t<div class=\"elementor-column elementor-col-100 elementor-top-column elementor-element elementor-element-4a27c1d\" data-id=\"4a27c1d\" data-element_type=\"column\" data-e-type=\"column\">\n\t\t\t<div class=\"elementor-widget-wrap elementor-element-populated\">\n\t\t\t\t\t\t<section class=\"elementor-section elementor-inner-section elementor-element elementor-element-ecd34c9 elementor-section-boxed elementor-section-height-default elementor-section-height-default\" data-id=\"ecd34c9\" data-element_type=\"section\" data-e-type=\"section\">\n\t\t\t\t\t\t<div class=\"elementor-container elementor-column-gap-default\">\n\t\t\t\t\t<div class=\"elementor-column elementor-col-100 elementor-inner-column elementor-element elementor-element-5258415\" data-id=\"5258415\" data-element_type=\"column\" data-e-type=\"column\">\n\t\t\t<div class=\"elementor-widget-wrap elementor-element-populated\">\n\t\t\t\t\t\t<div class=\"elementor-element elementor-element-fcf9c66 elementor-widget elementor-widget-heading\" data-id=\"fcf9c66\" data-element_type=\"widget\" data-e-type=\"widget\" data-widget_type=\"heading.default\">\n\t\t\t\t<div class=\"elementor-widget-container\">\n\t\t\t\t\t<h1 class=\"elementor-heading-title elementor-size-default\">Gracias por visitar nuestro nuevo sitio web<\/h1>\t\t\t\t<\/div>\n\t\t\t\t<\/div>\n\t\t\t\t<div class=\"elementor-element elementor-element-5132f92 elementor-widget elementor-widget-text-editor\" data-id=\"5132f92\" data-element_type=\"widget\" data-e-type=\"widget\" data-widget_type=\"text-editor.default\">\n\t\t\t\t<div class=\"elementor-widget-container\">\n\t\t\t\t\t\t\t\t\t<p>Nos encantar\u00eda saber lo que piensas<\/p>\n<p>Complete nuestro breve cuestionario a continuaci\u00f3n y tambi\u00e9n lo ingresaremos en nuestro Sorteo de premios para ganar una de las 10 copias de nuestra Gu\u00eda SAMP. <\/p>\n\t\t\t\t\t\t\t\t<\/div>\n\t\t\t\t<\/div>\n\t\t\t\t\t<\/div>\n\t\t<\/div>\n\t\t\t\t\t<\/div>\n\t\t<\/section>\n\t\t\t\t\t<\/div>\n\t\t<\/div>\n\t\t\t\t\t<\/div>\n\t\t<\/section>\n\t\t\t\t<section class=\"elementor-section elementor-top-section elementor-element elementor-element-0f6ac2b elementor-section-boxed elementor-section-height-default elementor-section-height-default\" data-id=\"0f6ac2b\" data-element_type=\"section\" data-e-type=\"section\">\n\t\t\t\t\t\t<div class=\"elementor-container elementor-column-gap-default\">\n\t\t\t\t\t<div class=\"elementor-column elementor-col-100 elementor-top-column elementor-element elementor-element-a2df33c\" data-id=\"a2df33c\" data-element_type=\"column\" data-e-type=\"column\">\n\t\t\t<div class=\"elementor-widget-wrap elementor-element-populated\">\n\t\t\t\t\t\t<div class=\"elementor-element elementor-element-4bababc elementor-widget elementor-widget-global elementor-global-3515 elementor-global-811 elementor-widget-woocommerce-breadcrumb\" data-id=\"4bababc\" data-element_type=\"widget\" data-e-type=\"widget\" data-widget_type=\"woocommerce-breadcrumb.default\">\n\t\t\t\t<div class=\"elementor-widget-container\">\n\t\t\t\t\t<nav class=\"woocommerce-breadcrumb\" aria-label=\"Breadcrumb\">Inicio<\/nav>\t\t\t\t<\/div>\n\t\t\t\t<\/div>\n\t\t\t\t\t<\/div>\n\t\t<\/div>\n\t\t\t\t\t<\/div>\n\t\t<\/section>\n\t\t\t\t<section class=\"elementor-section elementor-top-section elementor-element elementor-element-47202fd7 elementor-reverse-tablet elementor-reverse-mobile elementor-section-boxed elementor-section-height-default elementor-section-height-default\" data-id=\"47202fd7\" data-element_type=\"section\" data-e-type=\"section\" data-settings=\"{&quot;background_background&quot;:&quot;classic&quot;}\">\n\t\t\t\t\t\t\t<div class=\"elementor-background-overlay\"><\/div>\n\t\t\t\t\t\t\t<div class=\"elementor-container elementor-column-gap-default\">\n\t\t\t\t\t<div class=\"elementor-column elementor-col-50 elementor-top-column elementor-element elementor-element-4032737d\" data-id=\"4032737d\" data-element_type=\"column\" data-e-type=\"column\" data-settings=\"{&quot;background_background&quot;:&quot;classic&quot;}\">\n\t\t\t<div class=\"elementor-widget-wrap elementor-element-populated\">\n\t\t\t\t\t\t<div class=\"elementor-element elementor-element-1bce4386 elementor-button-align-end elementor-widget elementor-widget-form\" data-id=\"1bce4386\" data-element_type=\"widget\" data-e-type=\"widget\" data-settings=\"{&quot;step_next_label&quot;:&quot;pr\\u00f3ximo&quot;,&quot;step_previous_label&quot;:&quot;Anterior&quot;,&quot;button_width&quot;:&quot;100&quot;,&quot;step_type&quot;:&quot;number_text&quot;,&quot;step_icon_shape&quot;:&quot;circle&quot;}\" data-widget_type=\"form.default\">\n\t\t\t\t<div class=\"elementor-widget-container\">\n\t\t\t\t\t\t\t<form class=\"elementor-form\" method=\"post\" name=\"Nueva encuesta del sitio\" aria-label=\"Nueva encuesta del sitio\">\n\t\t\t<input type=\"hidden\" name=\"post_id\" value=\"3790\"\/>\n\t\t\t<input type=\"hidden\" name=\"form_id\" value=\"1bce4386\"\/>\n\t\t\t<input type=\"hidden\" name=\"referer_title\" value=\"Comentarios del sitio web - TWPL\" \/>\n\n\t\t\t\t\t\t\t<input type=\"hidden\" name=\"queried_id\" value=\"3790\"\/>\n\t\t\t\n\t\t\t<div class=\"elementor-form-fields-wrapper elementor-labels-\">\n\t\t\t\t\t\t\t\t<div class=\"elementor-field-type-text elementor-field-group elementor-column elementor-field-group-name elementor-col-100\">\n\t\t\t\t\t\t\t\t\t\t\t\t<label for=\"form-field-name\" class=\"elementor-field-label elementor-screen-only\">\n\t\t\t\t\t\t\t\tNombre completo\t\t\t\t\t\t\t<\/label>\n\t\t\t\t\t\t\t\t\t\t\t\t\t\t<input size=\"1\" type=\"text\" name=\"form_fields[name]\" id=\"form-field-name\" class=\"elementor-field elementor-size-md  elementor-field-textual\" placeholder=\"Nombre completo\">\n\t\t\t\t\t\t\t\t\t\t\t<\/div>\n\t\t\t\t\t\t\t\t<div class=\"elementor-field-type-text elementor-field-group elementor-column elementor-field-group-email elementor-col-100 elementor-field-required\">\n\t\t\t\t\t\t\t\t\t\t\t\t<label for=\"form-field-email\" class=\"elementor-field-label elementor-screen-only\">\n\t\t\t\t\t\t\t\tTel\u00e9fono\t\t\t\t\t\t\t<\/label>\n\t\t\t\t\t\t\t\t\t\t\t\t\t\t<input size=\"1\" type=\"text\" name=\"form_fields[email]\" id=\"form-field-email\" class=\"elementor-field elementor-size-md  elementor-field-textual\" placeholder=\"Tel\u00e9fono\" required=\"required\">\n\t\t\t\t\t\t\t\t\t\t\t<\/div>\n\t\t\t\t\t\t\t\t<div class=\"elementor-field-type-email elementor-field-group elementor-column elementor-field-group-field_1 elementor-col-100 elementor-field-required\">\n\t\t\t\t\t\t\t\t\t\t\t\t<label for=\"form-field-field_1\" class=\"elementor-field-label elementor-screen-only\">\n\t\t\t\t\t\t\t\tCorreo electr\u00f3nico\t\t\t\t\t\t\t<\/label>\n\t\t\t\t\t\t\t\t\t\t\t\t\t\t<input size=\"1\" type=\"email\" name=\"form_fields[field_1]\" id=\"form-field-field_1\" class=\"elementor-field elementor-size-md  elementor-field-textual\" placeholder=\"Correo electr\u00f3nico\" required=\"required\">\n\t\t\t\t\t\t\t\t\t\t\t<\/div>\n\t\t\t\t\t\t\t\t<div class=\"elementor-field-type-textarea elementor-field-group elementor-column elementor-field-group-message elementor-col-100 elementor-field-required\">\n\t\t\t\t\t\t\t\t\t\t\t\t<label for=\"form-field-message\" class=\"elementor-field-label elementor-screen-only\">\n\t\t\t\t\t\t\t\tQ1\t\t\t\t\t\t\t<\/label>\n\t\t\t\t\t\t<textarea class=\"elementor-field-textual elementor-field  elementor-size-md\" name=\"form_fields[message]\" id=\"form-field-message\" rows=\"4\" placeholder=\"Qu\u00e9 opinas de nuestro nuevo sitio?\" required=\"required\"><\/textarea>\t\t\t\t<\/div>\n\t\t\t\t\t\t\t\t<div class=\"elementor-field-type-textarea elementor-field-group elementor-column elementor-field-group-field_8d67a80 elementor-col-100 elementor-field-required\">\n\t\t\t\t\t\t\t\t\t\t\t\t<label for=\"form-field-field_8d67a80\" class=\"elementor-field-label elementor-screen-only\">\n\t\t\t\t\t\t\t\tQ2\t\t\t\t\t\t\t<\/label>\n\t\t\t\t\t\t<textarea class=\"elementor-field-textual elementor-field  elementor-size-md\" name=\"form_fields[field_8d67a80]\" id=\"form-field-field_8d67a80\" rows=\"4\" placeholder=\"\u00bfQu\u00e9 buscabas y lo encontraste?\" required=\"required\"><\/textarea>\t\t\t\t<\/div>\n\t\t\t\t\t\t\t\t<div class=\"elementor-field-type-textarea elementor-field-group elementor-column elementor-field-group-field_c57ef5f elementor-col-100 elementor-field-required\">\n\t\t\t\t\t\t\t\t\t\t\t\t<label for=\"form-field-field_c57ef5f\" class=\"elementor-field-label elementor-screen-only\">\n\t\t\t\t\t\t\t\tTercer trimestre\t\t\t\t\t\t\t<\/label>\n\t\t\t\t\t\t<textarea class=\"elementor-field-textual elementor-field  elementor-size-md\" name=\"form_fields[field_c57ef5f]\" id=\"form-field-field_c57ef5f\" rows=\"4\" placeholder=\"\u00bfFalta algo?\" required=\"required\"><\/textarea>\t\t\t\t<\/div>\n\t\t\t\t\t\t\t\t<div class=\"elementor-field-type-acceptance elementor-field-group elementor-column elementor-field-group-field_ce1cb07 elementor-col-100\">\n\t\t\t\t\t\t\t\t\t\t\t\t<label for=\"form-field-field_ce1cb07\" class=\"elementor-field-label elementor-screen-only\">\n\t\t\t\t\t\t\t\tSorteo de premios\t\t\t\t\t\t\t<\/label>\n\t\t\t\t\t\t\t\t<div class=\"elementor-field-subgroup\">\n\t\t\t<span class=\"elementor-field-option\">\n\t\t\t\t<input type=\"checkbox\" name=\"form_fields[field_ce1cb07]\" id=\"form-field-field_ce1cb07\" class=\"elementor-field elementor-size-md  elementor-acceptance-field\">\n\t\t\t\t<label for=\"form-field-field_ce1cb07\">Marque aqu\u00ed si desea participar en nuestro sorteo de premios para ganar una de las 10 copias de nuestra gu\u00eda del Plan estrat\u00e9gico de gesti\u00f3n de activos. <\/label>\t\t\t<\/span>\n\t\t<\/div>\n\t\t\t\t\t\t<\/div>\n\t\t\t\t\t\t\t\t<div class=\"elementor-field-type-acceptance elementor-field-group elementor-column elementor-field-group-field_e6f18b4 elementor-col-100\">\n\t\t\t\t\t\t\t\t\t\t\t\t<label for=\"form-field-field_e6f18b4\" class=\"elementor-field-label elementor-screen-only\">\n\t\t\t\t\t\t\t\tSuscribir\t\t\t\t\t\t\t<\/label>\n\t\t\t\t\t\t\t\t<div class=\"elementor-field-subgroup\">\n\t\t\t<span class=\"elementor-field-option\">\n\t\t\t\t<input type=\"checkbox\" name=\"form_fields[field_e6f18b4]\" id=\"form-field-field_e6f18b4\" class=\"elementor-field elementor-size-md  elementor-acceptance-field\">\n\t\t\t\t<label for=\"form-field-field_e6f18b4\">Marque aqu\u00ed si desea recibir actualizaciones de gesti\u00f3n de activos, orientaci\u00f3n sobre las mejores pr\u00e1cticas y m\u00e1s informaci\u00f3n de The Woodhouse Community. No compartimos sus datos con terceros.<\/label>\t\t\t<\/span>\n\t\t<\/div>\n\t\t\t\t\t\t<\/div>\n\t\t\t\t\t\t\t\t<div class=\"elementor-field-type-recaptcha_v3 elementor-field-group elementor-column elementor-field-group-field_3b01c7b elementor-col-100 recaptcha_v3-bottomright\">\n\t\t\t\t\t<div class=\"elementor-field\" id=\"form-field-field_3b01c7b\"><div class=\"elementor-g-recaptcha\" data-sitekey=\"6Lez-4AcAAAAAK3NB9VFjMO4aq8REBkhqKetN1pG\" data-type=\"v3\" data-action=\"Form\" data-badge=\"bottomright\" data-size=\"invisible\"><\/div><\/div>\t\t\t\t<\/div>\n\t\t\t\t\t\t\t\t<div class=\"elementor-field-group elementor-column elementor-field-type-submit elementor-col-100 e-form__buttons\">\n\t\t\t\t\t<button class=\"elementor-button elementor-size-sm\" type=\"submit\">\n\t\t\t\t\t\t<span class=\"elementor-button-content-wrapper\">\n\t\t\t\t\t\t\t\t\t\t\t\t\t\t\t<span class=\"elementor-button-icon\">\n\t\t\t\t\t\t\t\t\t<i aria-hidden=\"true\" class=\"fas fa-arrow-right\"><\/i>\t\t\t\t\t\t\t\t\t\t\t\t\t\t\t\t\t<\/span>\n\t\t\t\t\t\t\t\t\t\t\t\t\t\t\t\t\t\t\t\t\t\t<span class=\"elementor-button-text\">ENVIAR<\/span>\n\t\t\t\t\t\t\t\t\t\t\t\t\t<\/span>\n\t\t\t\t\t<\/button>\n\t\t\t\t<\/div>\n\t\t\t<\/div>\n\t\t<\/form>\n\t\t\t\t\t\t<\/div>\n\t\t\t\t<\/div>\n\t\t\t\t\t<\/div>\n\t\t<\/div>\n\t\t\t\t<div class=\"elementor-column elementor-col-50 elementor-top-column elementor-element elementor-element-6b931bd2\" data-id=\"6b931bd2\" data-element_type=\"column\" data-e-type=\"column\">\n\t\t\t<div class=\"elementor-widget-wrap elementor-element-populated\">\n\t\t\t\t\t\t<div class=\"elementor-element elementor-element-db93945 elementor-widget elementor-widget-image\" data-id=\"db93945\" data-element_type=\"widget\" data-e-type=\"widget\" data-widget_type=\"image.default\">\n\t\t\t\t<div class=\"elementor-widget-container\">\n\t\t\t\t\t\t\t\t\t\t\t\t\t\t\t<img fetchpriority=\"high\" decoding=\"async\" width=\"505\" height=\"308\" src=\"https:\/\/www.twpl.com\/wp-content\/uploads\/2021\/06\/SAMP-Guide.png\" class=\"attachment-large size-large wp-image-2553\" alt=\"\" srcset=\"https:\/\/www.twpl.com\/wp-content\/uploads\/2021\/06\/SAMP-Guide.png 505w, https:\/\/www.twpl.com\/wp-content\/uploads\/2021\/06\/SAMP-Guide-300x183.png 300w\" sizes=\"(max-width: 505px) 100vw, 505px\" \/>\t\t\t\t\t\t\t\t\t\t\t\t\t\t\t<\/div>\n\t\t\t\t<\/div>\n\t\t\t\t<div class=\"elementor-element elementor-element-540575e elementor-widget elementor-widget-heading\" data-id=\"540575e\" data-element_type=\"widget\" data-e-type=\"widget\" data-widget_type=\"heading.default\">\n\t\t\t\t<div class=\"elementor-widget-container\">\n\t\t\t\t\t<h2 class=\"elementor-heading-title elementor-size-default\">Gana una de las 10 copias<\/h2>\t\t\t\t<\/div>\n\t\t\t\t<\/div>\n\t\t\t\t<div class=\"elementor-element elementor-element-2bdd05f0 elementor-widget elementor-widget-text-editor\" data-id=\"2bdd05f0\" data-element_type=\"widget\" data-e-type=\"widget\" data-widget_type=\"text-editor.default\">\n\t\t\t\t<div class=\"elementor-widget-container\">\n\t\t\t\t\t\t\t\t\t<p class=\"p1\">Complete nuestro cuestionario y participe en nuestro Sorteo de premios para ganar una de las 10 copias de Desarrollo y mantenimiento de un plan estrat\u00e9gico de gesti\u00f3n de activos (SAMP). <\/p>\n\t\t\t\t\t\t\t\t<\/div>\n\t\t\t\t<\/div>\n\t\t\t\t<div class=\"elementor-element elementor-element-e285f27 elementor-widget elementor-widget-text-editor\" data-id=\"e285f27\" data-element_type=\"widget\" data-e-type=\"widget\" data-widget_type=\"text-editor.default\">\n\t\t\t\t<div class=\"elementor-widget-container\">\n\t\t\t\t\t\t\t\t\t<p><strong>LA FECHA DE CIERRE<\/strong> es el s\u00e1bado 16 de octubre y los ganadores ser\u00e1n elegidos al azar. Les pediremos a los ganadores que nos env\u00eden un mensaje directo con su direcci\u00f3n postal.<\/p>\n<p>No se ofrecer\u00e1 dinero en efectivo ni premio alternativo. El premio no es reembolsable ni transferible.<\/p>\n<p>The Woodhouse Partnership no ser\u00e1 responsable de ning\u00fan premio (s) que no llegue a los ganadores por razones fuera de nuestro control razonable.<\/p>\n<p>Solo una entrada por persona.<\/p>\n<p>La decisi\u00f3n de Woodhouse Partnership ser\u00e1 definitiva y no se mantendr\u00e1 correspondencia. <\/p>\n<p>El concurso est\u00e1 abierto a todos los visitantes de www.twpl.com. El Promotor puede rechazar o descalificar cualquier participaci\u00f3n (incluidas las participaciones ganadoras).<\/p>\n<p>Se considerar\u00e1 que los participantes han aceptado estos t\u00e9rminos y condiciones.<\/p>\n\t\t\t\t\t\t\t\t<\/div>\n\t\t\t\t<\/div>\n\t\t\t\t\t<\/div>\n\t\t<\/div>\n\t\t\t\t\t<\/div>\n\t\t<\/section>\n\t\t\t\t<\/div>\n\t\t","protected":false},"excerpt":{"rendered":"<p>Gracias por visitar nuestro nuevo sitio web Nos encantar\u00eda saber lo que piensas Complete nuestro breve cuestionario a continuaci\u00f3n y tambi\u00e9n lo ingresaremos en nuestro Sorteo de premios para ganar [&hellip;]<\/p>\n","protected":false},"author":2,"featured_media":0,"parent":0,"menu_order":0,"comment_status":"closed","ping_status":"closed","template":"elementor_header_footer","meta":{"_acf_changed":false,"om_disable_all_campaigns":false,"_price":"","_stock":"","_tribe_ticket_header":"","_tribe_default_ticket_provider":"","_tribe_ticket_capacity":"0","_ticket_start_date":"","_ticket_end_date":"","_tribe_ticket_show_description":"","_tribe_ticket_show_not_going":false,"_tribe_ticket_use_global_stock":"","_tribe_ticket_global_stock_level":"","_global_stock_mode":"","_global_stock_cap":"","_tribe_rsvp_for_event":"","_tribe_ticket_going_count":"","_tribe_ticket_not_going_count":"","_tribe_tickets_list":"[]","_tribe_ticket_has_attendee_info_fields":false,"footnotes":"","_tec_slr_enabled":"","_tec_slr_layout":""},"class_list":["post-3790","page","type-page","status-publish","hentry"],"acf":[],"yoast_head":"<!-- This site is optimized with the Yoast SEO Premium plugin v27.2 (Yoast SEO v27.2) - https:\/\/yoast.com\/product\/yoast-seo-premium-wordpress\/ -->\n<title>Comentarios del sitio web - TWPL<\/title>\n<meta name=\"robots\" content=\"index, follow, max-snippet:-1, max-image-preview:large, max-video-preview:-1\" \/>\n<link rel=\"canonical\" href=\"https:\/\/www.twpl.com\/es\/comentarios-del-sitio-web\/\" \/>\n<meta property=\"og:locale\" content=\"es_ES\" \/>\n<meta property=\"og:type\" content=\"article\" \/>\n<meta property=\"og:title\" content=\"Comentarios del sitio web\" \/>\n<meta property=\"og:description\" content=\"Gracias por visitar nuestro nuevo sitio web Nos encantar\u00eda saber lo que piensas Complete nuestro breve cuestionario a continuaci\u00f3n y tambi\u00e9n lo ingresaremos en nuestro Sorteo de premios para ganar [&hellip;]\" \/>\n<meta property=\"og:url\" content=\"https:\/\/www.twpl.com\/es\/comentarios-del-sitio-web\/\" \/>\n<meta property=\"og:site_name\" content=\"TWPL\" \/>\n<meta property=\"article:modified_time\" content=\"2021-10-04T15:30:57+00:00\" \/>\n<meta property=\"og:image\" content=\"https:\/\/www.twpl.com\/wp-content\/uploads\/2021\/06\/SAMP-Guide.png\" \/>\n\t<meta property=\"og:image:width\" content=\"505\" \/>\n\t<meta property=\"og:image:height\" content=\"308\" \/>\n\t<meta property=\"og:image:type\" content=\"image\/png\" \/>\n<meta name=\"twitter:card\" content=\"summary_large_image\" \/>\n<meta name=\"twitter:label1\" content=\"Est. reading time\" \/>\n\t<meta name=\"twitter:data1\" content=\"1 minuto\" \/>\n<script type=\"application\/ld+json\" class=\"yoast-schema-graph\">{\"@context\":\"https:\/\/schema.org\",\"@graph\":[{\"@type\":\"WebPage\",\"@id\":\"https:\/\/www.twpl.com\/es\/comentarios-del-sitio-web\/\",\"url\":\"https:\/\/www.twpl.com\/es\/comentarios-del-sitio-web\/\",\"name\":\"Comentarios del sitio web - TWPL\",\"isPartOf\":{\"@id\":\"https:\/\/www.twpl.com\/es\/#website\"},\"primaryImageOfPage\":{\"@id\":\"https:\/\/www.twpl.com\/es\/comentarios-del-sitio-web\/#primaryimage\"},\"image\":{\"@id\":\"https:\/\/www.twpl.com\/es\/comentarios-del-sitio-web\/#primaryimage\"},\"thumbnailUrl\":\"https:\/\/www.twpl.com\/wp-content\/uploads\/2021\/06\/SAMP-Guide.png\",\"datePublished\":\"2021-09-22T10:53:14+00:00\",\"dateModified\":\"2021-10-04T15:30:57+00:00\",\"breadcrumb\":{\"@id\":\"https:\/\/www.twpl.com\/es\/comentarios-del-sitio-web\/#breadcrumb\"},\"inLanguage\":\"es\",\"potentialAction\":[{\"@type\":\"ReadAction\",\"target\":[\"https:\/\/www.twpl.com\/es\/comentarios-del-sitio-web\/\"]}]},{\"@type\":\"ImageObject\",\"inLanguage\":\"es\",\"@id\":\"https:\/\/www.twpl.com\/es\/comentarios-del-sitio-web\/#primaryimage\",\"url\":\"https:\/\/www.twpl.com\/wp-content\/uploads\/2021\/06\/SAMP-Guide.png\",\"contentUrl\":\"https:\/\/www.twpl.com\/wp-content\/uploads\/2021\/06\/SAMP-Guide.png\"},{\"@type\":\"BreadcrumbList\",\"@id\":\"https:\/\/www.twpl.com\/es\/comentarios-del-sitio-web\/#breadcrumb\",\"itemListElement\":[{\"@type\":\"ListItem\",\"position\":1,\"name\":\"Home\",\"item\":\"https:\/\/www.twpl.com\/es\/\"},{\"@type\":\"ListItem\",\"position\":2,\"name\":\"Comentarios del sitio web\"}]},{\"@type\":\"WebSite\",\"@id\":\"https:\/\/www.twpl.com\/es\/#website\",\"url\":\"https:\/\/www.twpl.com\/es\/\",\"name\":\"TWPL\",\"description\":\"Trusted Advisors for Asset Management Excellence\",\"publisher\":{\"@id\":\"https:\/\/www.twpl.com\/es\/#organization\"},\"potentialAction\":[{\"@type\":\"SearchAction\",\"target\":{\"@type\":\"EntryPoint\",\"urlTemplate\":\"https:\/\/www.twpl.com\/es\/?s={search_term_string}\"},\"query-input\":{\"@type\":\"PropertyValueSpecification\",\"valueRequired\":true,\"valueName\":\"search_term_string\"}}],\"inLanguage\":\"es\"},{\"@type\":\"Organization\",\"@id\":\"https:\/\/www.twpl.com\/es\/#organization\",\"name\":\"The Woodhouse Partnership Ltd\",\"url\":\"https:\/\/www.twpl.com\/es\/\",\"logo\":{\"@type\":\"ImageObject\",\"inLanguage\":\"es\",\"@id\":\"https:\/\/www.twpl.com\/es\/#\/schema\/logo\/image\/\",\"url\":\"https:\/\/www.twpl.com\/wp-content\/uploads\/2021\/02\/Woodhouse-RSK-Logo.png\",\"contentUrl\":\"https:\/\/www.twpl.com\/wp-content\/uploads\/2021\/02\/Woodhouse-RSK-Logo.png\",\"width\":350,\"height\":100,\"caption\":\"The Woodhouse Partnership Ltd\"},\"image\":{\"@id\":\"https:\/\/www.twpl.com\/es\/#\/schema\/logo\/image\/\"},\"sameAs\":[\"https:\/\/www.linkedin.com\/company\/the-woodhouse-partnership-limited\/?viewAsMember=true\"]}]}<\/script>\n<!-- \/ Yoast SEO Premium plugin. -->","yoast_head_json":{"title":"Comentarios del sitio web - TWPL","robots":{"index":"index","follow":"follow","max-snippet":"max-snippet:-1","max-image-preview":"max-image-preview:large","max-video-preview":"max-video-preview:-1"},"canonical":"https:\/\/www.twpl.com\/es\/comentarios-del-sitio-web\/","og_locale":"es_ES","og_type":"article","og_title":"Comentarios del sitio web","og_description":"Gracias por visitar nuestro nuevo sitio web Nos encantar\u00eda saber lo que piensas Complete nuestro breve cuestionario a continuaci\u00f3n y tambi\u00e9n lo ingresaremos en nuestro Sorteo de premios para ganar [&hellip;]","og_url":"https:\/\/www.twpl.com\/es\/comentarios-del-sitio-web\/","og_site_name":"TWPL","article_modified_time":"2021-10-04T15:30:57+00:00","og_image":[{"width":505,"height":308,"url":"https:\/\/www.twpl.com\/wp-content\/uploads\/2021\/06\/SAMP-Guide.png","type":"image\/png"}],"twitter_card":"summary_large_image","twitter_misc":{"Est. reading time":"1 minuto"},"schema":{"@context":"https:\/\/schema.org","@graph":[{"@type":"WebPage","@id":"https:\/\/www.twpl.com\/es\/comentarios-del-sitio-web\/","url":"https:\/\/www.twpl.com\/es\/comentarios-del-sitio-web\/","name":"Comentarios del sitio web - TWPL","isPartOf":{"@id":"https:\/\/www.twpl.com\/es\/#website"},"primaryImageOfPage":{"@id":"https:\/\/www.twpl.com\/es\/comentarios-del-sitio-web\/#primaryimage"},"image":{"@id":"https:\/\/www.twpl.com\/es\/comentarios-del-sitio-web\/#primaryimage"},"thumbnailUrl":"https:\/\/www.twpl.com\/wp-content\/uploads\/2021\/06\/SAMP-Guide.png","datePublished":"2021-09-22T10:53:14+00:00","dateModified":"2021-10-04T15:30:57+00:00","breadcrumb":{"@id":"https:\/\/www.twpl.com\/es\/comentarios-del-sitio-web\/#breadcrumb"},"inLanguage":"es","potentialAction":[{"@type":"ReadAction","target":["https:\/\/www.twpl.com\/es\/comentarios-del-sitio-web\/"]}]},{"@type":"ImageObject","inLanguage":"es","@id":"https:\/\/www.twpl.com\/es\/comentarios-del-sitio-web\/#primaryimage","url":"https:\/\/www.twpl.com\/wp-content\/uploads\/2021\/06\/SAMP-Guide.png","contentUrl":"https:\/\/www.twpl.com\/wp-content\/uploads\/2021\/06\/SAMP-Guide.png"},{"@type":"BreadcrumbList","@id":"https:\/\/www.twpl.com\/es\/comentarios-del-sitio-web\/#breadcrumb","itemListElement":[{"@type":"ListItem","position":1,"name":"Home","item":"https:\/\/www.twpl.com\/es\/"},{"@type":"ListItem","position":2,"name":"Comentarios del sitio web"}]},{"@type":"WebSite","@id":"https:\/\/www.twpl.com\/es\/#website","url":"https:\/\/www.twpl.com\/es\/","name":"TWPL","description":"Trusted Advisors for Asset Management Excellence","publisher":{"@id":"https:\/\/www.twpl.com\/es\/#organization"},"potentialAction":[{"@type":"SearchAction","target":{"@type":"EntryPoint","urlTemplate":"https:\/\/www.twpl.com\/es\/?s={search_term_string}"},"query-input":{"@type":"PropertyValueSpecification","valueRequired":true,"valueName":"search_term_string"}}],"inLanguage":"es"},{"@type":"Organization","@id":"https:\/\/www.twpl.com\/es\/#organization","name":"The Woodhouse Partnership Ltd","url":"https:\/\/www.twpl.com\/es\/","logo":{"@type":"ImageObject","inLanguage":"es","@id":"https:\/\/www.twpl.com\/es\/#\/schema\/logo\/image\/","url":"https:\/\/www.twpl.com\/wp-content\/uploads\/2021\/02\/Woodhouse-RSK-Logo.png","contentUrl":"https:\/\/www.twpl.com\/wp-content\/uploads\/2021\/02\/Woodhouse-RSK-Logo.png","width":350,"height":100,"caption":"The Woodhouse Partnership Ltd"},"image":{"@id":"https:\/\/www.twpl.com\/es\/#\/schema\/logo\/image\/"},"sameAs":["https:\/\/www.linkedin.com\/company\/the-woodhouse-partnership-limited\/?viewAsMember=true"]}]}},"ticketed":false,"_links":{"self":[{"href":"https:\/\/www.twpl.com\/es\/wp-json\/wp\/v2\/pages\/3790","targetHints":{"allow":["GET"]}}],"collection":[{"href":"https:\/\/www.twpl.com\/es\/wp-json\/wp\/v2\/pages"}],"about":[{"href":"https:\/\/www.twpl.com\/es\/wp-json\/wp\/v2\/types\/page"}],"author":[{"embeddable":true,"href":"https:\/\/www.twpl.com\/es\/wp-json\/wp\/v2\/users\/2"}],"replies":[{"embeddable":true,"href":"https:\/\/www.twpl.com\/es\/wp-json\/wp\/v2\/comments?post=3790"}],"version-history":[{"count":0,"href":"https:\/\/www.twpl.com\/es\/wp-json\/wp\/v2\/pages\/3790\/revisions"}],"wp:attachment":[{"href":"https:\/\/www.twpl.com\/es\/wp-json\/wp\/v2\/media?parent=3790"}],"curies":[{"name":"wp","href":"https:\/\/api.w.org\/{rel}","templated":true}]}}