{"id":3422,"date":"2021-06-21T11:46:29","date_gmt":"2021-06-21T10:46:29","guid":{"rendered":"https:\/\/twplguk.wpengine.com\/diferentes-puntos-de-partida-desafios-y-prioridades\/"},"modified":"2021-09-15T12:16:52","modified_gmt":"2021-09-15T11:16:52","slug":"diferentes-puntos-de-partida-desafios-y-prioridades","status":"publish","type":"page","link":"https:\/\/www.twpl.com\/es\/diferentes-puntos-de-partida-desafios-y-prioridades\/","title":{"rendered":"Diferentes puntos de partida, desaf\u00edos y prioridades"},"content":{"rendered":"<h1>Diferentes puntos de partida, desaf\u00edos y prioridades<\/h1>\n<p>Podemos proporcionar una valiosa combinaci\u00f3n de consulta, aprendizaje y herramientas pr\u00e1cticas en todos los niveles de su viaje de Gesti\u00f3n de Activos o el de su organizaci\u00f3n.<\/p>\n<h2>Ayud\u00e1ndole en cada paso del proceso de gesti\u00f3n de activos<\/h2>\n<p>\u00bfD\u00f3nde se encuentra en su viaje de gesti\u00f3n de activos? \u00bfTrabaja en silos departamentales con prioridades en competencia, conocimientos irregulares y riesgos desconocidos? \u00bfO ya est\u00e1 en el camino hacia el establecimiento de un enfoque conjunto, sistem\u00e1tico e integrado para la gesti\u00f3n de activos? \u00bfQuiz\u00e1s tiene un sistema establecido para la planificaci\u00f3n estrat\u00e9gica, etc., y est\u00e1 buscando d\u00f3nde enfocarse a continuaci\u00f3n?<\/p>\n<p>Para respaldar el viaje m\u00e1s amplio de la gesti\u00f3n de activos, hemos agrupado previamente la combinaci\u00f3n m\u00e1s valiosa de soporte, aprendizaje y herramientas pr\u00e1cticas que generalmente se necesitan en las diferentes etapas del viaje, ya sea que sea un individuo o una organizaci\u00f3n.<\/p>\n<h2>\u00bfNecesitas ayuda en &#8230;<\/h2>\n<p>\t\t\t\t\t\t\t\t\t\t\t\t\t\t\t<img loading=\"lazy\" decoding=\"async\" width=\"200\" height=\"71\" src=\"https:\/\/www.twpl.com\/wp-content\/uploads\/2021\/06\/Getting-started-mountain-200x71-1.png\" alt=\"\" loading=\"lazy\" \/>\t\t\t\t\t\t\t\t\t\t\t\t\t\t\t<\/p>\n<h3>Obtener <br \/>Empezado<\/h3>\n<ul>\n<li><strong>Aprendiendo<\/strong> conceptos b\u00e1sicos, pr\u00e1cticas y beneficios?<\/li>\n<li><strong>Planificaci\u00f3n<\/strong> \u00bfC\u00f3mo empezar y priorizar el camino a seguir?<\/li>\n<li><strong>Convincente<\/strong> patrocinadores y esc\u00e9pticos?<\/li>\n<\/ul>\n<p>\t\t\t<a href=\"#empezando\" role=\"button\"><br \/>\n\t\t\t\t\t\tSaber m\u00e1s<br \/>\n\t\t\t\t\t<\/a><br \/>\n\t\t\t\t\t\t\t\t\t\t\t\t\t\t\t<img loading=\"lazy\" decoding=\"async\" width=\"200\" height=\"71\" src=\"https:\/\/www.twpl.com\/wp-content\/uploads\/2021\/06\/Integratting-embedding-mountain-200x71-1.png\" alt=\"\" loading=\"lazy\" \/>\t\t\t\t\t\t\t\t\t\t\t\t\t\t\t<\/p>\n<h3>Integrando<br \/>E incrustaci\u00f3n<\/h3>\n<ul>\n<li style=\"text-align: left;\">Logrando un verdadero<strong> transformaci\u00f3n<\/strong> <\/li>\n<li style=\"text-align: left;\"><strong>Cambio de cultura<\/strong> : \u00bfestablecer los valores, comportamientos y h\u00e1bitos adecuados?<\/li>\n<li style=\"text-align: left;\"><strong>Realizaci\u00f3n de beneficios<\/strong> : \u00bfcuantificar y demostrar en n\u00fameros concretos?<\/li>\n<\/ul>\n<p>\t\t\t<a href=\"#Integrando\" role=\"button\"><br \/>\n\t\t\t\t\t\tSaber m\u00e1s<br \/>\n\t\t\t\t\t<\/a><br \/>\n\t\t\t\t\t\t\t\t\t\t\t\t\t\t\t<img loading=\"lazy\" decoding=\"async\" width=\"200\" height=\"71\" src=\"https:\/\/www.twpl.com\/wp-content\/uploads\/2021\/06\/Seeking-excellence-mountain-200x71-1.png\" alt=\"\" loading=\"lazy\" \/>\t\t\t\t\t\t\t\t\t\t\t\t\t\t\t<\/p>\n<h3>Buscando<br \/>Excelencia<\/h3>\n<ul>\n<li><strong>Establecer nuevos objetivos<\/strong> : \u00bfencontrar y adaptar las mejores pr\u00e1cticas aplicables?<\/li>\n<li><strong>Optimizaci\u00f3n real<\/strong> : \u00bfmuestra un valor de ciclo de vida \u00f3ptimo y totalmente cuantificado?<\/li>\n<li><strong>Innovaci\u00f3n<\/strong> : \u00bfabriendo nuevos caminos y mostrando lo que es posible?<\/li>\n<\/ul>\n<p>\t\t\t<a href=\"#buscando\" role=\"button\"><br \/>\n\t\t\t\t\t\tSaber m\u00e1s<br \/>\n\t\t\t\t\t<\/a><\/p>\n<h2>Empezando<\/h2>\n<p style=\"text-align: center;\">Nuestra gama de servicios y educaci\u00f3n Getting Started est\u00e1 orientada a establecer un punto de partida s\u00f3lido y una base s\u00f3lida para lograr la alineaci\u00f3n de la comprensi\u00f3n de los principios b\u00e1sicos, el lenguaje y los conceptos de gesti\u00f3n de activos.<\/p>\n<h5>Galardonado <br \/>Servicios de consultoria<\/h5>\n<p><a href=\"https:\/\/twplguk.wpengine.com\/corporate-development\/\">Madurez organizacional en la gesti\u00f3n de activos<\/a><\/p>\n<p><a href=\"https:\/\/twplguk.wpengine.com\/corporate-development\/assessments-audits-and-certifications\/\">An\u00e1lisis de brechas contra PAS55 \/ ISO55001<\/a><\/p>\n<p><a href=\"https:\/\/twplguk.wpengine.com\/corporate-development\/implementation-support\/\">Requisitos de competencia y desarrollo profesional<\/a><\/p>\n<p><a href=\"https:\/\/twplguk.wpengine.com\/nuestros-servicios\/servicios-de-consultoria\/evaluaciones-auditorias-y-certificaciones\/?lang=es\">An\u00e1lisis de brechas contra el marco de competencias de IAM<\/a><\/p>\n<h5>Gesti\u00f3n de activos <br \/>Educaci\u00f3n y formaci\u00f3n<\/h5>\n<p><a href=\"https:\/\/twplguk.wpengine.com\/nuestros-servicios\/servicios-de-consultoria\/evaluaciones-auditorias-y-certificaciones\/?lang=es\">Sesiones informativas ejecutivas con contexto organizacional<\/a><\/p>\n<p><a href=\"https:\/\/www.assetmanagementacademy.com\">Cursos de introducci\u00f3n a los conceptos iniciales respaldados por IAM<\/a><\/p>\n<p><a href=\"https:\/\/www.assetmanagementacademy.com\/\">Cursos y seminarios web flexibles en el aula virtual y eLearning<\/a><\/p>\n<ul>\n<li>Fundaci\u00f3n IAM <\/li>\n<li>Certificado IAM <\/li>\n<li>M\u00f3dulos individuales para un aprendizaje espec\u00edfico<\/li>\n<\/ul>\n<h5>Herramientas para la toma de decisiones<br \/>Y formaci\u00f3n en t\u00e9cnicas<\/h5>\n<p><a href=\"https:\/\/www.assetmanagementacademy.com\/\">Formaci\u00f3n avanzada en optimizaci\u00f3n de estrategias y toma de decisiones<\/a><\/p>\n<ul>\n<li>Estrategias de cierre y agrupaci\u00f3n de trabajo \u00f3ptima<\/li>\n<li>Estrategias de ciclo de vida<\/li>\n<li>StAMP (Planificaci\u00f3n estrat\u00e9gica de la gesti\u00f3n de activos)<\/li>\n<\/ul>\n<p><a href=\"https:\/\/twplguk.wpengine.com\/decision-making-optimization\/#SALVO\">SALVA<\/a> Capacitaci\u00f3n de superusuarios de proceso, f acilitadores y estado de certificaci\u00f3n de experto<\/p>\n<h2>Integraci\u00f3n e incrustaci\u00f3n<\/h2>\n<p style=\"text-align: center;\">Para personas y organizaciones con la responsabilidad de desarrollar estrategias y planes, o que dirijan y faciliten programas de mejora para apoyar el establecimiento de un sistema de gesti\u00f3n conjunto y eficaz para la gesti\u00f3n de activos. <\/p>\n<h5>Galardonado <br \/>Servicios de consultoria<\/h5>\n<p><a href=\"https:\/\/twplguk.wpengine.com\/corporate-development\/\">Desarrollo del sistema de gesti\u00f3n de activos corporativos<\/a><\/p>\n<p><a href=\"https:\/\/twplguk.wpengine.com\/corporate-development\/implementation-support\/\">Implementaci\u00f3n de ISO 55001<\/a><\/p>\n<p>Procesos de programas de transformaci\u00f3n corporativa, personas, tecnolog\u00eda<\/p>\n<h5>Gesti\u00f3n de activos <br \/>Educaci\u00f3n y formaci\u00f3n<\/h5>\n<p><a href=\"https:\/\/twplguk.wpengine.com\/corporate-development\/#coaching\">Coaching de gesti\u00f3n<\/a><\/p>\n<p>Cursos de calificaci\u00f3n de Diploma Endorsed IAM:<br \/>Conversi\u00f3n completa de 5 o 3 d\u00edas para aquellos con certificado<\/p>\n<p>Conjunto de Woodhouse de cursos de educaci\u00f3n especializados y especializados en gesti\u00f3n de activos, por ejemplo:<\/p>\n<ul>\n<li>Preparaci\u00f3n para ISO 55000<\/li>\n<li>Cuidado y renovaci\u00f3n de activos<\/li>\n<li>Aprendizaje mixto personalizado <\/li>\n<\/ul>\n<p>Opciones de grupo interactivo: el desaf\u00edo de la gesti\u00f3n de activos<\/p>\n<h5>Herramientas para la toma de decisiones<br \/>Y formaci\u00f3n en t\u00e9cnicas<\/h5>\n<p>Capacitaci\u00f3n en procesos de optimizaci\u00f3n de costos \/ riesgos \/ desempe\u00f1o<\/p>\n<ul>\n<li>Inversi\u00f3n de capital y propuestas de proyectos<\/li>\n<li>Estrategias de mantenimiento e inspecci\u00f3n<\/li>\n<li>Decisiones sobre repuestos, compras e inventario<\/li>\n<li>Renovaci\u00f3n de activos, obsolescencia y estrategias de extensi\u00f3n de vida.<\/li>\n<li>Costeo del ciclo de vida (LCC)<\/li>\n<\/ul>\n<h2>Buscando la excelencia<\/h2>\n<p style=\"text-align: center;\">A medida que trabajamos en la vanguardia de la investigaci\u00f3n, el desarrollo y el liderazgo intelectual, podemos ayudarlo a adaptarse a las nuevas tecnolog\u00edas, nuevas ideas y cambios en el contexto organizacional para garantizar que usted y su empresa tengan visi\u00f3n de futuro, sean \u00e1giles y puedan demostrar su din\u00e1mica. mejoramiento. <\/p>\n<h5>Galardonado <br \/>Servicios de consultoria<\/h5>\n<p>Ir m\u00e1s all\u00e1 de los requisitos de ISO 55000 a trav\u00e9s de procesos de mejora continua e identificar objetivos de excelencia espec\u00edficos del contexto<\/p>\n<h5>Gesti\u00f3n de activos <br \/>Educaci\u00f3n y formaci\u00f3n<\/h5>\n<p>Cursos de tutor\u00eda y a medida para l\u00edderes y campeones de gesti\u00f3n de activos<\/p>\n<p>Gestor de activos profesional<\/p>\n<h5>Herramientas para la toma de decisiones<br \/>Y formaci\u00f3n en t\u00e9cnicas<\/h5>\n<p>Formaci\u00f3n avanzada en optimizaci\u00f3n de estrategias y toma de decisiones<\/p>\n<ul>\n<li>Estrategias de cierre y agrupaci\u00f3n de trabajo \u00f3ptima<\/li>\n<li>Estrategias de ciclo de vida<\/li>\n<li><a href=\"https:\/\/twplguk.wpengine.com\/corporate-development\/strategic-planning\/\">Sello<\/a> (Planificaci\u00f3n estrat\u00e9gica de la gesti\u00f3n de activos)<\/li>\n<\/ul>\n<p><a href=\"https:\/\/twplguk.wpengine.com\/decision-making-optimization\/#SALVO\">SALVA<\/a> Capacitaci\u00f3n de superusuarios de proceso, f acilitadores y estado de certificaci\u00f3n de experto<\/p>\n<p>\t\t\t\t\t\t\t\t\t\t\t\t\t\t\t\t<a href=\"https:\/\/twplguk.wpengine.com\/resources\/#shop\"><br \/>\n\t\t\t\t\t\t\t<img loading=\"lazy\" decoding=\"async\" width=\"300\" height=\"261\" src=\"https:\/\/www.twpl.com\/wp-content\/uploads\/2021\/06\/TWPL_AMA_Logo_Stacked_NEW_v3-300x261.png\" alt=\"\" loading=\"lazy\" srcset=\"https:\/\/www.twpl.com\/wp-content\/uploads\/2021\/06\/TWPL_AMA_Logo_Stacked_NEW_v3-300x261.png 300w, https:\/\/twplguk.wpengine.com\/wp-content\/uploads\/2021\/06\/TWPL_AMA_Logo_Stacked_NEW_v3-1024x889.png 1024w, https:\/\/twplguk.wpengine.com\/wp-content\/uploads\/2021\/06\/TWPL_AMA_Logo_Stacked_NEW_v3-768x667.png 768w, https:\/\/twplguk.wpengine.com\/wp-content\/uploads\/2021\/06\/TWPL_AMA_Logo_Stacked_NEW_v3-1536x1334.png 1536w, https:\/\/twplguk.wpengine.com\/wp-content\/uploads\/2021\/06\/TWPL_AMA_Logo_Stacked_NEW_v3-2048x1779.png 2048w, https:\/\/twplguk.wpengine.com\/wp-content\/uploads\/2021\/06\/TWPL_AMA_Logo_Stacked_NEW_v3-600x521.png 600w\" sizes=\"auto, (max-width: 300px) 100vw, 300px\" \/>\t\t\t\t\t\t\t\t<\/a><\/p>\n<p style=\"text-align: center;\">El viaje de Woodhouse Asset Management no tiene fin <br \/>&#8211; es uno de continuo inter\u00e9s, entusiasmo, desaf\u00edos y oportunidades.<\/p>\n<h2>El aprendizaje permanente<\/h2>\n<p>Woodhouse ha estado trabajando con muchas organizaciones durante 10, 15 o 20 a\u00f1os en un rol continuo de &#8216;asesor de confianza&#8217;, ampliando constantemente los l\u00edmites de lo que es posible y transfiriendo el aprendizaje a diferentes sectores de la industria. Dir\u00edgete a Woodhouse Academy para obtener m\u00e1s informaci\u00f3n.<\/p>\n<p>\t\t\t<a href=\"https:\/\/twplguk.wpengine.com\/resources\/#shop\" target=\"_blank\" role=\"button\" rel=\"noopener\"><br \/>\n\t\t\t\t\t\tSaber m\u00e1s<br \/>\n\t\t\t\t\t<\/a><\/p>\n<h2>Lo que nuestros clientes tienen que decir<\/h2>\n<p>\t\t\t\t\t\t\t\t\t\t\t\t\t\t\t<img loading=\"lazy\" decoding=\"async\" width=\"200\" height=\"80\" src=\"https:\/\/www.twpl.com\/wp-content\/uploads\/2021\/05\/NI-electricity-Works-200x80-1.jpg\" alt=\"\" loading=\"lazy\" \/>\t\t\t\t\t\t\t\t\t\t\t\t\t\t\t<\/p>\n<p>Hemos estado utilizando el proceso SALVO y el software DST de apoyo para actualizar y mejorar las estrategias de mantenimiento de nuestros activos de red el\u00e9ctrica. Elegimos DST y el proceso SALVO porque pueden integrarse con nuestros procesos comerciales existentes. Estas caracter\u00edsticas, adem\u00e1s de contar con expertos calificados y conocedores que nos gu\u00edan a trav\u00e9s de las etapas de implementaci\u00f3n, han demostrado ser una combinaci\u00f3n ganadora en nuestra toma de decisiones \u201d.<\/p>\n<p>\t\t\t\t\t\t\t\t\t\t\t\t\t\tSam Gibson<br \/>\n\t\t\t\t\t\t\t\t\t\t\t\t\t\t\t\t\t\t\t\t\t\tDirector de estrategia de inversi\u00f3n (estaciones), redes el\u00e9ctricas de Irlanda del Norte<\/p>\n<h4>Herramientas de apoyo a la toma de decisiones<\/h4>\n<p>Decision Support Tools Ltd desarrolla, respalda y personaliza las mejores herramientas, procesos y capacitaci\u00f3n para el soporte de decisiones de gesti\u00f3n de activos en m\u00e1s de 40 \u00e1reas de resoluci\u00f3n de problemas t\u00edpicos.<\/p>\n<p>\t\t\t<a href=\"https:\/\/twplguk.wpengine.com\/nuestros-servicios\/herramientas-de-optimizacion-de-valor-y-toma-de-decisiones\/?lang=es\" role=\"button\"><br \/>\n\t\t\t\t\t\tSaber m\u00e1s<br \/>\n\t\t\t\t\t<\/a><\/p>\n<h4>Gu\u00eda SAMP<\/h4>\n<p>Consejos pr\u00e1cticos para el desarrollo de un<strong> Plan estrat\u00e9gico de gesti\u00f3n de activos<\/strong> . El SAMP es una herramienta de planificaci\u00f3n para aclarar intenciones, prioridades y pr\u00e1cticas que se adoptar\u00e1n. <\/p>\n<p>\t\t\t<a href=\"https:\/\/twplguk.wpengine.com\/nuestros-servicios\/herramientas-de-optimizacion-de-valor-y-toma-de-decisiones\/?lang=es#shop\" role=\"button\"><br \/>\n\t\t\t\t\t\tSaber m\u00e1s<br \/>\n\t\t\t\t\t<\/a><\/p>\n<h4>Soporte de implementaci\u00f3n<\/h4>\n<p>Woodhouse ofrece una amplia experiencia de primera mano y multidisciplinar en la uni\u00f3n de las piezas y la construcci\u00f3n de un camino a seguir s\u00f3lido, coordinado y personalizado.<\/p>\n<p>\t\t\t<a href=\"https:\/\/twplguk.wpengine.com\/nuestros-servicios\/servicios-de-consultoria\/soporte-de-implementacion\/?lang=es\" role=\"button\"><br \/>\n\t\t\t\t\t\tSaber m\u00e1s<br \/>\n\t\t\t\t\t<\/a><\/p>\n<h3>\u00bfNecesitas ayuda o consejo? Ponte en contacto con nuestro galardonado equipo <\/h3>\n<p>\t\t\t<a href=\"https:\/\/twplguk.wpengine.com\/contactenos\/?lang=es\" role=\"button\"><br \/>\n\t\t\t\t\t\tCont\u00e1ctenos<br \/>\n\t\t\t\t\t<\/a><\/p>\n","protected":false},"excerpt":{"rendered":"<p>Diferentes puntos de partida, desaf\u00edos y prioridades Podemos proporcionar una valiosa combinaci\u00f3n de consulta, aprendizaje y herramientas pr\u00e1cticas en todos los niveles de su viaje de Gesti\u00f3n de Activos o [&hellip;]<\/p>\n","protected":false},"author":2,"featured_media":0,"parent":0,"menu_order":0,"comment_status":"closed","ping_status":"closed","template":"elementor_header_footer","meta":{"_acf_changed":false,"om_disable_all_campaigns":false,"_price":"","_stock":"","_tribe_ticket_header":"","_tribe_default_ticket_provider":"","_tribe_ticket_capacity":"0","_ticket_start_date":"","_ticket_end_date":"","_tribe_ticket_show_description":"","_tribe_ticket_show_not_going":false,"_tribe_ticket_use_global_stock":"","_tribe_ticket_global_stock_level":"","_global_stock_mode":"","_global_stock_cap":"","_tribe_rsvp_for_event":"","_tribe_ticket_going_count":"","_tribe_ticket_not_going_count":"","_tribe_tickets_list":"[]","_tribe_ticket_has_attendee_info_fields":false,"footnotes":"","_tec_slr_enabled":"","_tec_slr_layout":""},"class_list":["post-3422","page","type-page","status-publish","hentry"],"acf":[],"yoast_head":"<!-- This site is optimized with the Yoast SEO Premium plugin v27.2 (Yoast SEO v27.2) - https:\/\/yoast.com\/product\/yoast-seo-premium-wordpress\/ -->\n<title>Diferentes puntos de partida, desaf\u00edos y prioridades - TWPL<\/title>\n<meta name=\"robots\" content=\"index, follow, max-snippet:-1, max-image-preview:large, max-video-preview:-1\" \/>\n<link rel=\"canonical\" href=\"https:\/\/www.twpl.com\/es\/diferentes-puntos-de-partida-desafios-y-prioridades\/\" \/>\n<meta property=\"og:locale\" content=\"es_ES\" \/>\n<meta property=\"og:type\" content=\"article\" \/>\n<meta property=\"og:title\" content=\"Diferentes puntos de partida, desaf\u00edos y prioridades\" \/>\n<meta property=\"og:description\" content=\"Diferentes puntos de partida, desaf\u00edos y prioridades Podemos proporcionar una valiosa combinaci\u00f3n de consulta, aprendizaje y herramientas pr\u00e1cticas en todos los niveles de su viaje de Gesti\u00f3n de Activos o [&hellip;]\" \/>\n<meta property=\"og:url\" content=\"https:\/\/www.twpl.com\/es\/diferentes-puntos-de-partida-desafios-y-prioridades\/\" \/>\n<meta property=\"og:site_name\" content=\"TWPL\" \/>\n<meta property=\"article:modified_time\" content=\"2021-09-15T11:16:52+00:00\" \/>\n<meta property=\"og:image\" content=\"https:\/\/twplguk.wpengine.com\/wp-content\/uploads\/2021\/06\/Getting-started-mountain-200x71-1.png\" \/>\n<meta name=\"twitter:card\" content=\"summary_large_image\" \/>\n<meta name=\"twitter:label1\" content=\"Est. reading time\" \/>\n\t<meta name=\"twitter:data1\" content=\"6 minutos\" \/>\n<script type=\"application\/ld+json\" class=\"yoast-schema-graph\">{\"@context\":\"https:\/\/schema.org\",\"@graph\":[{\"@type\":\"WebPage\",\"@id\":\"https:\/\/www.twpl.com\/es\/diferentes-puntos-de-partida-desafios-y-prioridades\/\",\"url\":\"https:\/\/www.twpl.com\/es\/diferentes-puntos-de-partida-desafios-y-prioridades\/\",\"name\":\"Diferentes puntos de partida, desaf\u00edos y prioridades - TWPL\",\"isPartOf\":{\"@id\":\"https:\/\/www.twpl.com\/es\/#website\"},\"primaryImageOfPage\":{\"@id\":\"https:\/\/www.twpl.com\/es\/diferentes-puntos-de-partida-desafios-y-prioridades\/#primaryimage\"},\"image\":{\"@id\":\"https:\/\/www.twpl.com\/es\/diferentes-puntos-de-partida-desafios-y-prioridades\/#primaryimage\"},\"thumbnailUrl\":\"https:\/\/www.twpl.com\/wp-content\/uploads\/2021\/06\/Getting-started-mountain-200x71-1.png\",\"datePublished\":\"2021-06-21T10:46:29+00:00\",\"dateModified\":\"2021-09-15T11:16:52+00:00\",\"breadcrumb\":{\"@id\":\"https:\/\/www.twpl.com\/es\/diferentes-puntos-de-partida-desafios-y-prioridades\/#breadcrumb\"},\"inLanguage\":\"es\",\"potentialAction\":[{\"@type\":\"ReadAction\",\"target\":[\"https:\/\/www.twpl.com\/es\/diferentes-puntos-de-partida-desafios-y-prioridades\/\"]}]},{\"@type\":\"ImageObject\",\"inLanguage\":\"es\",\"@id\":\"https:\/\/www.twpl.com\/es\/diferentes-puntos-de-partida-desafios-y-prioridades\/#primaryimage\",\"url\":\"https:\/\/www.twpl.com\/wp-content\/uploads\/2021\/06\/Getting-started-mountain-200x71-1.png\",\"contentUrl\":\"https:\/\/www.twpl.com\/wp-content\/uploads\/2021\/06\/Getting-started-mountain-200x71-1.png\"},{\"@type\":\"BreadcrumbList\",\"@id\":\"https:\/\/www.twpl.com\/es\/diferentes-puntos-de-partida-desafios-y-prioridades\/#breadcrumb\",\"itemListElement\":[{\"@type\":\"ListItem\",\"position\":1,\"name\":\"Home\",\"item\":\"https:\/\/www.twpl.com\/es\/\"},{\"@type\":\"ListItem\",\"position\":2,\"name\":\"Diferentes puntos de partida, desaf\u00edos y prioridades\"}]},{\"@type\":\"WebSite\",\"@id\":\"https:\/\/www.twpl.com\/es\/#website\",\"url\":\"https:\/\/www.twpl.com\/es\/\",\"name\":\"TWPL\",\"description\":\"Trusted Advisors for Asset Management Excellence\",\"publisher\":{\"@id\":\"https:\/\/www.twpl.com\/es\/#organization\"},\"potentialAction\":[{\"@type\":\"SearchAction\",\"target\":{\"@type\":\"EntryPoint\",\"urlTemplate\":\"https:\/\/www.twpl.com\/es\/?s={search_term_string}\"},\"query-input\":{\"@type\":\"PropertyValueSpecification\",\"valueRequired\":true,\"valueName\":\"search_term_string\"}}],\"inLanguage\":\"es\"},{\"@type\":\"Organization\",\"@id\":\"https:\/\/www.twpl.com\/es\/#organization\",\"name\":\"The Woodhouse Partnership Ltd\",\"url\":\"https:\/\/www.twpl.com\/es\/\",\"logo\":{\"@type\":\"ImageObject\",\"inLanguage\":\"es\",\"@id\":\"https:\/\/www.twpl.com\/es\/#\/schema\/logo\/image\/\",\"url\":\"https:\/\/www.twpl.com\/wp-content\/uploads\/2021\/02\/Woodhouse-RSK-Logo.png\",\"contentUrl\":\"https:\/\/www.twpl.com\/wp-content\/uploads\/2021\/02\/Woodhouse-RSK-Logo.png\",\"width\":350,\"height\":100,\"caption\":\"The Woodhouse Partnership Ltd\"},\"image\":{\"@id\":\"https:\/\/www.twpl.com\/es\/#\/schema\/logo\/image\/\"},\"sameAs\":[\"https:\/\/www.linkedin.com\/company\/the-woodhouse-partnership-limited\/?viewAsMember=true\"]}]}<\/script>\n<!-- \/ Yoast SEO Premium plugin. -->","yoast_head_json":{"title":"Diferentes puntos de partida, desaf\u00edos y prioridades - TWPL","robots":{"index":"index","follow":"follow","max-snippet":"max-snippet:-1","max-image-preview":"max-image-preview:large","max-video-preview":"max-video-preview:-1"},"canonical":"https:\/\/www.twpl.com\/es\/diferentes-puntos-de-partida-desafios-y-prioridades\/","og_locale":"es_ES","og_type":"article","og_title":"Diferentes puntos de partida, desaf\u00edos y prioridades","og_description":"Diferentes puntos de partida, desaf\u00edos y prioridades Podemos proporcionar una valiosa combinaci\u00f3n de consulta, aprendizaje y herramientas pr\u00e1cticas en todos los niveles de su viaje de Gesti\u00f3n de Activos o [&hellip;]","og_url":"https:\/\/www.twpl.com\/es\/diferentes-puntos-de-partida-desafios-y-prioridades\/","og_site_name":"TWPL","article_modified_time":"2021-09-15T11:16:52+00:00","og_image":[{"url":"https:\/\/twplguk.wpengine.com\/wp-content\/uploads\/2021\/06\/Getting-started-mountain-200x71-1.png","type":"","width":"","height":""}],"twitter_card":"summary_large_image","twitter_misc":{"Est. reading time":"6 minutos"},"schema":{"@context":"https:\/\/schema.org","@graph":[{"@type":"WebPage","@id":"https:\/\/www.twpl.com\/es\/diferentes-puntos-de-partida-desafios-y-prioridades\/","url":"https:\/\/www.twpl.com\/es\/diferentes-puntos-de-partida-desafios-y-prioridades\/","name":"Diferentes puntos de partida, desaf\u00edos y prioridades - TWPL","isPartOf":{"@id":"https:\/\/www.twpl.com\/es\/#website"},"primaryImageOfPage":{"@id":"https:\/\/www.twpl.com\/es\/diferentes-puntos-de-partida-desafios-y-prioridades\/#primaryimage"},"image":{"@id":"https:\/\/www.twpl.com\/es\/diferentes-puntos-de-partida-desafios-y-prioridades\/#primaryimage"},"thumbnailUrl":"https:\/\/www.twpl.com\/wp-content\/uploads\/2021\/06\/Getting-started-mountain-200x71-1.png","datePublished":"2021-06-21T10:46:29+00:00","dateModified":"2021-09-15T11:16:52+00:00","breadcrumb":{"@id":"https:\/\/www.twpl.com\/es\/diferentes-puntos-de-partida-desafios-y-prioridades\/#breadcrumb"},"inLanguage":"es","potentialAction":[{"@type":"ReadAction","target":["https:\/\/www.twpl.com\/es\/diferentes-puntos-de-partida-desafios-y-prioridades\/"]}]},{"@type":"ImageObject","inLanguage":"es","@id":"https:\/\/www.twpl.com\/es\/diferentes-puntos-de-partida-desafios-y-prioridades\/#primaryimage","url":"https:\/\/www.twpl.com\/wp-content\/uploads\/2021\/06\/Getting-started-mountain-200x71-1.png","contentUrl":"https:\/\/www.twpl.com\/wp-content\/uploads\/2021\/06\/Getting-started-mountain-200x71-1.png"},{"@type":"BreadcrumbList","@id":"https:\/\/www.twpl.com\/es\/diferentes-puntos-de-partida-desafios-y-prioridades\/#breadcrumb","itemListElement":[{"@type":"ListItem","position":1,"name":"Home","item":"https:\/\/www.twpl.com\/es\/"},{"@type":"ListItem","position":2,"name":"Diferentes puntos de partida, desaf\u00edos y prioridades"}]},{"@type":"WebSite","@id":"https:\/\/www.twpl.com\/es\/#website","url":"https:\/\/www.twpl.com\/es\/","name":"TWPL","description":"Trusted Advisors for Asset Management Excellence","publisher":{"@id":"https:\/\/www.twpl.com\/es\/#organization"},"potentialAction":[{"@type":"SearchAction","target":{"@type":"EntryPoint","urlTemplate":"https:\/\/www.twpl.com\/es\/?s={search_term_string}"},"query-input":{"@type":"PropertyValueSpecification","valueRequired":true,"valueName":"search_term_string"}}],"inLanguage":"es"},{"@type":"Organization","@id":"https:\/\/www.twpl.com\/es\/#organization","name":"The Woodhouse Partnership Ltd","url":"https:\/\/www.twpl.com\/es\/","logo":{"@type":"ImageObject","inLanguage":"es","@id":"https:\/\/www.twpl.com\/es\/#\/schema\/logo\/image\/","url":"https:\/\/www.twpl.com\/wp-content\/uploads\/2021\/02\/Woodhouse-RSK-Logo.png","contentUrl":"https:\/\/www.twpl.com\/wp-content\/uploads\/2021\/02\/Woodhouse-RSK-Logo.png","width":350,"height":100,"caption":"The Woodhouse Partnership Ltd"},"image":{"@id":"https:\/\/www.twpl.com\/es\/#\/schema\/logo\/image\/"},"sameAs":["https:\/\/www.linkedin.com\/company\/the-woodhouse-partnership-limited\/?viewAsMember=true"]}]}},"ticketed":false,"_links":{"self":[{"href":"https:\/\/www.twpl.com\/es\/wp-json\/wp\/v2\/pages\/3422","targetHints":{"allow":["GET"]}}],"collection":[{"href":"https:\/\/www.twpl.com\/es\/wp-json\/wp\/v2\/pages"}],"about":[{"href":"https:\/\/www.twpl.com\/es\/wp-json\/wp\/v2\/types\/page"}],"author":[{"embeddable":true,"href":"https:\/\/www.twpl.com\/es\/wp-json\/wp\/v2\/users\/2"}],"replies":[{"embeddable":true,"href":"https:\/\/www.twpl.com\/es\/wp-json\/wp\/v2\/comments?post=3422"}],"version-history":[{"count":0,"href":"https:\/\/www.twpl.com\/es\/wp-json\/wp\/v2\/pages\/3422\/revisions"}],"wp:attachment":[{"href":"https:\/\/www.twpl.com\/es\/wp-json\/wp\/v2\/media?parent=3422"}],"curies":[{"name":"wp","href":"https:\/\/api.w.org\/{rel}","templated":true}]}}